{"id":668,"date":"2019-03-16T22:14:06","date_gmt":"2019-03-16T22:14:06","guid":{"rendered":"https:\/\/viajes.travelatin.com\/rumbos-peru\/rumbo-a-machu-picchu\/"},"modified":"2019-03-16T22:14:06","modified_gmt":"2019-03-16T22:14:06","slug":"rumbo-a-machu-picchu","status":"publish","type":"page","link":"https:\/\/viajes.travelatin.com\/en\/rumbos-peru\/rumbo-a-machu-picchu\/","title":{"rendered":"Machu Picchu"},"content":{"rendered":"\n  <div id=\"page-header-165964742\" class=\"page-header-wrapper\">\n  <div class=\"page-title dark featured-title\">\n\n    \n    <div class=\"page-title-inner container align-center flex-row medium-flex-wrap\" >\n              <div class=\"title-wrapper flex-col text-left medium-text-center\">\n          <h1 class=\"entry-title mb-0\">\n            Machu Picchu          <\/h1>\n        <\/div>\n                    <div class=\"title-content flex-col flex-right text-right medium-text-center\">\n        <div class=\"title-breadcrumbs pb-half pt-half\"><nav class=\"woocommerce-breadcrumb breadcrumbs uppercase\">Home<\/nav><\/div>      <\/div>\n    <\/div>\n\n       <\/div>\n    <\/div>\n  \n\n\n\n<ol>\n<li><a href=\"http:\/\/www.travelatin.com\/destinations-perou-machu-picchu#le-machu-picchu\">Le Machu Picchu<\/a><\/li>\n<li><a href=\"http:\/\/www.travelatin.com\/destinations-perou-machu-picchu#son-histoire-du-machu-picchu\">Son histoire<\/a><\/li>\n<li><a href=\"http:\/\/www.travelatin.com\/destinations-perou-machu-picchu#a-voir-au-machu-picchu\">A voir au Machu Picchu<\/a><\/li>\n<li><a href=\"http:\/\/www.travelatin.com\/destinations-perou-machu-picchu#moyen-d-acces\">Moyen d\u2019acc\u00e8s<\/a><\/li>\n<\/ol>\n<p><strong>Le Machu Picchu<\/strong><\/p>\n\n<p>Situ\u00e9e \u00e0 110 kilom\u00e8tres de Cusco, la petite ville d\u2019Aguas Calientes a l&#8217;honneur d&#8217;offrir aux visiteurs une des plus belles merveilles du monde : le Sanctuaire du Machu Picchu. En outre, ce village offre, comme son nom l&#8217;indique, des bains thermaux dont la temp\u00e9rature avoisine les 42 degr\u00e9s. Ces bains poss\u00e8dent des propri\u00e9t\u00e9s telles que le traitement des rhumatismes et des maladies des reins et des articulations. Le seul moyen d&#8217;acc\u00e8s \u00e0 Aguas Calientes est la ligne ferroviaire. Le trajet en train est de presque quatre heures pour relier Cusco \u00e0 Aguas Calientes.<br>Pour visiter ensuite le Machupicchu depuis le village d\u2019Aguas Calientes, le moyen de transport utilis\u00e9 est le bus. Aujourd&#8217;hui, le village d\u2019 Aguas Calientes dispose d\u2019h\u00f4tels touristiques, de restaurants, et de bars qui accueillent des milliers de touristes par an.<\/p>\n\n<p><strong>Son histoire du Machu Picchu<\/strong><\/p>\n\n<p>Le 24 juillet 1911, au P\u00e9rou, l&#8217;explorateur am\u00e9ricain Hiram Bingham arrive au sommet d&#8217;une montagne, apr\u00e8s une longue marche, accompagn\u00e9 d&#8217;un officier p\u00e9ruvien et d&#8217;un jeune habitant de la r\u00e9gion. Ils tentent de se frayer un chemin \u00e0 travers la for\u00eat vierge. Quand soudain, ils se retrouvent face aux murs de maisons en ruines construites gr\u00e2ce \u00e0 un travail de pierres tr\u00e8s minutieux fait par les Incas.<\/p>\n\n<p>Les photos des ruines impressionnent le monde entier qui tombe sous le charme du site. Un mythe est n\u00e9, celui du sanctuaire inca du Machu Picchu (qui signifie la &#8220;vieille montagne&#8221; en quechua).<br>Perch\u00e9 \u00e0 2 400 m\u00e8tres d&#8217;altitude sur le haut d&#8217;une colline surplombant la vall\u00e9e sacr\u00e9e de l&#8217;Urubamba, \u00e0 120 kilom\u00e8tres de Cusco, au sud-est du P\u00e9rou, le Machu Picchu captive par le spectacle presque irr\u00e9el de cette citadelle, si bien organis\u00e9e qu&#8217;elle para\u00eet pos\u00e9e au pied du majestueux mont Huayna Picchu.<br>Le parfait \u00e9tat de la cit\u00e9 qui s&#8217;\u00e9tend sur dix hectares intrigue. Les scientifiques s&#8217;extasient encore de l&#8217;agencement des \u00e9normes blocs qui constituent les fameux murs incas.<br>Qui l&#8217;a construit ? A quoi servait-il ? Hiram Bingham a longtemps r\u00e9p\u00e9t\u00e9 que la citadelle avait \u00e9t\u00e9 le &#8220;berceau de la civilisation inca&#8221; puis le &#8220;dernier refuge inca&#8221;. Des affirmations r\u00e9fut\u00e9es par la suite.<br>On lit souvent que le lieu \u00e9tait habit\u00e9 par les Vierges du Soleil, ces femmes s\u00e9lectionn\u00e9es pour tricoter des v\u00eatements pour leur mari (le Dieu soleil). D&#8217;autres hypoth\u00e8ses circulent toujours mais la plus r\u00e9pandue est celle de Richard Burger. Le Machu Picchu aurait \u00e9t\u00e9 un site de repos pour l&#8217;Empereur, sa famille et ses invit\u00e9s, afin d&#8217;\u00e9chapper aux pressions politiques de Cusco. Le sanctuaire aurait \u00e9t\u00e9 construit aux alentours de 1450 par les hommes de Pachacutec, qui r\u00e9gna de 1438-1471 et qui, \u00e0 force de conqu\u00eates, a form\u00e9 l&#8217;Empire. M. Burger estime que ce palais aurait abrit\u00e9 entre 500 et 600 personnes.<br>D\u00e8s lors, pourquoi le site aurait-il \u00e9t\u00e9 laiss\u00e9 \u00e0 l&#8217;abandon \u00e0 l&#8217;arriv\u00e9e des Espagnols au XVIe si\u00e8cle ? Nous supposons que les gens qui \u00e9taient sur place faisaient partie soit de l&#8217;\u00e9lite inca qui devait retourner \u00e0 Cusco soit des serviteurs de la famille qui aspiraient \u00e0 rentrer chez eux.<\/p>\n\n<p><strong>A voir au Machu Picchu<\/strong><\/p>\n\n<p>Tous les circuits que nous proposons vous permettront de d\u00e9couvrir le Machu Picchu.<\/p>\n\n<p>Vous serez impressionn\u00e9s par les charmes que compte la citadelle parmi lesquels vous visiterez:<br>Le Secteur Agricole : Il est entour\u00e9 par une succession de terrasses de diff\u00e9rents types et de diverses dimensions qui remplissaient deux fonctions principales : la culture et la retenue des \u00e9rosions produites par les pluies.<br>Le Secteur Urbain : Il h\u00e9berge les plus grands \u00e9l\u00e9ments architecturaux de la cit\u00e9. On peut y observer le talent, les soins et la qualit\u00e9 des constructeurs pr\u00e9hispaniques puisqu&#8217;il est compos\u00e9 dans sa totalit\u00e9 de granit, roche assez dure et tr\u00e8s diff\u00e9rente de celle utilis\u00e9 \u00e0 Cusco.<br>Le Cimeti\u00e8re Sup\u00e9rieur : Il \u00e9tait destin\u00e9 aux pr\u00eatres et aux nobles. Pr\u00e8s des tombes se trouvent des niches sacr\u00e9es o\u00f9 on rendait des cultes aux morts.<br>Le Temple du Soleil : Construction semi-circulaire sur une roche massive. Dans ce b\u00e2timent se trouvent deux fen\u00eatres trap\u00e9zo\u00efdales qui, selon les chroniqueurs, \u00e0 l&#8217;\u00e9poque o\u00f9 il \u00e9tait habit\u00e9, avaient des incrustations de pierres pr\u00e9cieuses et d\u00b4or.<br>El Intiwatana : Il se trouve sur une colline form\u00e9e de plusieurs terrasses et plates-formes, o\u00f9 l\u00b4on arrive apr\u00e8s avoir mont\u00e9 78 marches finement fa\u00e7onn\u00e9es. L\u2019Intiwatana remplissait deux fonctions : la mesure du temps (solstice et \u00e9quinoxe) d\u00b4apr\u00e8s les effets d&#8217;ombre et de lumi\u00e8re et il servait aussi comme autel religieux.<br>Le Temple Principal : Il se situe au nord de la Place Sacr\u00e9e, tout pr\u00e8s du Temple aux Trois Fen\u00eatres.<br>Les Places : Elles sont au nombre de quatre et dispos\u00e9es \u00e0 diff\u00e9rents niveaux. Elles pr\u00e9sentent des formes rectangulaires de style inca classique et communiquent entre elles par des marches encastr\u00e9es dans les terrasses.<br>Huaynapicchu : C\u00b4est le nom de la jeune montagne qui fait face au Machu Picchu. On y acc\u00e8de par un chemin difficile et on y d\u00e9couvre de petits temples. De l\u00e0, la vue sur toute la citadelle est impressionnante.<br>Retrouvez notre blog : http:\/\/www.travelatin.com\/blog\/votre-voyage-au-perou-le-huayna-picchu-ou-la-montagne-du-machu-picchu\/<\/p>\n\n<p>D&#8217;autres surprises vous attendent : le Groupe de la Roche Sacr\u00e9e, les Portes, les Sources et le Mausol\u00e9e ou Tombe.<\/p>\n\n<p><strong>Moyen d\u2019acc\u00e8s<\/strong><\/p>\n\n<p>Par train : Il existe un train, partant de Cusco (gare de Poroy) et allant jusqu&#8217;\u00e0 Aguas Calientes (4h de train \u2013 plusieurs d\u00e9part et retour par jour).<br>Vous pouvez aussi prendre le train dans le village d&#8217;Ollantaytambo, pares une visite de la Vall\u00e9e Sacr\u00e9e la journ\u00e9e par exemple (2h de train \u2013 plusieurs d\u00e9part et retour par jour).<\/p>\n\n<p><strong>Le train de luxe : le Hiram Bingham<\/strong><br>Dans un style rappelant l&#8217;Orient Express, il permet un voyage spectaculaire et confortable. Placez-vous si possible pr\u00e8s de la fen\u00eatre pour admirer les paysages sublimes qui d\u00e9fileront tout au long du voyage.<br>Le d\u00e9part se fait de la station de Poroy (\u00e0 environ 20 minutes de Cusco) tous les matins. Le trajet comprend un petit d\u00e9jeuner et des explications des guides.<br>Le retour se fait en fin d\u2019apr\u00e8s-midi et des cocktails sont servis, ainsi qu&#8217;un d\u00eener. L&#8217;\u00e9quipe s&#8217;occupe aussi des divertissements.<\/p>\n\n<p>A pied par le chemin de l&#8217;inca :<br>Sentier de randonn\u00e9e mythique, il passe par de nombreux site incas, et se termine en beaut\u00e9 au Machu Picchu.<br>Malheureusement, cette superbe randonn\u00e9 est victime de son succ\u00e8s.<br>Aujourd&#8217;hui, il est impossible d&#8217;effectuer cette randonn\u00e9e seul, il faut obligatoirement se greffer \u00e0 un groupe, accompagn\u00e9 par un guide agr\u00e9\u00e9. Ayant un nombre d&#8217;acc\u00e8s limit\u00e9, les r\u00e9servations se font plusieurs mois \u00e0 l&#8217;avance.<br>La randonn\u00e9e dure 4 jours et 3 nuits.<\/p>\n","protected":false},"excerpt":{"rendered":"<p>Le Machu Picchu Son histoire A voir au Machu Picchu Moyen d\u2019acc\u00e8s Le Machu Picchu Situ\u00e9e \u00e0 110 kilom\u00e8tres de Cusco, la petite ville d\u2019Aguas Calientes a l&#8217;honneur d&#8217;offrir aux visiteurs une des plus belles merveilles du monde : le Sanctuaire du Machu Picchu. En outre, ce village offre, comme son nom l&#8217;indique, des bains [&#8230;]\n","protected":false},"author":1,"featured_media":0,"parent":666,"menu_order":0,"comment_status":"closed","ping_status":"closed","template":"","meta":{"footnotes":""},"class_list":["post-668","page","type-page","status-publish","hentry"],"yoast_head":"<!-- This site is optimized with the Yoast SEO plugin v23.1 - https:\/\/yoast.com\/wordpress\/plugins\/seo\/ -->\n<title>Machu Picchu - Shop Travelatin<\/title>\n<meta name=\"robots\" content=\"index, follow, max-snippet:-1, max-image-preview:large, max-video-preview:-1\" \/>\n<link rel=\"canonical\" href=\"https:\/\/viajes.travelatin.com\/en\/rumbos-peru\/rumbo-a-machu-picchu\/\" \/>\n<meta property=\"og:locale\" content=\"en_US\" \/>\n<meta property=\"og:type\" content=\"article\" \/>\n<meta property=\"og:title\" content=\"Machu Picchu - Shop Travelatin\" \/>\n<meta property=\"og:description\" content=\"Le Machu Picchu Son histoire A voir au Machu Picchu Moyen d\u2019acc\u00e8s Le Machu Picchu Situ\u00e9e \u00e0 110 kilom\u00e8tres de Cusco, la petite ville d\u2019Aguas Calientes a l&#8217;honneur d&#8217;offrir aux visiteurs une des plus belles merveilles du monde : le Sanctuaire du Machu Picchu. En outre, ce village offre, comme son nom l&#8217;indique, des bains [...]\" \/>\n<meta property=\"og:url\" content=\"https:\/\/viajes.travelatin.com\/en\/rumbos-peru\/rumbo-a-machu-picchu\/\" \/>\n<meta property=\"og:site_name\" content=\"Shop Travelatin\" \/>\n<meta name=\"twitter:card\" content=\"summary_large_image\" \/>\n<meta name=\"twitter:label1\" content=\"Est. reading time\" \/>\n\t<meta name=\"twitter:data1\" content=\"6 minutes\" \/>\n<script type=\"application\/ld+json\" class=\"yoast-schema-graph\">{\"@context\":\"https:\/\/schema.org\",\"@graph\":[{\"@type\":\"WebPage\",\"@id\":\"https:\/\/viajes.travelatin.com\/en\/rumbos-peru\/rumbo-a-machu-picchu\/\",\"url\":\"https:\/\/viajes.travelatin.com\/en\/rumbos-peru\/rumbo-a-machu-picchu\/\",\"name\":\"Machu Picchu - Shop Travelatin\",\"isPartOf\":{\"@id\":\"https:\/\/viajes.travelatin.com\/#website\"},\"datePublished\":\"2019-03-16T22:14:06+00:00\",\"dateModified\":\"2019-03-16T22:14:06+00:00\",\"breadcrumb\":{\"@id\":\"https:\/\/viajes.travelatin.com\/en\/rumbos-peru\/rumbo-a-machu-picchu\/#breadcrumb\"},\"inLanguage\":\"en-US\",\"potentialAction\":[{\"@type\":\"ReadAction\",\"target\":[\"https:\/\/viajes.travelatin.com\/en\/rumbos-peru\/rumbo-a-machu-picchu\/\"]}]},{\"@type\":\"BreadcrumbList\",\"@id\":\"https:\/\/viajes.travelatin.com\/en\/rumbos-peru\/rumbo-a-machu-picchu\/#breadcrumb\",\"itemListElement\":[{\"@type\":\"ListItem\",\"position\":1,\"name\":\"Portada\",\"item\":\"https:\/\/viajes.travelatin.com\/en\/\"},{\"@type\":\"ListItem\",\"position\":2,\"name\":\"Destination Per\u00fa\",\"item\":\"https:\/\/viajes.travelatin.com\/en\/rumbos-peru\/\"},{\"@type\":\"ListItem\",\"position\":3,\"name\":\"Machu Picchu\"}]},{\"@type\":\"WebSite\",\"@id\":\"https:\/\/viajes.travelatin.com\/#website\",\"url\":\"https:\/\/viajes.travelatin.com\/\",\"name\":\"Shop Travelatin\",\"description\":\"Travel Peru\",\"potentialAction\":[{\"@type\":\"SearchAction\",\"target\":{\"@type\":\"EntryPoint\",\"urlTemplate\":\"https:\/\/viajes.travelatin.com\/?s={search_term_string}\"},\"query-input\":\"required name=search_term_string\"}],\"inLanguage\":\"en-US\"}]}<\/script>\n<!-- \/ Yoast SEO plugin. -->","yoast_head_json":{"title":"Machu Picchu - Shop Travelatin","robots":{"index":"index","follow":"follow","max-snippet":"max-snippet:-1","max-image-preview":"max-image-preview:large","max-video-preview":"max-video-preview:-1"},"canonical":"https:\/\/viajes.travelatin.com\/en\/rumbos-peru\/rumbo-a-machu-picchu\/","og_locale":"en_US","og_type":"article","og_title":"Machu Picchu - Shop Travelatin","og_description":"Le Machu Picchu Son histoire A voir au Machu Picchu Moyen d\u2019acc\u00e8s Le Machu Picchu Situ\u00e9e \u00e0 110 kilom\u00e8tres de Cusco, la petite ville d\u2019Aguas Calientes a l&#8217;honneur d&#8217;offrir aux visiteurs une des plus belles merveilles du monde : le Sanctuaire du Machu Picchu. En outre, ce village offre, comme son nom l&#8217;indique, des bains [...]","og_url":"https:\/\/viajes.travelatin.com\/en\/rumbos-peru\/rumbo-a-machu-picchu\/","og_site_name":"Shop Travelatin","twitter_card":"summary_large_image","twitter_misc":{"Est. reading time":"6 minutes"},"schema":{"@context":"https:\/\/schema.org","@graph":[{"@type":"WebPage","@id":"https:\/\/viajes.travelatin.com\/en\/rumbos-peru\/rumbo-a-machu-picchu\/","url":"https:\/\/viajes.travelatin.com\/en\/rumbos-peru\/rumbo-a-machu-picchu\/","name":"Machu Picchu - Shop Travelatin","isPartOf":{"@id":"https:\/\/viajes.travelatin.com\/#website"},"datePublished":"2019-03-16T22:14:06+00:00","dateModified":"2019-03-16T22:14:06+00:00","breadcrumb":{"@id":"https:\/\/viajes.travelatin.com\/en\/rumbos-peru\/rumbo-a-machu-picchu\/#breadcrumb"},"inLanguage":"en-US","potentialAction":[{"@type":"ReadAction","target":["https:\/\/viajes.travelatin.com\/en\/rumbos-peru\/rumbo-a-machu-picchu\/"]}]},{"@type":"BreadcrumbList","@id":"https:\/\/viajes.travelatin.com\/en\/rumbos-peru\/rumbo-a-machu-picchu\/#breadcrumb","itemListElement":[{"@type":"ListItem","position":1,"name":"Portada","item":"https:\/\/viajes.travelatin.com\/en\/"},{"@type":"ListItem","position":2,"name":"Destination Per\u00fa","item":"https:\/\/viajes.travelatin.com\/en\/rumbos-peru\/"},{"@type":"ListItem","position":3,"name":"Machu Picchu"}]},{"@type":"WebSite","@id":"https:\/\/viajes.travelatin.com\/#website","url":"https:\/\/viajes.travelatin.com\/","name":"Shop Travelatin","description":"Travel Peru","potentialAction":[{"@type":"SearchAction","target":{"@type":"EntryPoint","urlTemplate":"https:\/\/viajes.travelatin.com\/?s={search_term_string}"},"query-input":"required name=search_term_string"}],"inLanguage":"en-US"}]}},"jetpack_sharing_enabled":true,"_links":{"self":[{"href":"https:\/\/viajes.travelatin.com\/en\/wp-json\/wp\/v2\/pages\/668"}],"collection":[{"href":"https:\/\/viajes.travelatin.com\/en\/wp-json\/wp\/v2\/pages"}],"about":[{"href":"https:\/\/viajes.travelatin.com\/en\/wp-json\/wp\/v2\/types\/page"}],"author":[{"embeddable":true,"href":"https:\/\/viajes.travelatin.com\/en\/wp-json\/wp\/v2\/users\/1"}],"replies":[{"embeddable":true,"href":"https:\/\/viajes.travelatin.com\/en\/wp-json\/wp\/v2\/comments?post=668"}],"version-history":[{"count":0,"href":"https:\/\/viajes.travelatin.com\/en\/wp-json\/wp\/v2\/pages\/668\/revisions"}],"up":[{"embeddable":true,"href":"https:\/\/viajes.travelatin.com\/en\/wp-json\/wp\/v2\/pages\/666"}],"wp:attachment":[{"href":"https:\/\/viajes.travelatin.com\/en\/wp-json\/wp\/v2\/media?parent=668"}],"curies":[{"name":"wp","href":"https:\/\/api.w.org\/{rel}","templated":true}]}}