{"id":669,"date":"2019-01-10T18:42:38","date_gmt":"2019-01-10T18:42:38","guid":{"rendered":"https:\/\/viajes.travelatin.com\/rumbos-peru\/cusco\/"},"modified":"2019-03-17T15:17:04","modified_gmt":"2019-03-17T15:17:04","slug":"cusco","status":"publish","type":"page","link":"https:\/\/viajes.travelatin.com\/en\/rumbos-peru\/cusco\/","title":{"rendered":"Cusco"},"content":{"rendered":"\n  <div id=\"page-header-2088508893\" class=\"page-header-wrapper\">\n  <div class=\"page-title dark featured-title\">\n\n    \n    <div class=\"page-title-inner container align-center flex-row medium-flex-wrap\" >\n              <div class=\"title-wrapper flex-col text-left medium-text-center\">\n          <h1 class=\"entry-title mb-0\">\n            Cusco          <\/h1>\n        <\/div>\n                    <div class=\"title-content flex-col flex-right text-right medium-text-center\">\n        <div class=\"title-breadcrumbs pb-half pt-half\"><nav class=\"woocommerce-breadcrumb breadcrumbs uppercase\">Home<\/nav><\/div>      <\/div>\n    <\/div>\n\n       <\/div>\n    <\/div>\n  \n\n\n\n<ol class=\"wp-block-list\"><li><a href=\"https:\/\/viajes.travelatin.com\/rumbos-peru\/cusco#description-de-cusco\">Description de Cusco<\/a><\/li><li><a href=\"https:\/\/viajes.travelatin.com\/rumbos-peru\/cusco#histoire-de-cusco\">Histoire de Cusco<\/a><\/li><li><a href=\"https:\/\/viajes.travelatin.com\/rumbos-peru\/cusco#les-attraits-touristiques-de-cusco\">Les attraits touristiques de Cusco<\/a><\/li><li><a href=\"https:\/\/viajes.travelatin.com\/rumbos-peru\/cusco#moyen-d-acces\">Moyen d\u2019acc\u00e8s<\/a><\/li><li><a href=\"https:\/\/viajes.travelatin.com\/rumbos-peru\/cusco#les-plats-typiques\">Les plats typiques<\/a><\/li><li><a href=\"https:\/\/viajes.travelatin.com\/rumbos-peru\/cusco\/#calendrier-touristique\">Calendrier touristique<\/a><\/li><\/ol>\n\n\n<p><a name=\"#description-de-cusco\"><\/a><\/p>\n<p><strong>Description de Cusco<\/strong><\/p>\n\n\n<p>La ville de Cusco ou \u00ab nombril du monde \u00bbest situ\u00e9e dans la r\u00e9gion orientale du sud du pays et comprend une partie montagneuse \u00ab la cordill\u00e8re des Andes \u00bb et une partie de l\u2019Amazonie.<br>Cuzco est un passage presque incontournable de tout voyage au P\u00e9rou. Si pour les Incas la cit\u00e9 imp\u00e9riale \u00e9tait le nombril du monde, aujourd\u2019hui Cuzco est sans nul doute le nombril touristique dupays et, avec le Machu Picchu, le point d\u2019orgue d\u2019un voyage au P\u00e9rou.<br>Situ\u00e9e \u00e0 3360 m\u00e8tres d\u2019altitude, Cusco est un passage incontournable de tout voyage au P\u00e9rou. Aujourd\u2019hui Cusco est sans nul doute le nombril touristique du P\u00e9rou et, avec le Machu Picchu, le point d\u2019orgue de tout voyage au P\u00e9rou.<br>Vous serez fascin\u00e9 par l\u2019architecture de la ville, contrast\u00e9e entre le style espagnol et la solidit\u00e9 des fondations des monuments incas.<\/p>\n\n\n\n<p><strong>Histoire de Cusco<\/strong><\/p>\n\n\n\n<p>La l\u00e9gende veut que la ville ait \u00e9t\u00e9 fond\u00e9e au XIe si\u00e8cle ou au XIIe si\u00e8cle par Manco Capac et son \u00e9pouse royale Mama Ocllo apr\u00e8s leur \u00ab naissance \u00bb dans le lac Titicaca. Avant l&#8217;arriv\u00e9e des conquistadors Espagnol, la ville \u00e9tait partag\u00e9e en quatre quartiers, occup\u00e9s par les Incas et des ressortissants des tribus de leur empire. Les principaux monuments dataient de l&#8217;Inca Pachacutec.<br>On peut encore admirer les murs incas originels dans certaines rues de la ville ou m\u00eame le temple du Soleil, Korikancha, de nouveau r\u00e9v\u00e9l\u00e9 au monde apr\u00e8s le tremblement de terre de 1950. En effet sur les fondations de ce temple avait \u00e9t\u00e9 b\u00e2ti par les Conquistadors le couvent Santo Domingo, fortement endommag\u00e9 par le s\u00e9isme.<br>Les Espagnols sont arriv\u00e9s tard dans Cusco (en 1533) et ont \u00e9t\u00e9 \u00e9tonn\u00e9s par la grande beaut\u00e9 de la ville capitale. Les t\u00e9moins oculaires ont d\u00e9crit l&#8217;endroit comme ville d&#8217;or et de lumi\u00e8re.<br>Apr\u00e8s avoir d\u00e9truit une bonne partie de la ville en 1534, les Espagnols y \u00e9rig\u00e8rent une cath\u00e9drale au XVIe si\u00e8cle.<\/p>\n\n\n\n<p>Elle est le th\u00e9\u00e2tre des luttes ind\u00e9pendantistes. Ainsi, en 1572, T\u00fapac Amaru, qui avait men\u00e9 une campagne de r\u00e9bellion contre les Espagnols, fut ex\u00e9cut\u00e9 le 24 septembre 1572, avec sa femme, ses enfants et ses principaux partisans. En 1780, T\u00fapac Amaru II r\u00e9clame la libert\u00e9 pour toute l&#8217;Am\u00e9rique dans un mouvement r\u00e9volutionnaire qu\u2019inspir\u00e8rent les luttes ind\u00e9pendantistes ult\u00e9rieures et qui le convertit en figure mythique pour la reconnaissance des droits des indig\u00e8nes. Il fut \u00e9cartel\u00e9 et d\u00e9capit\u00e9 en 1781 dans la place principale.<br>Au XIXe si\u00e8cle, la ville perdit de son importance au profit d&#8217;Arequipa, mais la d\u00e9couverte du Machu Picchu en 1911 relan\u00e7a son essor en raison du tourisme.<br>Actuellement Cusco est le centre n\u00e9vralgique du tourisme culturel au P\u00e9rou. On peut trouver bon nombre de guides et d&#8217;excursions vers le Machu Picchu et la vall\u00e9e sacr\u00e9e autour de la plaza de Armas, ainsi que des commerces, h\u00f4tels et restaurants.<\/p>\n\n\n\n<p><strong>Les attraits touristiques de Cusco<\/strong><\/p>\n\n\n\n<p>Cusco nous est LA ville \u00e0 voir au P\u00e9rou ! Nous vous pr\u00e9sentons les lieux les plus importants \u00e0 voir, mais il y en a encore une multitude d\u2019autres que vous pourrez d\u00e9couvrir au gr\u00e9 de vos balades dans les rues de la ville.<\/p>\n\n\n\n<p><strong>Plaza de Armas:<\/strong><br>Tous les circuits que nous proposons vous permettront de d\u00e9couvrir la Plaza de Armas.<br>Cette immense place est le c\u0153ur de Cusco et l\u2019une des places les plus vivantes et les plus belles du P\u00e9rou o\u00f9 toutes les manifestations importantes de la ville s\u2019y d\u00e9roulent. La place est domin\u00e9e par l\u2019imposante cath\u00e9drale et l\u2019\u00e9glise \u00ab Compania de Jesus \u00bb.<br>Elle est situ\u00e9e sur l\u2019ancien site c\u00e9r\u00e9moniel Inca et est aussi charg\u00e9e d\u2019histoire car c\u2019est l\u00e0 qu\u2019ont \u00e9t\u00e9 expos\u00e9es les t\u00eates des espagnols Diego de Almagra ou Pizarro ou celle de l\u2019inca Tupac Amaru.<br>Ne manquez pas un tour sur la place quand il fait nuit : les illuminations des b\u00e2timents sont superbes !<br>Tous les circuits que nous proposons vous permettront de d\u00e9couvrir la Plaza de Armas.<\/p>\n\n\n\n<p><strong>Le quartier de San Blas<\/strong><br>Tous les circuits que nous proposons vous permettront de d\u00e9couvrir San Blas.<br>Le quartier de San Blas, se situe sur la partie la plus ancienne de la ville. Ce quartier est le plus beau et le plus int\u00e9ressant de la ville avec ses rues escarp\u00e9es et ses maisons blanches assez anciennes. L\u00e0, se trouvent les meilleurs artisans des Andes m\u00e9ridionales (Olave, M\u00e9rida, Mendivil), un endroit qui se pr\u00eate pour fl\u00e2ner mais \u00e9galement int\u00e9ressant pour y rester quelque jours. La visite du quartier vous permettra aussi de d\u00e9couvrir l\u2019\u00e9glise San Blas de 1569 poss\u00e9dant un chef d\u2019\u0153uvre : une chaire sculpt\u00e9e dans un seul morceau de bois (il a fallu 25 ans de travail pour la r\u00e9aliser).<\/p>\n\n\n\n<p><strong>Qoricancha ou Temple du Soleil :<\/strong><br>Vous d\u00e9couvrirez le Qoricancha avec nos circuits \u00e0 d\u00e9part fixe en groupe :<\/p>\n\n\n\n<ul class=\"wp-block-list\"><li><a href=\"http:\/\/www.travelatin.com\/circuits-accompagnes-perou-bolivie\/circuits-accompagnes-en-groupe-perou-depart-date-fixe-culture-histoire\/\">C\u2019est le P\u00e9rou! \u2013 15 Jours <\/a><\/li><li><a href=\"http:\/\/www.travelatin.com\/circuits-accompagnes-perou-bolivie\/circuits-accompagnes-en-groupe-perou-bolivie-depart-date-fixe-andine\/\">Perou \u2013 Bolivie : Atmosph\u00e8re Andine \u2013 20 Jours <\/a><\/li><\/ul>\n\n\n\n<p>Le grand temple du Qoricancha ou Temple du Soleil se situe \u00e0 deux rues de la Place des Armes et fut construit sous le gouvernement de Pachacuteq. On y trouvait de pr\u00e9cieuses statues d&#8217;hommes grandeur nature qui ont \u00e9t\u00e9 envoy\u00e9es en Espagne et ne sont donc malheureusement plus visibles ici.<br>Le Q\u2019orikancha est le monument inca le plus important de la ville de Cusco. Un monast\u00e8re espagnol a \u00e9t\u00e9 construit sur les ruines d\u2019un ancien temple inca. Pour preuve de la solidit\u00e9 des constructions incas : lors du tremblement de terre de 1650, la plupart des murs hispaniques furent d\u00e9truits alors que les murs incas rest\u00e8rent intacts.<br>De nos jours, le Qoricancha est visit\u00e9 par des milliers de touristes.<\/p>\n\n\n\n<p><strong>La Cath\u00e9drale:<\/strong><br>Situ\u00e9e sur la Place des Armes ; construite en 1560 et termin\u00e9e en 1669, elle est d\u2019influence gothique, baroque et de la renaissance mani\u00e9riste. \u00c0 l&#8217;int\u00e9rieur, vous pourrez admirer une chaire taill\u00e9e dans le bois ainsi que les impressionnants si\u00e8ges du ch\u0153ur. En outre, la Cath\u00e9drale renferme une collection de toiles de peintres de l&#8217;\u00e9cole de Cuzco ainsi que de belles pi\u00e8ces d&#8217;orf\u00e8vrerie.<\/p>\n\n\n\n<p><strong>Le temple de Sacsayhuaman :<\/strong><br>Vous d\u00e9couvrirez le site de Sacsayhuaman avec nos circuits \u00e0 d\u00e9part fixe en groupe :<\/p>\n\n\n\n<ul class=\"wp-block-list\"><li><a href=\"http:\/\/www.travelatin.com\/circuits-accompagnes-perou-bolivie\/circuits-accompagnes-en-groupe-perou-depart-date-fixe-culture-histoire\/\">C\u2019est le P\u00e9rou! \u2013 15 Jours<\/a><\/li><li><a href=\"http:\/\/www.travelatin.com\/circuits-accompagnes-perou-bolivie\/circuits-accompagnes-en-groupe-perou-bolivie-depart-date-fixe-andine\/\">Perou \u2013 Bolivie : Atmosph\u00e8re Andine \u2013 20 Jours <\/a><\/li><\/ul>\n\n\n\n<p>Situ\u00e9 \u00e0 3600 m\u00e8tres d\u2019altitude et \u00e0 3 kilom\u00e8tres au nord du centre de Cusco, sa position strat\u00e9gique, en haut d\u2019une colline, offre une vue imprenable sur tout Cusco. Cette forteresse, gardienne de la ville, est un exemple de l\u2019architecture militaire inca. C\u2019est l\u00e0 qu\u2019a lieu, le 24 juin de chaque ann\u00e9e, l&#8217;Inti Raymi (f\u00eate du soleil). Le site se compose d&#8217;immenses fortifications en zigzag form\u00e9es par des pierres monumentales, r\u00e9parties sur trois niveaux et dont la moyenne est de 360 m\u00e8tres de long. Certaines pierres mesurent jusqu&#8217;\u00e0 neuf m\u00e8tres de haut, cinq m\u00e8tres de large et peuvent peser jusqu\u2019\u00e0 trois cent cinquante tonnes. Le plus \u00e9tonnant \u00e9tant la pr\u00e9cision avec laquelle ces blocs de pierres ont \u00e9t\u00e9 agenc\u00e9s. La construction de ce temple a n\u00e9cessit\u00e9 l\u2019aide de 20000 hommes et a dur\u00e9 entre cinquante et soixante-dix ans.<\/p>\n\n\n\n<p><strong>Tambomachay :<\/strong><br>Le site arch\u00e9ologique se situe \u00e0 6 kilom\u00e8tres de la ville de Cusco et est connu comme les bains de l&#8217;Inca. Au milieu de ses escaliers et de ses structures en pierres, vous pourrez voir des chutes d&#8217;eau cristalline provenant des puits et des sources thermales proches. Selo n les croyances, c\u2019est ici que l\u2019on rendait culte \u00e0 l&#8217;\u00e9l\u00e9ment liquide.<\/p>\n\n\n\n<p><strong>Puca Pucara :<\/strong><br>Situ\u00e9 \u00e0 c\u00f4t\u00e9 de Tambomachay, cette fortification est form\u00e9e de terrasses, escaliers, passages, tours et niches. Avec Sacsayhuaman, il constituait une partie du syst\u00e8me de d\u00e9fense de Cusco. En quechua son nom signifie &#8220;forteresse rouge&#8221; car, \u00e0 la tomb\u00e9e du jour, ses roches acqui\u00e8rent un ton rouge\u00e2tre.<\/p>\n\n\n\n<p><strong>Qenqo :<\/strong><br>Situ\u00e9 \u00e0 4 kilom\u00e8tres au nord-est de la ville de Cusco, on dit que ce site fut un adoratoire inca vou\u00e9 au culte de la terre. C&#8217;est un affleurement de roche calcaire sur laquelle sont taill\u00e9es des figures animales telles que le puma (animal sacr\u00e9). En outre, il renferme des passages, des canaux, des escaliers ainsi qu\u2019un amphith\u00e9\u00e2tre semi-circulaire.<\/p>\n\n\n\n<p><strong>Moyen d\u2019acc\u00e8s<\/strong><\/p>\n\n\n\n<p>Par la route : Il existe deux routes pour arriver \u00e0 la ville du Cusco : la premi\u00e8re est la route Lima \u2013 Arequipa &#8211; Cusco (1 494 km). Le trajet dure environ 24 heures en voiture. La deuxi\u00e8me est la route Lima-Nazca-Puquio-Abancay-Cusco (1 105km). Le trajet dure entre 18 et 20 heures.<br>Par avion: Il existe des vols quotidiens Lima \u2013 Cusco dont la dur\u00e9e est d\u2019une heure. Il existe aussi des vols depuis les villes d\u2019Arequipa et Puerto Maldonado, leur dur\u00e9e est de 30 minutes chacun, et comptez 1 heure de vol depuis Juliaca (Lac Titicaca)<\/p>\n\n\n\n<p><strong>Les plats typiques<\/strong><\/p>\n\n\n\n<p>Dans une ville riche de traditions comme Cusco, les aliments font partie d&#8217;une atmosph\u00e8re culturelle et touristique que vous appr\u00e9cierez en go\u00fbtant les plats les plus connus comme par exemple le rocoto relleno (piment garni que l\u2019on trouve aussi dans d&#8217;autres parties du pays) servi avec des cacahu\u00e8tes, des petits pois, un \u0153uf poch\u00e9 et des pommes de terre dor\u00e9es. Go\u00fbtez un autre plat populaire : le puchero, une soupe \u00e0 base de viande, de t\u00eate d&#8217;agneau, de lard moulin\u00e9 auxquels on ajoute des morceaux de chou, de pommes de terre, de pois chiches et de riz. D\u2019autres mets d\u00e9licieux existent, tels que le lapin ou porc de Guin\u00e9e, le fromage pepi\u00e1n, les kapiches cuy (cochon d\u00eende r\u00f4ti), la bi\u00e8re locale (Bi\u00e8re Cusque\u00f1a), l&#8217;eau-de-vie ou la chicha (boisson \u00e0 base de ma\u00efs ferment\u00e9).<a name=\"calendrier-touristique\"><\/a><\/p>\n\n\n\n<p><strong>Calendrier touristique<\/strong><\/p>\n\n\n\n<p>Le 20 janvier- Chereaje. Il s\u2019agit d\u2019une comp\u00e9tition entre hommes qui permet de d\u00e9terminer le plus fort et le plus courageux d\u2019entre tous. Cette f\u00eate se produit dans plusieurs villes et trouve ses origines dans les pratiques ancestrales.<br>F\u00e9vrier : Les carnavals ont lieu dans divers villages du d\u00e9partement de Cusco o\u00f9 les autochtones dansent et boivent all\u00e8grement. La ville de Qoya c\u00e9l\u00e8bre la semaine sainte avec son festival Carnavalesque.<br>Le 1er juin: Corpus Christi.<br>Les 18 et 19 juin : F\u00eates de Qoylloriti et de Quispicanchis.<br>Le 24 juin : L\u2019Inti Raymi. F\u00eate ancestrale du Soleil pour avoir une bonne r\u00e9colte.<br>Le 15 juillet : F\u00eate de la Vierge de Carmen \u00e0 Paucartambo. La ville de Paucartambo tout enti\u00e8re et ses h\u00f4tes rendent hommage \u00e0 la Mamacha de Carmen.<br>Le 1er novembre : Journ\u00e9e des Saints. Au rythme des musiciens, les familles visitent les cimeti\u00e8res pour f\u00eater leurs morts. Les femmes emportent avec elles des pains faits maison sp\u00e9cialement pour l&#8217;occasion. Ces pains portent le nom de \u201cguaguas\u201d et ont la forme de poup\u00e9es.<br>Le 24 d\u00e9cembre : Santuranticuy. March\u00e9 populaire o\u00f9 les artisans de diff\u00e9rentes r\u00e9gions exhibent et vendent leurs ouvrages.<\/p>\n","protected":false},"excerpt":{"rendered":"<p>Description de Cusco Histoire de Cusco Les attraits touristiques de Cusco Moyen d\u2019acc\u00e8s Les plats typiques Calendrier touristique Description de Cusco La ville de Cusco ou \u00ab nombril du monde \u00bbest situ\u00e9e dans la r\u00e9gion orientale du sud du pays et comprend une partie montagneuse \u00ab la cordill\u00e8re des Andes \u00bb et une partie de [&#8230;]\n","protected":false},"author":1,"featured_media":0,"parent":666,"menu_order":0,"comment_status":"closed","ping_status":"closed","template":"","meta":{"footnotes":""},"class_list":["post-669","page","type-page","status-publish","hentry"],"yoast_head":"<!-- This site is optimized with the Yoast SEO plugin v23.1 - https:\/\/yoast.com\/wordpress\/plugins\/seo\/ -->\n<title>Cusco - Shop Travelatin<\/title>\n<meta name=\"robots\" content=\"index, follow, max-snippet:-1, max-image-preview:large, max-video-preview:-1\" \/>\n<link rel=\"canonical\" href=\"https:\/\/viajes.travelatin.com\/en\/rumbos-peru\/cusco\/\" \/>\n<meta property=\"og:locale\" content=\"en_US\" \/>\n<meta property=\"og:type\" content=\"article\" \/>\n<meta property=\"og:title\" content=\"Cusco - Shop Travelatin\" \/>\n<meta property=\"og:description\" content=\"Description de Cusco Histoire de Cusco Les attraits touristiques de Cusco Moyen d\u2019acc\u00e8s Les plats typiques Calendrier touristique Description de Cusco La ville de Cusco ou \u00ab nombril du monde \u00bbest situ\u00e9e dans la r\u00e9gion orientale du sud du pays et comprend une partie montagneuse \u00ab la cordill\u00e8re des Andes \u00bb et une partie de [...]\" \/>\n<meta property=\"og:url\" content=\"https:\/\/viajes.travelatin.com\/en\/rumbos-peru\/cusco\/\" \/>\n<meta property=\"og:site_name\" content=\"Shop Travelatin\" \/>\n<meta property=\"article:modified_time\" content=\"2019-03-17T15:17:04+00:00\" \/>\n<meta name=\"twitter:card\" content=\"summary_large_image\" \/>\n<meta name=\"twitter:label1\" content=\"Est. reading time\" \/>\n\t<meta name=\"twitter:data1\" content=\"10 minutes\" \/>\n<script type=\"application\/ld+json\" class=\"yoast-schema-graph\">{\"@context\":\"https:\/\/schema.org\",\"@graph\":[{\"@type\":\"WebPage\",\"@id\":\"https:\/\/viajes.travelatin.com\/en\/rumbos-peru\/cusco\/\",\"url\":\"https:\/\/viajes.travelatin.com\/en\/rumbos-peru\/cusco\/\",\"name\":\"Cusco - Shop Travelatin\",\"isPartOf\":{\"@id\":\"https:\/\/viajes.travelatin.com\/#website\"},\"datePublished\":\"2019-01-10T18:42:38+00:00\",\"dateModified\":\"2019-03-17T15:17:04+00:00\",\"breadcrumb\":{\"@id\":\"https:\/\/viajes.travelatin.com\/en\/rumbos-peru\/cusco\/#breadcrumb\"},\"inLanguage\":\"en-US\",\"potentialAction\":[{\"@type\":\"ReadAction\",\"target\":[\"https:\/\/viajes.travelatin.com\/en\/rumbos-peru\/cusco\/\"]}]},{\"@type\":\"BreadcrumbList\",\"@id\":\"https:\/\/viajes.travelatin.com\/en\/rumbos-peru\/cusco\/#breadcrumb\",\"itemListElement\":[{\"@type\":\"ListItem\",\"position\":1,\"name\":\"Portada\",\"item\":\"https:\/\/viajes.travelatin.com\/en\/\"},{\"@type\":\"ListItem\",\"position\":2,\"name\":\"Destination Per\u00fa\",\"item\":\"https:\/\/viajes.travelatin.com\/en\/rumbos-peru\/\"},{\"@type\":\"ListItem\",\"position\":3,\"name\":\"Cusco\"}]},{\"@type\":\"WebSite\",\"@id\":\"https:\/\/viajes.travelatin.com\/#website\",\"url\":\"https:\/\/viajes.travelatin.com\/\",\"name\":\"Shop Travelatin\",\"description\":\"Travel Peru\",\"potentialAction\":[{\"@type\":\"SearchAction\",\"target\":{\"@type\":\"EntryPoint\",\"urlTemplate\":\"https:\/\/viajes.travelatin.com\/?s={search_term_string}\"},\"query-input\":\"required name=search_term_string\"}],\"inLanguage\":\"en-US\"}]}<\/script>\n<!-- \/ Yoast SEO plugin. -->","yoast_head_json":{"title":"Cusco - Shop Travelatin","robots":{"index":"index","follow":"follow","max-snippet":"max-snippet:-1","max-image-preview":"max-image-preview:large","max-video-preview":"max-video-preview:-1"},"canonical":"https:\/\/viajes.travelatin.com\/en\/rumbos-peru\/cusco\/","og_locale":"en_US","og_type":"article","og_title":"Cusco - Shop Travelatin","og_description":"Description de Cusco Histoire de Cusco Les attraits touristiques de Cusco Moyen d\u2019acc\u00e8s Les plats typiques Calendrier touristique Description de Cusco La ville de Cusco ou \u00ab nombril du monde \u00bbest situ\u00e9e dans la r\u00e9gion orientale du sud du pays et comprend une partie montagneuse \u00ab la cordill\u00e8re des Andes \u00bb et une partie de [...]","og_url":"https:\/\/viajes.travelatin.com\/en\/rumbos-peru\/cusco\/","og_site_name":"Shop Travelatin","article_modified_time":"2019-03-17T15:17:04+00:00","twitter_card":"summary_large_image","twitter_misc":{"Est. reading time":"10 minutes"},"schema":{"@context":"https:\/\/schema.org","@graph":[{"@type":"WebPage","@id":"https:\/\/viajes.travelatin.com\/en\/rumbos-peru\/cusco\/","url":"https:\/\/viajes.travelatin.com\/en\/rumbos-peru\/cusco\/","name":"Cusco - Shop Travelatin","isPartOf":{"@id":"https:\/\/viajes.travelatin.com\/#website"},"datePublished":"2019-01-10T18:42:38+00:00","dateModified":"2019-03-17T15:17:04+00:00","breadcrumb":{"@id":"https:\/\/viajes.travelatin.com\/en\/rumbos-peru\/cusco\/#breadcrumb"},"inLanguage":"en-US","potentialAction":[{"@type":"ReadAction","target":["https:\/\/viajes.travelatin.com\/en\/rumbos-peru\/cusco\/"]}]},{"@type":"BreadcrumbList","@id":"https:\/\/viajes.travelatin.com\/en\/rumbos-peru\/cusco\/#breadcrumb","itemListElement":[{"@type":"ListItem","position":1,"name":"Portada","item":"https:\/\/viajes.travelatin.com\/en\/"},{"@type":"ListItem","position":2,"name":"Destination Per\u00fa","item":"https:\/\/viajes.travelatin.com\/en\/rumbos-peru\/"},{"@type":"ListItem","position":3,"name":"Cusco"}]},{"@type":"WebSite","@id":"https:\/\/viajes.travelatin.com\/#website","url":"https:\/\/viajes.travelatin.com\/","name":"Shop Travelatin","description":"Travel Peru","potentialAction":[{"@type":"SearchAction","target":{"@type":"EntryPoint","urlTemplate":"https:\/\/viajes.travelatin.com\/?s={search_term_string}"},"query-input":"required name=search_term_string"}],"inLanguage":"en-US"}]}},"jetpack_sharing_enabled":true,"_links":{"self":[{"href":"https:\/\/viajes.travelatin.com\/en\/wp-json\/wp\/v2\/pages\/669"}],"collection":[{"href":"https:\/\/viajes.travelatin.com\/en\/wp-json\/wp\/v2\/pages"}],"about":[{"href":"https:\/\/viajes.travelatin.com\/en\/wp-json\/wp\/v2\/types\/page"}],"author":[{"embeddable":true,"href":"https:\/\/viajes.travelatin.com\/en\/wp-json\/wp\/v2\/users\/1"}],"replies":[{"embeddable":true,"href":"https:\/\/viajes.travelatin.com\/en\/wp-json\/wp\/v2\/comments?post=669"}],"version-history":[{"count":1,"href":"https:\/\/viajes.travelatin.com\/en\/wp-json\/wp\/v2\/pages\/669\/revisions"}],"predecessor-version":[{"id":670,"href":"https:\/\/viajes.travelatin.com\/en\/wp-json\/wp\/v2\/pages\/669\/revisions\/670"}],"up":[{"embeddable":true,"href":"https:\/\/viajes.travelatin.com\/en\/wp-json\/wp\/v2\/pages\/666"}],"wp:attachment":[{"href":"https:\/\/viajes.travelatin.com\/en\/wp-json\/wp\/v2\/media?parent=669"}],"curies":[{"name":"wp","href":"https:\/\/api.w.org\/{rel}","templated":true}]}}