{"id":671,"date":"2019-03-16T22:26:19","date_gmt":"2019-03-16T22:26:19","guid":{"rendered":"https:\/\/viajes.travelatin.com\/rumbos-peru\/valle-sagrado-de-los-incas\/"},"modified":"2019-03-17T15:19:07","modified_gmt":"2019-03-17T15:19:07","slug":"valle-sagrado-de-los-incas","status":"publish","type":"page","link":"https:\/\/viajes.travelatin.com\/en\/rumbos-peru\/valle-sagrado-de-los-incas\/","title":{"rendered":"Valley Sacred of the Incas"},"content":{"rendered":"\n  <div id=\"page-header-1866508869\" class=\"page-header-wrapper\">\n  <div class=\"page-title dark featured-title\">\n\n    \n    <div class=\"page-title-inner container align-center flex-row medium-flex-wrap\" >\n              <div class=\"title-wrapper flex-col text-left medium-text-center\">\n          <h1 class=\"entry-title mb-0\">\n            Valley Sacred of the Incas          <\/h1>\n        <\/div>\n                    <div class=\"title-content flex-col flex-right text-right medium-text-center\">\n        <div class=\"title-breadcrumbs pb-half pt-half\"><nav class=\"woocommerce-breadcrumb breadcrumbs uppercase\">Home<\/nav><\/div>      <\/div>\n    <\/div>\n\n       <\/div>\n    <\/div>\n  \n\n\n<ol>\n<li><a href=\"http:\/\/www.travelatin.com\/destinations-la-vallee-sacree-des-incas#description-la-vallee-sacree\">Description la Vall\u00e9e Sacr\u00e9e<\/a><\/li>\n<li><a href=\"http:\/\/www.travelatin.com\/destinations-la-vallee-sacree-des-incas#les-attraits-touristiques-de-la-vallee-sacree\">Les attraits touristiques de la Vall\u00e9e Sacr\u00e9e<\/a><\/li>\n<li><a href=\"http:\/\/www.travelatin.com\/destinations-la-vallee-sacree-des-incas#moyen-d-acces-pour-cusco\">Moyen d\u2019acc\u00e8s pour Cusco<\/a><\/li>\n<\/ol>\n\n\n<p><strong>Description de la Vall\u00e9e Sacr\u00e9e<\/strong><\/p>\n\n\n\n<p>La vall\u00e9e sacr\u00e9e des Incas est la partie de la vall\u00e9e de l\u2019Urubamba (aussi appel\u00e9 Vilcanota ou Wilcamayo) comprise entre les villages de Pisac et Ollantaytambo.<br>La Vall\u00e9e Sacr\u00e9e est devenue l\u2019un des centres touristiques les plus importants du P\u00e9rou. En plus de disposer d\u2019une richesse historique in\u00e9galable, la r\u00e9gion de l&#8217;Urubamba offre d&#8217;infinies distractions aux touristes : randonn\u00e9es, baignades dans des sources thermales, descentes de rivi\u00e8re en rafting ou en kayak, vols en parapente ou delta plane, promenades \u00e0 cheval, alpinisme, etc.<br>La vall\u00e9e sacr\u00e9e des Incas est profonde de plusieurs centaines de m\u00e8tres et pr\u00e9sente des paysages spectaculaires. C\u2019est aussi un passage oblig\u00e9 entre Cusco et le Machu Picchu. Elle compte de plus un certain nombre de sites incas de premier ordre, ce qui en fait une destination \u00e0 ne pas manquer.<br>L\u2019altitude de la vall\u00e9e sacr\u00e9e des Incas est comprise entre 3000 m\u00e8tres \u00e0 Pisac et 2800 m\u00e8tres \u00e0 Ollantaytambo. Le climat y est plus doux qu\u2019\u00e0 Cusco.<\/p>\n\n\n\n<p><strong>Les attraits touristiques de la Vall\u00e9e Sacr\u00e9e<\/strong><\/p>\n\n\n\n<p>Une visite de la Vall\u00e9e Sacr\u00e9e d&#8217;Urubamba prendra au moins une journ\u00e9e. Elle se trouve \u00e0 quelque kilom\u00e8tre de la ville de Cusco, entre les flancs des hautes montagnes dont les sommets s\u2019\u00e9l\u00e8vent \u00e0 plus de cinq mille m\u00e8tres.<br>Dans cette vall\u00e9e coule le fleuve de Vilcanota connu aussi comme Willcamayu (rivi\u00e8re sacr\u00e9e), qualifi\u00e9 par ce nom car elle poss\u00e9dait le sol le plus fertile de l\u2019empire. La vall\u00e9e b\u00e9n\u00e9ficie d\u2019un bon climat, d\u2019une flore riche et d\u2019une faune presque paradisiaque. Ce territoire appartenait exclusivement \u00e0 la noblesse inca.<\/p>\n\n\n\n<p><strong>Pisac:<\/strong><br>Vous d\u00e9couvrirez Pisac avec nos circuits \u00e0 d\u00e9part fixe en groupe :<\/p>\n\n\n\n<ul class=\"wp-block-list\"><li><a href=\"http:\/\/www.travelatin.com\/circuits-accompagnes-perou-bolivie\/circuits-accompagnes-en-groupe-perou-depart-date-fixe-culture-histoire\/\">C\u2019est le P\u00e9rou! \u2013 15 Jours<\/a><\/li><li><a href=\"http:\/\/www.travelatin.com\/circuits-accompagnes-perou-bolivie\/circuits-accompagnes-en-groupe-perou-bolivie-depart-date-fixe-andine\/\">Perou \u2013 Bolivie : Atmosph\u00e8re Andine \u2013 20 Jours<\/a><\/li><\/ul>\n\n\n\n<p>\u00c0 32 kilom\u00e8tres au nord-ouest de Cusco, le site arch\u00e9ologique de Pisac s\u2019\u00e9l\u00e8ve \u00e0 2950 m\u00e8tres d\u2019altitude. Le site arch\u00e9ologique est consid\u00e9r\u00e9 comme un des centres monumentaux les plus beaux de la vall\u00e9e: terrasses \u00e0 flanc de montagne, ruines de maisons, bains liturgiques, porte inca, etc.. Il offre une incomparable combinaison entre le paysage et le fini impeccab le de ses constructions.<br>Chaque dimanche, sous les flamboyants de la Plaza de Armas, se tient son march\u00e9. C\u2019est l\u2019occasion de d\u00e9couvrir des l\u00e9gumes jusqu\u2019alors inconnus. Les femmes sont les actrices principales de ce temps fort de la vie quotidienne. Si\u00e9geant au milieu de leurs produits ou n\u00e9gociant le prix de leurs achats, elles offrent le spectacle d\u2019une foule de tresses brunes et de ballots de tissus multicolores qui remplacent ici le panier \u00e0 provision\u2026<\/p>\n\n\n\n<p><strong>Ollantaytambo :<\/strong><br>Vous d\u00e9couvrirez Ollantaytambo avec nos circuits \u00e0 d\u00e9part fixe en groupe :<\/p>\n\n\n\n<ul class=\"wp-block-list\"><li><a href=\"http:\/\/www.travelatin.com\/circuits-accompagnes-perou-bolivie\/circuits-accompagnes-en-groupe-perou-depart-date-fixe-culture-histoire\/\">C\u2019est le P\u00e9rou! \u2013 15 Jours<\/a><\/li><li><a href=\"http:\/\/www.travelatin.com\/circuits-accompagnes-perou-bolivie\/circuits-accompagnes-en-groupe-perou-bolivie-depart-date-fixe-andine\/\">Perou \u2013 Bolivie : Atmosph\u00e8re Andine \u2013 20 Jours<\/a><\/li><\/ul>\n\n\n\n<p>Situ\u00e9 \u00e0 l&#8217;extr\u00eame oppos\u00e9 de Pisac et \u00e0 80 kilom\u00e8tres de la ville de Cusco, \u00e0 2700 m\u00e8tres d\u2019altitude, le site arch\u00e9ologique d\u2019Ollantaytambo se confond avec l&#8217;actuel village du m\u00eame nom. Le site fut un centre militaire, religieux et agricole strat\u00e9gique. L\u2019architecture est d&#8217;un int\u00e9r\u00eat exceptionnel de par sa taille et l\u2019originalit\u00e9 de ses b\u00e2timents. Aujourd\u2019hui, le village d\u2019Ollantaytambo se situe au m\u00eame emplacement que par le pass\u00e9. Les toits de paille ont \u00e9t\u00e9 remplac\u00e9s par des tuiles et lui donnent un air de modernit\u00e9. Les rues conservent encore leur nom inca et le village est pourvu d\u2019\u00e9lectricit\u00e9 et d\u2019eau.<\/p>\n\n\n\n<p><strong>Chinchero:<\/strong><br>Vous d\u00e9couvrirez Chinchero avec nos circuits \u00e0 d\u00e9part fixe en groupe :<\/p>\n\n\n\n<ul class=\"wp-block-list\"><li><a href=\"http:\/\/www.travelatin.com\/circuits-accompagnes-perou-bolivie\/circuits-accompagnes-en-groupe-perou-depart-date-fixe-culture-histoire\/\">C\u2019est le P\u00e9rou! \u2013 15 Jours<\/a><\/li><\/ul>\n\n\n\n<p>Situ\u00e9 \u00e0 30 kilom\u00e8tres au nord de la ville de Cusco, \u00e0 3 762 m\u00e8tres d\u2019altitude, Chinchero est un village d&#8217;origine inca surplomb\u00e9 par la montagne enneig\u00e9e du Chic\u00f3n. Son nom est d\u2019origine quechua \u201csinchi\u201d et signifie &#8220;homme courageux&#8221;. Chinchero poss\u00e8de un patrimoine monumental et culturel riche. C\u2019est un des rares lieux de la r\u00e9gion de Cusco qui conserve de mani\u00e8re \u00e9vidente de grandes traces urbaines incas. Les restes du palais Inca, l&#8217;\u00e9glise coloniale \u00e9rig\u00e9e sur les bases Incas, ses impeccables terrasses accueillent de nos jours un march\u00e9 dominical color\u00e9 o\u00f9 se r\u00e9unissent les villageois andins des diff\u00e9rents villages de la r\u00e9gion.<\/p>\n\n\n\n<p><strong>Les Salines de Maras:<\/strong><br>Vous d\u00e9couvrirez Maras et ses Salines avec nos circuits \u00e0 d\u00e9part fixe en groupe :<\/p>\n\n\n\n<ul class=\"wp-block-list\"><li><a href=\"http:\/\/www.travelatin.com\/circuits-accompagnes-perou-bolivie\/circuits-accompagnes-en-groupe-perou-depart-date-fixe-culture-histoire\/\">C\u2019est le P\u00e9rou! \u2013 15 Jours<\/a><\/li><li><a href=\"http:\/\/www.travelatin.com\/circuits-accompagnes-perou-bolivie\/circuits-accompagnes-en-groupe-perou-bolivie-depart-date-fixe-andine\/\">Perou \u2013 Bolivie : Atmosph\u00e8re Andine \u2013 20 Jours<\/a><\/li><\/ul>\n\n\n\n<p>Situ\u00e9 \u00e0 3028 m\u00e8tres d\u2019altitude et \u00e0 67 kilom\u00e8tres au nord de Cusco, le village de Maras est compos\u00e9 d\u2019une ancienne \u00e9glise et de grandes b\u00e2tisses de nobles indig\u00e8nes. \u00c0 l&#8217;\u00e9poque coloniale la population \u00e9tait tr\u00e8s prosp\u00e8re. Ne manquez sous aucun pr\u00e9texte les salinas de Maras. Il s\u2019agit de mines de sel dont l\u2019exploitation est aussi ancienne que le Tahuantinsuyo. L\u2019eau saline qui \u00e9mane du sol \u2013d\u2019un puits appel\u00e9 &#8220;Qoripujio&#8221;- y est canalis\u00e9e vers des bassins dans lesquels, avec l\u2019effet du soleil, elle s\u2019\u00e9vapore en laissant sur sa superficie le sel qui est ensuite trait\u00e9 pour \u00eatre vendu sur le march\u00e9 local.<\/p>\n\n\n\n<p>Des milliers de carr\u00e9s salants le long des pentes de la montagne servent \u00e0 extraire le sel depuis la p\u00e9riode Inca (voire m\u00eame avant). Des familles poss\u00e8dent toujours certains carr\u00e9s et exploitent leur sel. Vous pourrez les voir travailler si vous visitez les salines en semaine.<br>La vue de l\u2019ensemble d\u2019environ trois mille bassins est spectaculaire.<\/p>\n\n\n\n<p><strong>Moray :<\/strong><br>Vous d\u00e9couvrirez Moray avec nos circuits \u00e0 d\u00e9part fixe en groupe :<\/p>\n\n\n\n<ul class=\"wp-block-list\"><li><a href=\"http:\/\/www.travelatin.com\/circuits-accompagnes-perou-bolivie\/circuits-accompagnes-en-groupe-perou-depart-date-fixe-culture-histoire\/\">C\u2019est le P\u00e9rou! \u2013 15 Jours<\/a><\/li><li><a href=\"http:\/\/www.travelatin.com\/circuits-accompagnes-perou-bolivie\/circuits-accompagnes-en-groupe-perou-bolivie-depart-date-fixe-andine\/\">Perou \u2013 Bolivie : Atmosph\u00e8re Andine \u2013 20 Jours<\/a><\/li><\/ul>\n\n\n\n<p>Le site est connu pour son amphith\u00e9\u00e2tre enfonc\u00e9, form\u00e9 par quatre terrasses circulaires qui semblent dispara\u00eetre \u00e0 l\u2019int\u00e9rieur des hauts plateaux, \u00e0 la fa\u00e7on d\u2019un crat\u00e8re artificiel. Il semblerait que ce lieu constituait un centre de recherche agricole Inca consacr\u00e9 \u00e0 l\u2019exp\u00e9rimentation de cultures dans les diff\u00e9rents niveaux de hauteur de ses parcelles (quelques-unes avec plus de 100 m\u00e8tres de profondeur). Les amphith\u00e9\u00e2tres construits sur des murs de contention \u00e9taient remblay\u00e9s avec de la terre fertile et \u00e9taient arros\u00e9s au moyen d\u2019un complexe syst\u00e8me d\u2019irrigation qui permettait la culture de plus de 250 esp\u00e8ces v\u00e9g\u00e9tales.<\/p>\n\n\n\n<p><strong>Moyen d\u2019acc\u00e8s pour Cusco<\/strong><\/p>\n\n\n\n<p>Par la route : Il existe deux routes pour arriver \u00e0 la ville du Cusco : la premi\u00e8re est la route Lima \u2013 Arequipa &#8211; Cusco (1 494 km). Le trajet dure environ 24 heures en voiture. La deuxi\u00e8me est la route Lima-Nazca-Puquio-Abancay-Cusco (1 105km). Le trajet dure entre 18 et 20 heures.<br>Par avion: Il existe des vols quotidiens Lima \u2013 Cusco dont la dur\u00e9e est d\u2019une heure. Il existe aussi des vols depuis les villes d\u2019Arequipa et Puerto Maldonado, leur dur\u00e9e est de 30 minutes chacun, et comptez 1 heure de vol depuis Juliaca (Lac Titicaca)<\/p>\n","protected":false},"excerpt":{"rendered":"<p>Description la Vall\u00e9e Sacr\u00e9e Les attraits touristiques de la Vall\u00e9e Sacr\u00e9e Moyen d\u2019acc\u00e8s pour Cusco Description de la Vall\u00e9e Sacr\u00e9e La vall\u00e9e sacr\u00e9e des Incas est la partie de la vall\u00e9e de l\u2019Urubamba (aussi appel\u00e9 Vilcanota ou Wilcamayo) comprise entre les villages de Pisac et Ollantaytambo.La Vall\u00e9e Sacr\u00e9e est devenue l\u2019un des centres touristiques les [&#8230;]\n","protected":false},"author":1,"featured_media":0,"parent":666,"menu_order":0,"comment_status":"closed","ping_status":"closed","template":"","meta":{"footnotes":""},"class_list":["post-671","page","type-page","status-publish","hentry"],"yoast_head":"<!-- This site is optimized with the Yoast SEO plugin v23.1 - https:\/\/yoast.com\/wordpress\/plugins\/seo\/ -->\n<title>Valley Sacred of the Incas - Shop Travelatin<\/title>\n<meta name=\"robots\" content=\"index, follow, max-snippet:-1, max-image-preview:large, max-video-preview:-1\" \/>\n<link rel=\"canonical\" href=\"https:\/\/viajes.travelatin.com\/en\/rumbos-peru\/valle-sagrado-de-los-incas\/\" \/>\n<meta property=\"og:locale\" content=\"en_US\" \/>\n<meta property=\"og:type\" content=\"article\" \/>\n<meta property=\"og:title\" content=\"Valley Sacred of the Incas - Shop Travelatin\" \/>\n<meta property=\"og:description\" content=\"Description la Vall\u00e9e Sacr\u00e9e Les attraits touristiques de la Vall\u00e9e Sacr\u00e9e Moyen d\u2019acc\u00e8s pour Cusco Description de la Vall\u00e9e Sacr\u00e9e La vall\u00e9e sacr\u00e9e des Incas est la partie de la vall\u00e9e de l\u2019Urubamba (aussi appel\u00e9 Vilcanota ou Wilcamayo) comprise entre les villages de Pisac et Ollantaytambo.La Vall\u00e9e Sacr\u00e9e est devenue l\u2019un des centres touristiques les [...]\" \/>\n<meta property=\"og:url\" content=\"https:\/\/viajes.travelatin.com\/en\/rumbos-peru\/valle-sagrado-de-los-incas\/\" \/>\n<meta property=\"og:site_name\" content=\"Shop Travelatin\" \/>\n<meta property=\"article:modified_time\" content=\"2019-03-17T15:19:07+00:00\" \/>\n<meta name=\"twitter:card\" content=\"summary_large_image\" \/>\n<meta name=\"twitter:label1\" content=\"Est. reading time\" \/>\n\t<meta name=\"twitter:data1\" content=\"6 minutes\" \/>\n<script type=\"application\/ld+json\" class=\"yoast-schema-graph\">{\"@context\":\"https:\/\/schema.org\",\"@graph\":[{\"@type\":\"WebPage\",\"@id\":\"https:\/\/viajes.travelatin.com\/en\/rumbos-peru\/valle-sagrado-de-los-incas\/\",\"url\":\"https:\/\/viajes.travelatin.com\/en\/rumbos-peru\/valle-sagrado-de-los-incas\/\",\"name\":\"Valley Sacred of the Incas - Shop Travelatin\",\"isPartOf\":{\"@id\":\"https:\/\/viajes.travelatin.com\/#website\"},\"datePublished\":\"2019-03-16T22:26:19+00:00\",\"dateModified\":\"2019-03-17T15:19:07+00:00\",\"breadcrumb\":{\"@id\":\"https:\/\/viajes.travelatin.com\/en\/rumbos-peru\/valle-sagrado-de-los-incas\/#breadcrumb\"},\"inLanguage\":\"en-US\",\"potentialAction\":[{\"@type\":\"ReadAction\",\"target\":[\"https:\/\/viajes.travelatin.com\/en\/rumbos-peru\/valle-sagrado-de-los-incas\/\"]}]},{\"@type\":\"BreadcrumbList\",\"@id\":\"https:\/\/viajes.travelatin.com\/en\/rumbos-peru\/valle-sagrado-de-los-incas\/#breadcrumb\",\"itemListElement\":[{\"@type\":\"ListItem\",\"position\":1,\"name\":\"Portada\",\"item\":\"https:\/\/viajes.travelatin.com\/en\/\"},{\"@type\":\"ListItem\",\"position\":2,\"name\":\"Destination Per\u00fa\",\"item\":\"https:\/\/viajes.travelatin.com\/en\/rumbos-peru\/\"},{\"@type\":\"ListItem\",\"position\":3,\"name\":\"Valley Sacred of the Incas\"}]},{\"@type\":\"WebSite\",\"@id\":\"https:\/\/viajes.travelatin.com\/#website\",\"url\":\"https:\/\/viajes.travelatin.com\/\",\"name\":\"Shop Travelatin\",\"description\":\"Travel Peru\",\"potentialAction\":[{\"@type\":\"SearchAction\",\"target\":{\"@type\":\"EntryPoint\",\"urlTemplate\":\"https:\/\/viajes.travelatin.com\/?s={search_term_string}\"},\"query-input\":\"required name=search_term_string\"}],\"inLanguage\":\"en-US\"}]}<\/script>\n<!-- \/ Yoast SEO plugin. -->","yoast_head_json":{"title":"Valley Sacred of the Incas - Shop Travelatin","robots":{"index":"index","follow":"follow","max-snippet":"max-snippet:-1","max-image-preview":"max-image-preview:large","max-video-preview":"max-video-preview:-1"},"canonical":"https:\/\/viajes.travelatin.com\/en\/rumbos-peru\/valle-sagrado-de-los-incas\/","og_locale":"en_US","og_type":"article","og_title":"Valley Sacred of the Incas - Shop Travelatin","og_description":"Description la Vall\u00e9e Sacr\u00e9e Les attraits touristiques de la Vall\u00e9e Sacr\u00e9e Moyen d\u2019acc\u00e8s pour Cusco Description de la Vall\u00e9e Sacr\u00e9e La vall\u00e9e sacr\u00e9e des Incas est la partie de la vall\u00e9e de l\u2019Urubamba (aussi appel\u00e9 Vilcanota ou Wilcamayo) comprise entre les villages de Pisac et Ollantaytambo.La Vall\u00e9e Sacr\u00e9e est devenue l\u2019un des centres touristiques les [...]","og_url":"https:\/\/viajes.travelatin.com\/en\/rumbos-peru\/valle-sagrado-de-los-incas\/","og_site_name":"Shop Travelatin","article_modified_time":"2019-03-17T15:19:07+00:00","twitter_card":"summary_large_image","twitter_misc":{"Est. reading time":"6 minutes"},"schema":{"@context":"https:\/\/schema.org","@graph":[{"@type":"WebPage","@id":"https:\/\/viajes.travelatin.com\/en\/rumbos-peru\/valle-sagrado-de-los-incas\/","url":"https:\/\/viajes.travelatin.com\/en\/rumbos-peru\/valle-sagrado-de-los-incas\/","name":"Valley Sacred of the Incas - Shop Travelatin","isPartOf":{"@id":"https:\/\/viajes.travelatin.com\/#website"},"datePublished":"2019-03-16T22:26:19+00:00","dateModified":"2019-03-17T15:19:07+00:00","breadcrumb":{"@id":"https:\/\/viajes.travelatin.com\/en\/rumbos-peru\/valle-sagrado-de-los-incas\/#breadcrumb"},"inLanguage":"en-US","potentialAction":[{"@type":"ReadAction","target":["https:\/\/viajes.travelatin.com\/en\/rumbos-peru\/valle-sagrado-de-los-incas\/"]}]},{"@type":"BreadcrumbList","@id":"https:\/\/viajes.travelatin.com\/en\/rumbos-peru\/valle-sagrado-de-los-incas\/#breadcrumb","itemListElement":[{"@type":"ListItem","position":1,"name":"Portada","item":"https:\/\/viajes.travelatin.com\/en\/"},{"@type":"ListItem","position":2,"name":"Destination Per\u00fa","item":"https:\/\/viajes.travelatin.com\/en\/rumbos-peru\/"},{"@type":"ListItem","position":3,"name":"Valley Sacred of the Incas"}]},{"@type":"WebSite","@id":"https:\/\/viajes.travelatin.com\/#website","url":"https:\/\/viajes.travelatin.com\/","name":"Shop Travelatin","description":"Travel Peru","potentialAction":[{"@type":"SearchAction","target":{"@type":"EntryPoint","urlTemplate":"https:\/\/viajes.travelatin.com\/?s={search_term_string}"},"query-input":"required name=search_term_string"}],"inLanguage":"en-US"}]}},"jetpack_sharing_enabled":true,"_links":{"self":[{"href":"https:\/\/viajes.travelatin.com\/en\/wp-json\/wp\/v2\/pages\/671"}],"collection":[{"href":"https:\/\/viajes.travelatin.com\/en\/wp-json\/wp\/v2\/pages"}],"about":[{"href":"https:\/\/viajes.travelatin.com\/en\/wp-json\/wp\/v2\/types\/page"}],"author":[{"embeddable":true,"href":"https:\/\/viajes.travelatin.com\/en\/wp-json\/wp\/v2\/users\/1"}],"replies":[{"embeddable":true,"href":"https:\/\/viajes.travelatin.com\/en\/wp-json\/wp\/v2\/comments?post=671"}],"version-history":[{"count":2,"href":"https:\/\/viajes.travelatin.com\/en\/wp-json\/wp\/v2\/pages\/671\/revisions"}],"predecessor-version":[{"id":673,"href":"https:\/\/viajes.travelatin.com\/en\/wp-json\/wp\/v2\/pages\/671\/revisions\/673"}],"up":[{"embeddable":true,"href":"https:\/\/viajes.travelatin.com\/en\/wp-json\/wp\/v2\/pages\/666"}],"wp:attachment":[{"href":"https:\/\/viajes.travelatin.com\/en\/wp-json\/wp\/v2\/media?parent=671"}],"curies":[{"name":"wp","href":"https:\/\/api.w.org\/{rel}","templated":true}]}}