{"id":674,"date":"2019-03-16T22:57:43","date_gmt":"2019-03-16T22:57:43","guid":{"rendered":"https:\/\/viajes.travelatin.com\/rumbos-peru\/puno-lago-titicaca\/"},"modified":"2019-03-18T21:11:01","modified_gmt":"2019-03-18T21:11:01","slug":"puno-lago-titicaca","status":"publish","type":"page","link":"https:\/\/viajes.travelatin.com\/en\/rumbos-peru\/puno-lago-titicaca\/","title":{"rendered":"Lake Titicaca"},"content":{"rendered":"\n  <div id=\"page-header-711332885\" class=\"page-header-wrapper\">\n  <div class=\"page-title dark featured-title\">\n\n    \n    <div class=\"page-title-inner container align-center flex-row medium-flex-wrap\" >\n              <div class=\"title-wrapper flex-col text-left medium-text-center\">\n          <h1 class=\"entry-title mb-0\">\n            Lake Titicaca          <\/h1>\n        <\/div>\n                    <div class=\"title-content flex-col flex-right text-right medium-text-center\">\n        <div class=\"title-breadcrumbs pb-half pt-half\"><nav class=\"woocommerce-breadcrumb breadcrumbs uppercase\">Home<\/nav><\/div>      <\/div>\n    <\/div>\n\n       <\/div>\n    <\/div>\n  \n\n\n<ol>\n<li><a href=\"http:\/\/www.travelatin.com\/destinations-puno-et-le-lac-titicaca#description-de-puno-et-sa-region\">Description de Puno et sa r\u00e9gion<\/a><\/li>\n<li><a href=\"http:\/\/www.travelatin.com\/destinations-puno-et-le-lac-titicaca#histoire-de-la-region\">Histoire de la r\u00e9gion<\/a><\/li>\n<li><a href=\"http:\/\/www.travelatin.com\/destinations-puno-et-le-lac-titicaca#les-attraits-touristiques-de-la-ville-de-puno\">Les attraits touristiques de la ville de Puno<\/a><\/li>\n<li><a href=\"http:\/\/www.travelatin.com\/destinations-puno-et-le-lac-titicaca#les-attraits-touristiques-du-lac-titicaca\">Les attraits touristiques du Lac Titicaca<\/a><\/li>\n<li><a href=\"http:\/\/www.travelatin.com\/destinations-puno-et-le-lac-titicaca#moyen-d-acces\">Moyen d\u2019acc\u00e8s<\/a><\/li>\n<li><a href=\"http:\/\/www.travelatin.com\/destinations-puno-et-le-lac-titicaca#calendrier-touristique\">Calendrier touristique<\/a><\/li>\n<\/ol>\n\n\n<p><strong>Description de Puno et sa r\u00e9gion<\/strong><\/p>\n\n\n\n<p>Situ\u00e9e sur le plateau andin, cette r\u00e9gion est domin\u00e9e par la pr\u00e9sence du lac Titicaca, lieu sacr\u00e9 des Incas, poss\u00e9dant des \u00eeles naturelles et artificielles. L\u2019on y trouve des sites arch\u00e9ologiques pr\u00e9colombiens \u2013 des constructions circulaires, nomm\u00e9es chullpas depuis leur origine. Les \u00e9glises sont caract\u00e9ris\u00e9es par une architecture coloniale marqu\u00e9e. La ville est fi\u00e8re de son pass\u00e9 quechua et aymara, de sa tradition folklorique qui d\u00e9borde chaque ann\u00e9e avec des danses et des rites lors de la f\u00eate de la Virgen de la Candelaria. Puno est l\u00e9gende, f\u00eate multicolore et peupl\u00e9e d&#8217;\u00eeles naturelles et artificielles.<br>La r\u00e9gion de Puno est situ\u00e9e dans la zone sud orientale du P\u00e9rou. Sa topographie est accident\u00e9e et la majorit\u00e9 de ses villes sont situ\u00e9es dans de hautes zones montagneuses. Au nord se trouve la ville de Madre de Dios et au sud Tacna. Il est d\u00e9limit\u00e9 \u00e0 l\u00b4est par la Bolivie et \u00e0 l\u00b4ouest par Cusco, Arequipa et Moquegua. Sa superficie est de 72,382 km2 et sa population d\u00e9passe le million d\u00b4habitants. Sa capitale est Puno, situ\u00e9e au bord du lac Titicaca, \u00e0 3.827 m\u00e8tres d\u00b4altitude.<\/p>\n\n\n\n<p><strong>Histoire de la r\u00e9gion<\/strong><\/p>\n\n\n\n<p>Dans l&#8217;antiquit\u00e9, le plateau du Collao fut peupl\u00e9 par l\u00b4ethnie des Aymar\u00e1s (collas, zapanas, kallahuayos et lupacas), puis par les Quechuas. Selon le chroniqueur Garcilazo de la Vega, c\u00b4est le lieu de la l\u00e9gende de Manco C\u00e1pac et Mama Ocllo, qui sortirent des eaux du lac Titicaca pour fonder l&#8217;Empire des Incas. La culture pr\u00e9hispanique la plus importante et de majeure influence dans la r\u00e9gion fut la culture Aymar\u00e1, connue aussi sous le nom de Putina. \u00c0 l&#8217;\u00e9poque de la vice-royaut\u00e9, Puno \u00e9tait un lieu de passage oblig\u00e9 pour tout voyageur se rendant \u00e0 Potos\u00ed. C\u00b4est le Comte de Lemos qui, en 1668, a nomm\u00e9 San Juan Bautista de Puno comme capitale de la province de Paucarcolla. Ensuite, elle fut rebaptis\u00e9e San Carlos de Puno en hommage au gouverneur du moment Carlos II d&#8217;Espagne. En 1870, la ligne de chemin de fer Arequipa-Puno est install\u00e9e et par ailleurs, la navigation commence sur le lac. De nos jours, Puno est le port du lac Titicaca le plus important et le plus haut. Il dispose de voies de communications optimales avec Cusco telles que le chemin de fer et la route. Son industrie est agricole, navale et on y trouve aussi des usines de conserve de poissons. Bien que l&#8217;ethnie pr\u00e9dominante des bords du lac Titicaca soit l&#8217;Aymar\u00e1, les Indiens Uros y vivent aussi et tissent le roseau pour fabriquer des articles de vannerie.<\/p>\n\n\n\n<p><strong>Les attraits touristiques de la ville de Puno<\/strong><\/p>\n\n\n\n<p><strong>La Cath\u00e9drale :<\/strong><br>Situ\u00e9e sur la Place d&#8217;Armes, elle a \u00e9t\u00e9 construite au XVIII\u00e8me si\u00e8cle par le ma\u00e7on p\u00e9ruvien Sim\u00f3n de Asto. C\u00b4est un des rares b\u00e2timents qui conserve encore l&#8217;inscription et le nom du constructeur sur son portail. La cath\u00e9drale est de style baroque et constitue un exemple de l&#8217;architecture m\u00e9tisse locale.<\/p>\n\n\n\n<p><strong>Balcon du Comte de Lemos :<\/strong> Situ\u00e9 au coin des rues Deustua et Conde de Lemos, on pr\u00e9tend que c\u00b4est l\u00e0, dans cette maison, que logea le vice-roi du m\u00eame nom \u00e0 son arriv\u00e9e \u00e0 Puno en 1668.<\/p>\n\n\n\n<p><strong>Cerrito de Huajsapata :<\/strong><br>La petite butte de Huajsapata se trouve \u00e0 quatre rues de la Place d&#8217;Armes, \u00e0 l&#8217;ouest de la ville. En son sommet se trouve le monument \u00e0 Manco C\u00e1pac. De l\u00e0, on peut appr\u00e9cier un belle vue panoramique de la ville de Puno et du Lac Titicaca.<\/p>\n\n\n\n<p><strong>Mus\u00e9e Municipal Dreyer :<\/strong><br>Situ\u00e9 dans la rue Conde de Lemos, au num\u00e9ro 289, se mus\u00e9e propose une collection de c\u00e9ramique, d\u00b4orf\u00e8vrerie, de tissus et de sculptures lytiques pr\u00e9 inca et incas. On y trouve \u00e9galement une collection numismatique ainsi que des documents historiques sur la fondation de la ville de Puno par les espagnols.<\/p>\n\n\n\n<p><strong>Les attraits touristiques du Lac Titicaca<\/strong><br>Le Lac Titicaca est situ\u00e9 \u00e0 dix rues de la Place d&#8217;Armes de Puno. C&#8217;est le lac navigable le plus haut du monde. Sa superficie est de 8.560 kilom\u00e8tres carr\u00e9s et sa profondeur maximale atteint les 227 m\u00e8tres. Vous serez impressionn\u00e9s par la transparence de ses eaux. Le lac h\u00e9berge 36 \u00eeles dont les plus importantes sont Taquile et Amantani. Il abrite une grande quantit\u00e9 d&#8217;oiseaux (comme des Flamands, des huallatas, des keles et des tiquis) ainsi que de nombreuses vari\u00e9t\u00e9s de poissons (Karachi, perches, truites, suches et ispis, entre autres).<\/p>\n\n\n\n<p><strong>P\u00e9ninsule de Llachon :<\/strong><br>Vous d\u00e9couvrirez la P\u00e9ninsule de Llachon avec nos circuits \u00e0 d\u00e9part fixe en groupe :<\/p>\n\n\n\n<ul class=\"wp-block-list\"><li><a href=\"http:\/\/www.travelatin.com\/circuits-accompagnes-perou-bolivie\/circuits-accompagnes-en-groupe-perou-depart-date-fixe-culture-histoire\/\">C\u2019est le P\u00e9rou! \u2013 15 Jours<\/a><\/li><li><a href=\"http:\/\/www.travelatin.com\/circuits-accompagnes-perou-bolivie\/circuits-accompagnes-en-groupe-perou-bolivie-depart-date-fixe-andine\/\">Perou \u2013 Bolivie : Atmosph\u00e8re Andine \u2013 20 Jours<\/a><\/li><\/ul>\n\n\n\n<p>Llachon est une communaut\u00e9 rurale strat\u00e9giquement situ\u00e9e au bout de la pointe de la P\u00e9ninsule de Capachica, aux bords du lac Titicaca, au Nord-est de la ville de Puno et face aux \u00eeles de Taquile, Amantani, Uros, Suazi, et pr\u00e8s de la p\u00e9ninsule de Chucuito. Dans cette partie du Lac Titicaca, Depuis 1985 travelatin d\u00e9veloppe des exp\u00e9riences uniques en logeant dans l\u00b4une des maisons des familles de paysans et vous partagerez les activit\u00e9s propres aux coutumes et aux traditions des habitants de Llachon. De nos jours Llach\u00f3n est un village qui vit du tourisme et des activit\u00e9s agricoles, du b\u00e9tail, de la p\u00eache et de l\u00b4artisanat. Diff\u00e9rentes randonn\u00e9es sont organis\u00e9es autour de la p\u00e9ninsule de Llachon.<\/p>\n\n\n\n<p><strong>Ile flottante Los Uros :<\/strong><br>Vous d\u00e9couvrirez les \u00eeles Uros avec nos circuits \u00e0 d\u00e9part fixe en groupe :<\/p>\n\n\n\n<ul class=\"wp-block-list\"><li><a href=\"http:\/\/www.travelatin.com\/circuits-accompagnes-perou-bolivie\/circuits-accompagnes-en-groupe-perou-depart-date-fixe-culture-histoire\/\">C\u2019est le P\u00e9rou! \u2013 15 Jours<\/a><\/li><li><a href=\"http:\/\/www.travelatin.com\/circuits-accompagnes-perou-bolivie\/circuits-accompagnes-en-groupe-perou-bolivie-depart-date-fixe-andine\/\">Perou \u2013 Bolivie : Atmosph\u00e8re Andine \u2013 20 Jours<\/a><\/li><\/ul>\n\n\n\n<p>Situ\u00e9 \u00e0 4 Km de Puno, il s\u00b4agit d\u00b4un ensemble de 40 grands \u00eelots flottants en roseau o\u00f9 les habitants vivent du tourisme.<\/p>\n\n\n\n<p><strong>Ile Taquile :<\/strong><br>Vous d\u00e9couvrirez l\u2019\u00eele Taquile avec nos circuits \u00e0 d\u00e9part fixe en groupe :<\/p>\n\n\n\n<ul class=\"wp-block-list\"><li><a href=\"http:\/\/www.travelatin.com\/circuits-accompagnes-perou-bolivie\/circuits-accompagnes-en-groupe-perou-depart-date-fixe-culture-histoire\/\">C\u2019est le P\u00e9rou! \u2013 15 Jours<\/a><\/li><li><a href=\"http:\/\/www.travelatin.com\/circuits-accompagnes-perou-bolivie\/circuits-accompagnes-en-groupe-perou-bolivie-depart-date-fixe-andine\/\">Perou \u2013 Bolivie : Atmosph\u00e8re Andine \u2013 20 Jours<\/a><\/li><\/ul>\n\n\n\n<p>\u00c0 35 Km de la ville de Puno, les habitants de cette \u00eele se consacrent \u00e0 l&#8217;agriculture. Ils ont d\u00e9velopp\u00e9 une forme originale de tourisme communautaire o\u00f9 les habitants partagent leurs aliments, leur logement, leurs coutumes et leurs traditions.<\/p>\n\n\n\n<p><strong>Ile Amantani :<\/strong><br>Situ\u00e9e \u00e0 37 Km du port de Puno, cette \u00eele est peupl\u00e9e par quelque quatre mille personnes, r\u00e9parties au sein de huit communaut\u00e9s qui se consacrent \u00e0 l&#8217;agriculture et \u00e0 la construction de quais flottants en roseau. Ces communaut\u00e9s sont \u00e9galement importantes de par leur valeur ethnique et culturelle.<\/p>\n\n\n\n<p><strong>Chullpas de Sillustani :<\/strong><br>Zone arch\u00e9ologique situ\u00e9e \u00e0 34 kilom\u00e8tres de la capitale Puno, c\u00b4est l\u00b4une des n\u00e9cropoles les plus importantes du monde. Localis\u00e9e sur une esplanade \u00e9lev\u00e9e \u00e0 quatre mille m\u00e8tres d\u00b4altitude, elle est entour\u00e9e par la splendide lagune d&#8217;Umayo. Les chullpas sont des monuments fun\u00e9raires gigantesques construits par les Collas : constructions quadrangulaires et circulaires qui d\u00e9passent les 12 m\u00e8tres de hauteur.<\/p>\n\n\n\n<p><strong>Pucar\u00e1 :<\/strong><br>Village situ\u00e9 \u00e0 101 kilom\u00e8tres au nord de Puno, sa poterie ocre est r\u00e9put\u00e9e pour ses &#8220;Toritos de Pucar\u00e1&#8221;, c\u00e9ramiques en forme de taureau qui ornent souvent les toits des maisons andines en guise de porte-bonheur.<\/p>\n\n\n\n<p><strong>Chucuito :<\/strong><br>Ce village, \u00e0 18 kilom\u00e8tres au sud de Puno, se compose d\u00b4une jolie place principale et d\u00b4une l&#8217;\u00e9glise coloniale appel\u00e9e Asunci\u00f3n (1601). C\u00b4est l\u00b4un des plus anciens villages de la r\u00e9gion qui, pendant l\u00b4\u00e9poque coloniale, \u00e9tait tr\u00e8s d\u00e9velopp\u00e9. Non loin se trouve l&#8217;adoratoire de l&#8217;Inca Uyo ou Temple de la Fertilit\u00e9 qui offre \u00e0 la vue de grandes sculptures en pierre ayant la forme de phallus. On pense que ce lieu avait pour but de rendre un culte \u00e0 la fertilit\u00e9.<\/p>\n\n\n\n<p><strong>Moyen d\u2019acc\u00e8s<\/strong><br><strong>Par la route :<\/strong><br>Depuis Lima, la principale route est celle qui relie Lima \u00e0 Arequipa via Juliaca pour arriver \u00e0 Puno (1,335 Km.) en 24 heures.<\/p>\n\n\n\n<p><strong>Par avion :<\/strong><br>Il existe plusieurs vols entre Lima et Juliaca (d\u00b4une heure et 45 minutes) et Arequipa (45 minutes).<\/p>\n\n\n\n<p><strong>Calendrier touristique<\/strong><\/p>\n\n\n\n<p>2 f\u00e9vrier : Vierge de la Chandeleur, Patronne de Puno. Date du d\u00e9but des f\u00eates qui dureront dix jours. Le premier jour, des centaines de groupes de danse des localit\u00e9s voisines rendent hommage \u00e0 la &#8220;Mamacha&#8221; en exhibant leur meilleur folklore et leurs danses les plus \u00e9l\u00e9gantes. On pourra ici appr\u00e9cier la c\u00e9l\u00e8bre danse du diable. L&#8217;ic\u00f4ne de la vierge est port\u00e9e en procession dans les rues principales. Les jours suivants, ce sont les march\u00e9s et les f\u00eates de quartiers qui sont investis : on boit et on danse jour et nuit.<br>Derni\u00e8re semaine de f\u00e9vrier et premi\u00e8re semaine de mars : F\u00eate des comp\u00e8res et des comm\u00e8res \u00e0 Ayabaca, Juliaca. C\u00b4est l\u00e0 que sont renouvel\u00e9s les liens du compagnonnage. Dans chaque maison, on danse et on boit de jour comme de nuit au son des diff\u00e9rents groupes de musique.<br>Carnavals. Les dimanches, les groupes de musiciens ou de danseurs parcourent les diff\u00e9rents quartiers de la ville et les villages. C\u00b4est \u00e0 cette \u00e9poque que vous appr\u00e9cierez les plus belles danses, partag\u00e9es par toute la population qui suit le rythme des fl\u00fbtes de pan et des tambours.<br>8 mars : F\u00eate de San Juan de Dios. L&#8217;\u00c9glise situ\u00e9e au centre de Puno est anim\u00e9e par divers groupes musicaux et des groupes de danseurs qui vivent au rythme des sicuris (fl\u00fbtistes) afin de c\u00e9l\u00e9brer le saint patron. Tous les fid\u00e8les lui portent une offrande qu\u00b4ils d\u00e9posent tout en dansant.<br>Du 2 au 5 mai : F\u00eate des Alasitas. Traditionnelle f\u00eate des objets miniatures, le jour le plus festif est le 3 mai. Les commer\u00e7ants proposent des maisons, des voitures, des avions, de l\u00b4argent, des artefacts et tout ce dont l&#8217;imagination peut r\u00eaver. Ces miniatures sont achet\u00e9es par le public et sont b\u00e9nies devant les sp\u00e9cialistes \u201dchalladores\u201d. On dit qu\u00b4au cours de l\u00b4ann\u00e9e, chacun obtiendra en taille r\u00e9elle ce qu\u00b4il a acquis en miniature.<br>15 juillet : F\u00eate de la Vierge Carmen \u00e0 Cabana.<br>15 ao\u00fbt : F\u00eate en hommage \u00e0 la Vierge Asunta, patronne de Cabana.<br>24 septembre : F\u00eate de Notre Dame des Mercedes. Elle est c\u00e9l\u00e9br\u00e9e \u00e0 Juliaca o\u00f9 des f\u00eates agricoles, commer\u00e7antes et rurales color\u00e9es durent huit jours.<br>10 octobre: F\u00eate de San Francisco de As\u00eds. \u00c0 Yunguyo, la population rend hommage au \u201cTata Pancho&#8221; avec des danses folkloriques, de nombreux repas et de multiples boissons.<br>24 octobre : Anniversaire de Juliaca.<br>4 novembre : Anniversaire de Puno.<\/p>\n","protected":false},"excerpt":{"rendered":"<p>Description de Puno et sa r\u00e9gion Histoire de la r\u00e9gion Les attraits touristiques de la ville de Puno Les attraits touristiques du Lac Titicaca Moyen d\u2019acc\u00e8s Calendrier touristique Description de Puno et sa r\u00e9gion Situ\u00e9e sur le plateau andin, cette r\u00e9gion est domin\u00e9e par la pr\u00e9sence du lac Titicaca, lieu sacr\u00e9 des Incas, poss\u00e9dant des [&#8230;]\n","protected":false},"author":1,"featured_media":0,"parent":666,"menu_order":0,"comment_status":"closed","ping_status":"closed","template":"","meta":{"footnotes":""},"class_list":["post-674","page","type-page","status-publish","hentry"],"yoast_head":"<!-- This site is optimized with the Yoast SEO plugin v23.1 - https:\/\/yoast.com\/wordpress\/plugins\/seo\/ -->\n<title>Lake Titicaca - Shop Travelatin<\/title>\n<meta name=\"robots\" content=\"index, follow, max-snippet:-1, max-image-preview:large, max-video-preview:-1\" \/>\n<link rel=\"canonical\" href=\"https:\/\/viajes.travelatin.com\/en\/rumbos-peru\/puno-lago-titicaca\/\" \/>\n<meta property=\"og:locale\" content=\"en_US\" \/>\n<meta property=\"og:type\" content=\"article\" \/>\n<meta property=\"og:title\" content=\"Lake Titicaca - Shop Travelatin\" \/>\n<meta property=\"og:description\" content=\"Description de Puno et sa r\u00e9gion Histoire de la r\u00e9gion Les attraits touristiques de la ville de Puno Les attraits touristiques du Lac Titicaca Moyen d\u2019acc\u00e8s Calendrier touristique Description de Puno et sa r\u00e9gion Situ\u00e9e sur le plateau andin, cette r\u00e9gion est domin\u00e9e par la pr\u00e9sence du lac Titicaca, lieu sacr\u00e9 des Incas, poss\u00e9dant des [...]\" \/>\n<meta property=\"og:url\" content=\"https:\/\/viajes.travelatin.com\/en\/rumbos-peru\/puno-lago-titicaca\/\" \/>\n<meta property=\"og:site_name\" content=\"Shop Travelatin\" \/>\n<meta property=\"article:modified_time\" content=\"2019-03-18T21:11:01+00:00\" \/>\n<meta name=\"twitter:card\" content=\"summary_large_image\" \/>\n<meta name=\"twitter:label1\" content=\"Est. reading time\" \/>\n\t<meta name=\"twitter:data1\" content=\"9 minutes\" \/>\n<script type=\"application\/ld+json\" class=\"yoast-schema-graph\">{\"@context\":\"https:\/\/schema.org\",\"@graph\":[{\"@type\":\"WebPage\",\"@id\":\"https:\/\/viajes.travelatin.com\/en\/rumbos-peru\/puno-lago-titicaca\/\",\"url\":\"https:\/\/viajes.travelatin.com\/en\/rumbos-peru\/puno-lago-titicaca\/\",\"name\":\"Lake Titicaca - Shop Travelatin\",\"isPartOf\":{\"@id\":\"https:\/\/viajes.travelatin.com\/#website\"},\"datePublished\":\"2019-03-16T22:57:43+00:00\",\"dateModified\":\"2019-03-18T21:11:01+00:00\",\"breadcrumb\":{\"@id\":\"https:\/\/viajes.travelatin.com\/en\/rumbos-peru\/puno-lago-titicaca\/#breadcrumb\"},\"inLanguage\":\"en-US\",\"potentialAction\":[{\"@type\":\"ReadAction\",\"target\":[\"https:\/\/viajes.travelatin.com\/en\/rumbos-peru\/puno-lago-titicaca\/\"]}]},{\"@type\":\"BreadcrumbList\",\"@id\":\"https:\/\/viajes.travelatin.com\/en\/rumbos-peru\/puno-lago-titicaca\/#breadcrumb\",\"itemListElement\":[{\"@type\":\"ListItem\",\"position\":1,\"name\":\"Portada\",\"item\":\"https:\/\/viajes.travelatin.com\/en\/\"},{\"@type\":\"ListItem\",\"position\":2,\"name\":\"Destination Per\u00fa\",\"item\":\"https:\/\/viajes.travelatin.com\/en\/rumbos-peru\/\"},{\"@type\":\"ListItem\",\"position\":3,\"name\":\"Lake Titicaca\"}]},{\"@type\":\"WebSite\",\"@id\":\"https:\/\/viajes.travelatin.com\/#website\",\"url\":\"https:\/\/viajes.travelatin.com\/\",\"name\":\"Shop Travelatin\",\"description\":\"Travel Peru\",\"potentialAction\":[{\"@type\":\"SearchAction\",\"target\":{\"@type\":\"EntryPoint\",\"urlTemplate\":\"https:\/\/viajes.travelatin.com\/?s={search_term_string}\"},\"query-input\":\"required name=search_term_string\"}],\"inLanguage\":\"en-US\"}]}<\/script>\n<!-- \/ Yoast SEO plugin. -->","yoast_head_json":{"title":"Lake Titicaca - Shop Travelatin","robots":{"index":"index","follow":"follow","max-snippet":"max-snippet:-1","max-image-preview":"max-image-preview:large","max-video-preview":"max-video-preview:-1"},"canonical":"https:\/\/viajes.travelatin.com\/en\/rumbos-peru\/puno-lago-titicaca\/","og_locale":"en_US","og_type":"article","og_title":"Lake Titicaca - Shop Travelatin","og_description":"Description de Puno et sa r\u00e9gion Histoire de la r\u00e9gion Les attraits touristiques de la ville de Puno Les attraits touristiques du Lac Titicaca Moyen d\u2019acc\u00e8s Calendrier touristique Description de Puno et sa r\u00e9gion Situ\u00e9e sur le plateau andin, cette r\u00e9gion est domin\u00e9e par la pr\u00e9sence du lac Titicaca, lieu sacr\u00e9 des Incas, poss\u00e9dant des [...]","og_url":"https:\/\/viajes.travelatin.com\/en\/rumbos-peru\/puno-lago-titicaca\/","og_site_name":"Shop Travelatin","article_modified_time":"2019-03-18T21:11:01+00:00","twitter_card":"summary_large_image","twitter_misc":{"Est. reading time":"9 minutes"},"schema":{"@context":"https:\/\/schema.org","@graph":[{"@type":"WebPage","@id":"https:\/\/viajes.travelatin.com\/en\/rumbos-peru\/puno-lago-titicaca\/","url":"https:\/\/viajes.travelatin.com\/en\/rumbos-peru\/puno-lago-titicaca\/","name":"Lake Titicaca - Shop Travelatin","isPartOf":{"@id":"https:\/\/viajes.travelatin.com\/#website"},"datePublished":"2019-03-16T22:57:43+00:00","dateModified":"2019-03-18T21:11:01+00:00","breadcrumb":{"@id":"https:\/\/viajes.travelatin.com\/en\/rumbos-peru\/puno-lago-titicaca\/#breadcrumb"},"inLanguage":"en-US","potentialAction":[{"@type":"ReadAction","target":["https:\/\/viajes.travelatin.com\/en\/rumbos-peru\/puno-lago-titicaca\/"]}]},{"@type":"BreadcrumbList","@id":"https:\/\/viajes.travelatin.com\/en\/rumbos-peru\/puno-lago-titicaca\/#breadcrumb","itemListElement":[{"@type":"ListItem","position":1,"name":"Portada","item":"https:\/\/viajes.travelatin.com\/en\/"},{"@type":"ListItem","position":2,"name":"Destination Per\u00fa","item":"https:\/\/viajes.travelatin.com\/en\/rumbos-peru\/"},{"@type":"ListItem","position":3,"name":"Lake Titicaca"}]},{"@type":"WebSite","@id":"https:\/\/viajes.travelatin.com\/#website","url":"https:\/\/viajes.travelatin.com\/","name":"Shop Travelatin","description":"Travel Peru","potentialAction":[{"@type":"SearchAction","target":{"@type":"EntryPoint","urlTemplate":"https:\/\/viajes.travelatin.com\/?s={search_term_string}"},"query-input":"required name=search_term_string"}],"inLanguage":"en-US"}]}},"jetpack_sharing_enabled":true,"_links":{"self":[{"href":"https:\/\/viajes.travelatin.com\/en\/wp-json\/wp\/v2\/pages\/674"}],"collection":[{"href":"https:\/\/viajes.travelatin.com\/en\/wp-json\/wp\/v2\/pages"}],"about":[{"href":"https:\/\/viajes.travelatin.com\/en\/wp-json\/wp\/v2\/types\/page"}],"author":[{"embeddable":true,"href":"https:\/\/viajes.travelatin.com\/en\/wp-json\/wp\/v2\/users\/1"}],"replies":[{"embeddable":true,"href":"https:\/\/viajes.travelatin.com\/en\/wp-json\/wp\/v2\/comments?post=674"}],"version-history":[{"count":2,"href":"https:\/\/viajes.travelatin.com\/en\/wp-json\/wp\/v2\/pages\/674\/revisions"}],"predecessor-version":[{"id":806,"href":"https:\/\/viajes.travelatin.com\/en\/wp-json\/wp\/v2\/pages\/674\/revisions\/806"}],"up":[{"embeddable":true,"href":"https:\/\/viajes.travelatin.com\/en\/wp-json\/wp\/v2\/pages\/666"}],"wp:attachment":[{"href":"https:\/\/viajes.travelatin.com\/en\/wp-json\/wp\/v2\/media?parent=674"}],"curies":[{"name":"wp","href":"https:\/\/api.w.org\/{rel}","templated":true}]}}