{"id":678,"date":"2019-03-16T22:42:59","date_gmt":"2019-03-16T22:42:59","guid":{"rendered":"https:\/\/viajes.travelatin.com\/rumbos-peru\/arequipa\/"},"modified":"2019-03-17T15:24:23","modified_gmt":"2019-03-17T15:24:23","slug":"arequipa","status":"publish","type":"page","link":"https:\/\/viajes.travelatin.com\/en\/rumbos-peru\/arequipa\/","title":{"rendered":"Arequipa"},"content":{"rendered":"\n  <div id=\"page-header-1954868578\" class=\"page-header-wrapper\">\n  <div class=\"page-title dark featured-title\">\n\n    \n    <div class=\"page-title-inner container align-center flex-row medium-flex-wrap\" >\n              <div class=\"title-wrapper flex-col text-left medium-text-center\">\n          <h1 class=\"entry-title mb-0\">\n            Arequipa          <\/h1>\n        <\/div>\n                    <div class=\"title-content flex-col flex-right text-right medium-text-center\">\n        <div class=\"title-breadcrumbs pb-half pt-half\"><nav class=\"woocommerce-breadcrumb breadcrumbs uppercase\">Home<\/nav><\/div>      <\/div>\n    <\/div>\n\n       <\/div>\n    <\/div>\n  \n\n\n<ol>\n<li><a href=\"http:\/\/www.travelatin.com\/destination-perou-arequipa#description-d-arequipa\">Description d\u2019Arequipa<\/a><\/li>\n<li><a href=\"http:\/\/www.travelatin.com\/destination-perou-arequipa#histoire-d-arequipa\">Histoire d\u2019Arequipa<\/a><\/li>\n<li><a href=\"http:\/\/www.travelatin.com\/destination-perou-arequipa#les-attraits-touristiques-d-arequipa\">Les attraits touristiques d\u2019Arequipa<\/a><\/li>\n<li><a href=\"http:\/\/www.travelatin.com\/destination-perou-arequipa#les-attraits-des-environs-d-arequipa\">Les attraits des environs d\u2019Arequipa<\/a><\/li>\n<li><a href=\"http:\/\/www.travelatin.com\/destination-perou-arequipa#moyen-d-acces\">Moyen d\u2019acc\u00e8s<\/a><\/li>\n<li><a href=\"http:\/\/www.travelatin.com\/destination-perou-arequipa#les-plats-typiques\">Les plats typiques<\/a><\/li>\n<li><a href=\"http:\/\/www.travelatin.com\/destination-perou-arequipa#calendrier-touristique\">Calendrier touristique<\/a><\/li>\n<\/ol>\n\n\n<p><strong>Description d\u2019Arequipa<\/strong><\/p>\n\n\n\n<p>La r\u00e9gion d&#8217;Arequipa est une des 24 r\u00e9gions du P\u00e9rou.<br>Elle est situ\u00e9e au sud-ouest du pays. Sa localisation est strat\u00e9gique pour le P\u00e9rou car elle est connect\u00e9e avec environ 40 % du pays et avec le monde par voies maritime et a\u00e9rienne.<br>Arequipa est la capitale de la r\u00e9gion p\u00e9ruvienne du m\u00eame nom, et la deuxi\u00e8me ville du pays pour ce qui est de la population. La ville est situ\u00e9e \u00e0 2 335 m\u00e8tres d&#8217;altitude, au pied du volcan Misti, dans les Andes p\u00e9ruviennes. Elle est surnomm\u00e9e La cit\u00e9 blanche.<br>Arequipa vous d\u00e9voile une belle architecture \u00e0 base de pierres de taille ainsi que des paysages et une campagne enviables. La ville poss\u00e8de aussi en son centre le plus grand couvent du monde, le couvent Santa Catalina.<\/p>\n\n\n\n<p><strong>Histoire d\u2019Arequipa<\/strong><\/p>\n\n\n\n<p>Le d\u00e9partement d\u2019Arequipa est riche d\u2019une histoire qui remonte \u00e0 des \u00e9poques anciennes. On estime que ses premiers habitants s\u2019y \u00e9tablirent entre 6 000 et 8 000 ans avant J\u00e9sus-Christ, pendant la p\u00e9riode Pal\u00e9olithique. On trouve des preuves de leur existence pr\u00e8s de la r\u00e9gion d\u2019Yarabamba en Pampa Colorada et \u00e0 Sumbay, derri\u00e8re le Mont Misti o\u00f9 l\u2019on peut voir des peintures rupestres dans des cavernes.<br>Autour du XV\u00e8me si\u00e8cle, quand les incas \u00e9tendirent leur territoire dans ces r\u00e9gions, ils rencontr\u00e8rent deux groupes ethniques \u00e9tablis dans la r\u00e9gion de la vall\u00e9e du Colca : les Callaguas et les Cabanas qui se d\u00e9tach\u00e8rent par leur agriculture comme on peut encore le constater aujourd\u2019hui \u00e0 travers l\u2019observation des terrasses et des syst\u00e8mes d\u2019irrigation.<\/p>\n\n\n\n<p>Le 15 ao\u00fbt 1540, sous ordre du capitaine Garc\u00eda Manuel Carbajal, les espagnols fondent la &#8220;Villa Hermosa d\u2019Ar\u00e9quipa&#8221; et un an apr\u00e8s, le roi Carlos V l\u2019\u00e9l\u00e8ve \u00e0 la cat\u00e9gorie de Cit\u00e9 et en lui accordant le blason d\u2019armes qui est maintenu jusqu\u2019\u00e0 notre \u00e9poque. La d\u00e9nomm\u00e9e &#8220;Ciudad Blanca&#8221; ou &#8220;Ville Blanche&#8221; \u00e0 cause de ses b\u00e2timents blancs construits en pierres de taille (issues de cendres volcaniques p\u00e9trifi\u00e9es \u00e9manant du volcan Chachani) fut un important bastion de la lutte pour l\u2019ind\u00e9pendance du pays au XIX\u00e8me si\u00e8cle. Ses pr\u00e9curseurs sont Juan Pablo Vizcardo et Guzm\u00e1n, auteur de la charte aux Espagnols Am\u00e9ricains ; Francisco Javier de Lune Pizarro, Pr\u00e9sident du Premier Congr\u00e8s Constitutif en 1822 et le po\u00e8te Mariano Melgar, fusill\u00e9 \u00e0 Humachiri.<br>De nos jours, Arequipa est l\u2019un des plus importants centres commerciaux et industriels du sud du P\u00e9rou. Lieu de croisement des trains, des avions et des routes, Arequipa est entour\u00e9e de grandes sources mini\u00e8res. Connue aussi comme &#8220;la ville caudillo&#8221; de par l\u2019inqui\u00e9tude politique de ses habitants, Arequipa dispose d\u2019un grand choix d\u2019h\u00e9bergements, d\u2019h\u00f4tels, de r\u00e9seaux de transport et de communications qui lui permettent d\u2019offrir \u00e0 ses touristes toutes les qualit\u00e9s d\u2019une ville moderne. Elle fut le lieu des XIII\u00e8mes Jeux Sportifs Boliviens en 97.<\/p>\n\n\n\n<p><strong>Les attraits touristiques d\u2019Arequipa<\/strong><\/p>\n\n\n\n<p><strong>Le centre colonial :<\/strong><br>Vous d\u00e9couvrirez le centre colonial avec nos circuits \u00e0 d\u00e9part fixe en groupe :<\/p>\n\n\n\n<ul class=\"wp-block-list\"><li><a href=\"http:\/\/www.travelatin.com\/circuits-accompagnes-perou-bolivie\/circuits-accompagnes-en-groupe-perou-depart-date-fixe-culture-histoire\/\">C\u2019est le P\u00e9rou! \u2013 15 Jours<\/a><\/li><li><a href=\"http:\/\/www.travelatin.com\/circuits-accompagnes-perou-bolivie\/circuits-accompagnes-en-groupe-perou-bolivie-depart-date-fixe-andine\/\">Perou \u2013 Bolivie : Atmosph\u00e8re Andine \u2013 20 Jours<\/a><\/li><\/ul>\n\n\n\n<p>La ville d\u2019Arequipa est assez petite et le centre colonial se parcourt facilement \u00e0 pied. Vous pourrez visiter la place d\u2019armes (l\u2019une des plus belles du pays avec palmiers, fontaines et pigeons), la compagnie de J\u00e9sus (\u00e9glise j\u00e9suite du 17\u00e8me si\u00e8cle avec magnifique fa\u00e7ade baroque) ou encore le quartier de Yanahuara.<\/p>\n\n\n\n<p><strong>Monast\u00e8re de Santa Catalina :<\/strong><br>Vous d\u00e9couvrirez le monast\u00e8re de Santa Catalina avec nos circuits \u00e0 d\u00e9part fixe en groupe :<\/p>\n\n\n\n<ul class=\"wp-block-list\"><li><a href=\"http:\/\/www.travelatin.com\/circuits-accompagnes-perou-bolivie\/circuits-accompagnes-en-groupe-perou-depart-date-fixe-culture-histoire\/\">C\u2019est le P\u00e9rou! \u2013 15 Jours<\/a><\/li><li><a href=\"http:\/\/www.travelatin.com\/circuits-accompagnes-perou-bolivie\/circuits-accompagnes-en-groupe-perou-bolivie-depart-date-fixe-andine\/\">Perou \u2013 Bolivie : Atmosph\u00e8re Andine \u2013 20 Jours<\/a><\/li><\/ul>\n\n\n\n<p>C\u2019est le monument religieux le plus important et impressionnant du P\u00e9rou. Fond\u00e9 en septembre 1579 sous l\u2019invocation de Santa Catalina de Siena, il a \u00e9t\u00e9 interdit au public jusqu\u2019en 1970. Avec une surface de 20 426 m\u00e8tres carr\u00e9s, les caract\u00e9ristiques des XVI\u00e8me et XVII\u00e8me si\u00e8cles sont conserv\u00e9es intactes, avec d\u2019\u00e9troites places, des rues et des jardins portant des noms de villes espagnoles comme les anciens quartiers de S\u00e9ville ou de Grenade. Le monast\u00e8re comprend deux mus\u00e9es contenant d\u2019importantes pi\u00e8ces de collection telles que des reliques, des ornements religieux, etc.<br><strong>La Cath\u00e9drale :<\/strong><br>La cath\u00e9drale domine la place principale d\u2019Arequipa. Premier monument religieux du XVII\u00e8me si\u00e8cle, l\u2019ancienne Cath\u00e9drale fut d\u00e9truite par un incendie en 1844. Elle fut restaur\u00e9e en 1868 par Lucas Poblete, d\u2019Arequipa. Elle est du style n\u00e9o-renaissance avec une certaine influence fran\u00e7aise. Comme dans beaucoup d\u2019autres \u00e9glises d\u2019Am\u00e9rique du Sud, l\u2019orgue de l\u2019\u00e9glise vient de Belgique. Les pierres de taille dominent le front nord de la Place d\u2019Armes.<\/p>\n\n\n\n<p><strong>\u00c9glise La Merced :<\/strong><br>L\u2019\u00e9glise et le couvent datent de la fin du XVII\u00e8me si\u00e8cle et sont de style baroque. Ils renferment une biblioth\u00e8que vice-royale ainsi que de remarquables peintures.<\/p>\n\n\n\n<p><strong>\u00c9glise La Compa\u00f1\u00eda :<\/strong><br>La fa\u00e7ade de l\u2019\u00e9glise de la Compa\u00f1\u00eda se d\u00e9tache d\u2019entre les autres temples par son style plateresque m\u00e9tisse (d\u00e9cor tr\u00e8s charg\u00e9 avec orf\u00e8vreries en argent), sa structure de deux \u00e9tages, sa chaire en bois sculpt\u00e9 et sa sacristie. Le clo\u00eetre de l\u2019\u00e9glise de la Compa\u00f1\u00eda comporte des galeries vo\u00fbt\u00e9es et des demi-arcs dont les colonnes sont fa\u00e7onn\u00e9es.<\/p>\n\n\n\n<p><strong>\u00c9glise San Agust\u00edn :<\/strong><br>Sa fa\u00e7ade baroque avec d\u2019abondants d\u00e9cors sculpt\u00e9s dans la pierre est surprenante. Remarquez sa sacristie, \u0153uvre moderne issue de l\u2019art m\u00e9tisse.<\/p>\n\n\n\n<p><strong>\u00c9glise Santo Domingo :<\/strong><br>Cette \u00e9glise du XVII\u00e8me si\u00e8cle poss\u00e8de d\u2019int\u00e9ressants bas-reliefs sculpt\u00e9s sur la porte lat\u00e9rale droite.<\/p>\n\n\n\n<p><strong>\u00c9glise San Francisco :<\/strong><br>Sa biblioth\u00e8que renferme plus de 20,000 volumes, un mus\u00e9e de peintures et une chapelle qui datent du XVI\u00e8me si\u00e8cle.<\/p>\n\n\n\n<p><strong>La Recoleta :<\/strong><br>Couvent franciscain fond\u00e9 en 1648, ses clo\u00eetres sont un exemple de l\u2019architecture de la vice-royaut\u00e9 d\u2019Arequipa. Sa biblioth\u00e8que comprend des \u0153uvres des XVI\u00e8me, XVII\u00e8me et XVIII\u00e8me si\u00e8cles (25.000 volumes). Il comprend aussi un Mus\u00e9e Amazonien qui renferme des objets provenant de l\u2019activit\u00e9 des missionnaires qui vivaient dans la jungle \u00e0 cette \u00e9poque.<\/p>\n\n\n\n<p><strong>Parmi les &#8220;casa&#8221; :<\/strong><br>Casa del Moral : Cette maison traditionnelle du XVII\u00e8me si\u00e8cle poss\u00e8de un beau portail ainsi qu\u2019un int\u00e9rieur comprenant des salles vo\u00fbt\u00e9es.<br>Casa Trist\u00e1n del Pozo : Cette maison est actuellement la propri\u00e9t\u00e9 de la Banque Continentale. Vous y trouverez un petit mus\u00e9e et une galerie du site. Remarquez sa fa\u00e7ade travaill\u00e9e ainsi que sa cour int\u00e9rieure.<br>Casa de la Moneda : Cette maison de la Monnaie a \u00e9t\u00e9 construite en 1798. Elle conserve ses caract\u00e9ristiques d\u2019origine gr\u00e2ce \u00e0 la solidit\u00e9 de sa construction. Elle fut le si\u00e8ge au si\u00e8cle dernier de la Maison de la Monnaie d\u2019Arequipa.<br>Casa Goyeneche : Datant du XVIII\u00e8me si\u00e8cle, cette maison est actuellement le si\u00e8ge de la Banque Centrale de R\u00e9serva. Construite int\u00e9gralement en pierres de taille, elle poss\u00e8de de vastes proportions et un seigneurial dont le mobilier est authentique.<\/p>\n\n\n\n<p><strong>Les attraits des environs d\u2019Arequipa<\/strong><\/p>\n\n\n\n<p><strong>Vall\u00e9e de Majes :<\/strong><br>Dans cette vall\u00e9e, situ\u00e9e dans la province de Castilla, se trouvent les p\u00e9troglyphes de Toro Muerto, cinq mille \u00e9normes pierres repr\u00e9sentant des figures g\u00e9om\u00e9triques de la faune et de la flore.<\/p>\n\n\n\n<p><strong>Vall\u00e9e des Volcans :<\/strong><br>Cette vall\u00e9e se trouve \u00e0 377 kilom\u00e8tres d\u2019Arequipa en Andahua. L\u2019environnement est impressionnant car la vall\u00e9e est encercl\u00e9e de 80 petits volcans qui donnent l\u2019impression d\u2019un paysage lunaire.<\/p>\n\n\n\n<p><strong>Sanctuaire National des Lagunes de Mej\u00eda :<\/strong><br>Situ\u00e9 sur la c\u00f4te, \u00e0 20 kilom\u00e8tres de Mollendo, ce d\u00e9cor naturel de 690 hectares est compos\u00e9 de puits salins (dont les eaux ont diff\u00e9rents degr\u00e9s de salinit\u00e9) ainsi que de marais couverts de roseaux et de chiendent. Ils abritent jusqu\u2019\u00e0 157 esp\u00e8ces d\u2019oiseaux.<\/p>\n\n\n\n<p><strong>Grottes de Sumbay :<\/strong><br>Ces grottes se situent \u00e0 88 kilom\u00e8tres d\u2019Arequipa. En d\u00e9pit du temps, elles conservent \u00e0 l\u2019int\u00e9rieur de pr\u00e9cieuses peintures rupestres datant de l\u2019aire pal\u00e9olithique. Sur ses parois rocheuses sont repr\u00e9sent\u00e9s des figures humaines, des chameaux d\u2019Am\u00e9rique du sud, des pumas, etc.<\/p>\n\n\n\n<p><strong>For\u00eat de Pierres d\u2019Imata :<\/strong><br>Il s\u2019agit d\u2019une formation rocheuse tr\u00e8s originale situ\u00e9e sur la route de Puno. Ensemble naturel de colonnes en pierres prenant l\u2019aspect d\u2019une for\u00eat myst\u00e9rieuse, enchant\u00e9e et p\u00e9trifi\u00e9e.<\/p>\n\n\n\n<p><strong>Moyen d\u2019acc\u00e8s<\/strong><\/p>\n\n\n\n<p><strong>Terrestre :<\/strong><br>De Lima : On y acc\u00e8de par la route Panam\u00e9ricaine Sud en suivant la route Lima-Arequipa (1 003 kilom\u00e8tres), soit un trajet d\u2019environ 14 heures.<\/p>\n\n\n\n<p><strong>A\u00e9rien:<\/strong><br>Il existe des vols quotidiens depuis Lima (50 minutes) et Cuzco (30 minutes).<\/p>\n\n\n\n<p><strong>Les plats typiques<\/strong><\/p>\n\n\n\n<p>La cuisine d\u2019Arequipa a atteint une renomm\u00e9e internationale. Elle est tr\u00e8s vari\u00e9e par rapport aux autres r\u00e9gions du P\u00e9rou et elle se caract\u00e9rise sa saveur particuli\u00e8re due \u00e0 son assaisonnement et \u00e0 son aj\u00ed (piment). Les cuisines et restaurants d\u2019Arequipa sont appel\u00e9s picanter\u00edas et sont des restaurants typiques traditionnels.<br>La cuisine d\u2019Arequipa est si diverse qu\u2019elle poss\u00e8de autant de soupes que de jours de l\u2019ann\u00e9e (bouillons ou rago\u00fbts). Go\u00fbtez le d\u00e9licieux rago\u00fbt de crevettes grises, l\u2019ocopa arequipe\u00f1a (pommes de terre nap\u00e9es d\u2019une sauce relev\u00e9e et de fromage frit), le rocoto relleno (piments farcis de viande, de riz et de l\u00e9gumes- assez \u00e9pic\u00e9), l\u2019adobo de chancho (marinade de cochon de lait), le soltero de queso (salade \u00e0 base de fromage), le pastel de papas (dessert \u00e0 base de pomme de terre), le costillar frito (c\u00f4telette de mouton), le cuy et le conejo chactado (cochon d\u2019inde et lapin frits), le cauchi (soupe de pommes de terre, fromage et f\u00eaves) et le chaque (soupe de bl\u00e9).<\/p>\n\n\n\n<p>En dessert, savourez le fromage glac\u00e9 et pour boire, outre la chicha de jora (boisson de ma\u00efs), vous appr\u00e9cierez la bi\u00e8re et l\u2019anis de la r\u00e9gion.<\/p>\n\n\n\n<p><strong>Calendrier touristique<\/strong><\/p>\n\n\n\n<p>6 janvier : Anniversaire de Mollendo &#8211; C\u00e9l\u00e9bration de la Descente des Rois \u00e0 Tiabaya.<br>2 f\u00e9vrier : F\u00eate de la Vierge de la Chandeleur dans le district de Chivay.<br>3 f\u00e9vrier : F\u00eate de la Vierge de la Chandeleur dans le district de Cayma et de Characato. A Caravel\u00ed est c\u00e9l\u00e9br\u00e9e la Vierge del Buen Paso; les f\u00eates durent 4 jours avec combats de coq, corridas de taureaux et d\u00e9fil\u00e9s de chevaux de parade.<br>Semaine Sainte : F\u00eates religieuses dans toute la r\u00e9gion avec processions et recueillement spirituel. Les hommes et les femmes s\u2019habillent en deuil.<br>1er mai : P\u00e8lerinage au Sanctuaire de la Vierge de Chapi, \u00e0 45 kilom\u00e8tres de la capitale. Des p\u00e8lerins de tout le pays et de cette partie du continent se rejoignent pour c\u00e9l\u00e9brer leur patronne.<br>15 ao\u00fbt : Anniversaire d\u2019Arequipa. Les f\u00eates civiques et religieuses durent une semaine et comprennent diff\u00e9rentes activit\u00e9s artistiques et culturelles, des combats de coq, des activit\u00e9s sportives, des feux d\u2019artifices et des d\u00e9fil\u00e9s. Des artistes \u00e9trangers y assistent. En Castille, c\u2019est la f\u00eate de la Vierge de l\u2019Asunci\u00f3n. F\u00eates populaires, d\u00e9fil\u00e9s et comp\u00e9titions entre les districts.<br>30 ao\u00fbt : Santa Rosa. F\u00eate typiquement religieuse ayant lieu \u00e0 Caravel\u00ed et s\u2019accompagnant de messes et de processions. Les \u00e9glises sont abondamment d\u00e9cor\u00e9es de fleurs et d\u2019ornements vari\u00e9s. En Castille, la f\u00eate populaire nocturne comprend des concours et des festivit\u00e9s sportives.<br>8 septembre : Vierge de las Pe\u00f1as en Castille. Grand d\u00e9ploiement folklorique, sp\u00e9cialement \u00e0 Aplao. Les ma\u00eetres d\u2019h\u00f4tel font l\u2019impossible pour que les visiteurs se sentent \u00e0 l\u2019aise.<br>1er novembre : Jour de la Toussaint. Des familles enti\u00e8res se rendent aux cimeti\u00e8res munies de musique et de repas pour prier et c\u00e9l\u00e9brer leurs d\u00e9funts.<br>9 novembre : Jour anniversaire de Caman\u00e1. Toute la population sort dans la rue pour danser, chanter et s\u2019amuser.<br>8 d\u00e9cembre : F\u00eate de l\u2019Immacul\u00e9e \u00e0 Chivay et \u00e0 Cayma.<\/p>\n","protected":false},"excerpt":{"rendered":"<p>Description d\u2019Arequipa Histoire d\u2019Arequipa Les attraits touristiques d\u2019Arequipa Les attraits des environs d\u2019Arequipa Moyen d\u2019acc\u00e8s Les plats typiques Calendrier touristique Description d\u2019Arequipa La r\u00e9gion d&#8217;Arequipa est une des 24 r\u00e9gions du P\u00e9rou.Elle est situ\u00e9e au sud-ouest du pays. Sa localisation est strat\u00e9gique pour le P\u00e9rou car elle est connect\u00e9e avec environ 40 % du pays [&#8230;]\n","protected":false},"author":1,"featured_media":0,"parent":666,"menu_order":0,"comment_status":"closed","ping_status":"closed","template":"","meta":{"footnotes":""},"class_list":["post-678","page","type-page","status-publish","hentry"],"yoast_head":"<!-- This site is optimized with the Yoast SEO plugin v23.1 - https:\/\/yoast.com\/wordpress\/plugins\/seo\/ -->\n<title>Arequipa - Shop Travelatin<\/title>\n<meta name=\"robots\" content=\"index, follow, max-snippet:-1, max-image-preview:large, max-video-preview:-1\" \/>\n<link rel=\"canonical\" href=\"https:\/\/viajes.travelatin.com\/en\/rumbos-peru\/arequipa\/\" \/>\n<meta property=\"og:locale\" content=\"en_US\" \/>\n<meta property=\"og:type\" content=\"article\" \/>\n<meta property=\"og:title\" content=\"Arequipa - Shop Travelatin\" \/>\n<meta property=\"og:description\" content=\"Description d\u2019Arequipa Histoire d\u2019Arequipa Les attraits touristiques d\u2019Arequipa Les attraits des environs d\u2019Arequipa Moyen d\u2019acc\u00e8s Les plats typiques Calendrier touristique Description d\u2019Arequipa La r\u00e9gion d&#8217;Arequipa est une des 24 r\u00e9gions du P\u00e9rou.Elle est situ\u00e9e au sud-ouest du pays. Sa localisation est strat\u00e9gique pour le P\u00e9rou car elle est connect\u00e9e avec environ 40 % du pays [...]\" \/>\n<meta property=\"og:url\" content=\"https:\/\/viajes.travelatin.com\/en\/rumbos-peru\/arequipa\/\" \/>\n<meta property=\"og:site_name\" content=\"Shop Travelatin\" \/>\n<meta property=\"article:modified_time\" content=\"2019-03-17T15:24:23+00:00\" \/>\n<meta name=\"twitter:card\" content=\"summary_large_image\" \/>\n<meta name=\"twitter:label1\" content=\"Est. reading time\" \/>\n\t<meta name=\"twitter:data1\" content=\"11 minutes\" \/>\n<script type=\"application\/ld+json\" class=\"yoast-schema-graph\">{\"@context\":\"https:\/\/schema.org\",\"@graph\":[{\"@type\":\"WebPage\",\"@id\":\"https:\/\/viajes.travelatin.com\/en\/rumbos-peru\/arequipa\/\",\"url\":\"https:\/\/viajes.travelatin.com\/en\/rumbos-peru\/arequipa\/\",\"name\":\"Arequipa - Shop Travelatin\",\"isPartOf\":{\"@id\":\"https:\/\/viajes.travelatin.com\/#website\"},\"datePublished\":\"2019-03-16T22:42:59+00:00\",\"dateModified\":\"2019-03-17T15:24:23+00:00\",\"breadcrumb\":{\"@id\":\"https:\/\/viajes.travelatin.com\/en\/rumbos-peru\/arequipa\/#breadcrumb\"},\"inLanguage\":\"en-US\",\"potentialAction\":[{\"@type\":\"ReadAction\",\"target\":[\"https:\/\/viajes.travelatin.com\/en\/rumbos-peru\/arequipa\/\"]}]},{\"@type\":\"BreadcrumbList\",\"@id\":\"https:\/\/viajes.travelatin.com\/en\/rumbos-peru\/arequipa\/#breadcrumb\",\"itemListElement\":[{\"@type\":\"ListItem\",\"position\":1,\"name\":\"Portada\",\"item\":\"https:\/\/viajes.travelatin.com\/en\/\"},{\"@type\":\"ListItem\",\"position\":2,\"name\":\"Destination Per\u00fa\",\"item\":\"https:\/\/viajes.travelatin.com\/en\/rumbos-peru\/\"},{\"@type\":\"ListItem\",\"position\":3,\"name\":\"Arequipa\"}]},{\"@type\":\"WebSite\",\"@id\":\"https:\/\/viajes.travelatin.com\/#website\",\"url\":\"https:\/\/viajes.travelatin.com\/\",\"name\":\"Shop Travelatin\",\"description\":\"Travel Peru\",\"potentialAction\":[{\"@type\":\"SearchAction\",\"target\":{\"@type\":\"EntryPoint\",\"urlTemplate\":\"https:\/\/viajes.travelatin.com\/?s={search_term_string}\"},\"query-input\":\"required name=search_term_string\"}],\"inLanguage\":\"en-US\"}]}<\/script>\n<!-- \/ Yoast SEO plugin. -->","yoast_head_json":{"title":"Arequipa - Shop Travelatin","robots":{"index":"index","follow":"follow","max-snippet":"max-snippet:-1","max-image-preview":"max-image-preview:large","max-video-preview":"max-video-preview:-1"},"canonical":"https:\/\/viajes.travelatin.com\/en\/rumbos-peru\/arequipa\/","og_locale":"en_US","og_type":"article","og_title":"Arequipa - Shop Travelatin","og_description":"Description d\u2019Arequipa Histoire d\u2019Arequipa Les attraits touristiques d\u2019Arequipa Les attraits des environs d\u2019Arequipa Moyen d\u2019acc\u00e8s Les plats typiques Calendrier touristique Description d\u2019Arequipa La r\u00e9gion d&#8217;Arequipa est une des 24 r\u00e9gions du P\u00e9rou.Elle est situ\u00e9e au sud-ouest du pays. Sa localisation est strat\u00e9gique pour le P\u00e9rou car elle est connect\u00e9e avec environ 40 % du pays [...]","og_url":"https:\/\/viajes.travelatin.com\/en\/rumbos-peru\/arequipa\/","og_site_name":"Shop Travelatin","article_modified_time":"2019-03-17T15:24:23+00:00","twitter_card":"summary_large_image","twitter_misc":{"Est. reading time":"11 minutes"},"schema":{"@context":"https:\/\/schema.org","@graph":[{"@type":"WebPage","@id":"https:\/\/viajes.travelatin.com\/en\/rumbos-peru\/arequipa\/","url":"https:\/\/viajes.travelatin.com\/en\/rumbos-peru\/arequipa\/","name":"Arequipa - Shop Travelatin","isPartOf":{"@id":"https:\/\/viajes.travelatin.com\/#website"},"datePublished":"2019-03-16T22:42:59+00:00","dateModified":"2019-03-17T15:24:23+00:00","breadcrumb":{"@id":"https:\/\/viajes.travelatin.com\/en\/rumbos-peru\/arequipa\/#breadcrumb"},"inLanguage":"en-US","potentialAction":[{"@type":"ReadAction","target":["https:\/\/viajes.travelatin.com\/en\/rumbos-peru\/arequipa\/"]}]},{"@type":"BreadcrumbList","@id":"https:\/\/viajes.travelatin.com\/en\/rumbos-peru\/arequipa\/#breadcrumb","itemListElement":[{"@type":"ListItem","position":1,"name":"Portada","item":"https:\/\/viajes.travelatin.com\/en\/"},{"@type":"ListItem","position":2,"name":"Destination Per\u00fa","item":"https:\/\/viajes.travelatin.com\/en\/rumbos-peru\/"},{"@type":"ListItem","position":3,"name":"Arequipa"}]},{"@type":"WebSite","@id":"https:\/\/viajes.travelatin.com\/#website","url":"https:\/\/viajes.travelatin.com\/","name":"Shop Travelatin","description":"Travel Peru","potentialAction":[{"@type":"SearchAction","target":{"@type":"EntryPoint","urlTemplate":"https:\/\/viajes.travelatin.com\/?s={search_term_string}"},"query-input":"required name=search_term_string"}],"inLanguage":"en-US"}]}},"jetpack_sharing_enabled":true,"_links":{"self":[{"href":"https:\/\/viajes.travelatin.com\/en\/wp-json\/wp\/v2\/pages\/678"}],"collection":[{"href":"https:\/\/viajes.travelatin.com\/en\/wp-json\/wp\/v2\/pages"}],"about":[{"href":"https:\/\/viajes.travelatin.com\/en\/wp-json\/wp\/v2\/types\/page"}],"author":[{"embeddable":true,"href":"https:\/\/viajes.travelatin.com\/en\/wp-json\/wp\/v2\/users\/1"}],"replies":[{"embeddable":true,"href":"https:\/\/viajes.travelatin.com\/en\/wp-json\/wp\/v2\/comments?post=678"}],"version-history":[{"count":1,"href":"https:\/\/viajes.travelatin.com\/en\/wp-json\/wp\/v2\/pages\/678\/revisions"}],"predecessor-version":[{"id":679,"href":"https:\/\/viajes.travelatin.com\/en\/wp-json\/wp\/v2\/pages\/678\/revisions\/679"}],"up":[{"embeddable":true,"href":"https:\/\/viajes.travelatin.com\/en\/wp-json\/wp\/v2\/pages\/666"}],"wp:attachment":[{"href":"https:\/\/viajes.travelatin.com\/en\/wp-json\/wp\/v2\/media?parent=678"}],"curies":[{"name":"wp","href":"https:\/\/api.w.org\/{rel}","templated":true}]}}