{"id":680,"date":"2019-03-16T23:14:51","date_gmt":"2019-03-16T23:14:51","guid":{"rendered":"https:\/\/viajes.travelatin.com\/rumbos-peru\/canon-del-colca\/"},"modified":"2019-03-17T15:26:19","modified_gmt":"2019-03-17T15:26:19","slug":"canon-del-colca","status":"publish","type":"page","link":"https:\/\/viajes.travelatin.com\/en\/rumbos-peru\/canon-del-colca\/","title":{"rendered":"Canyon of Colca"},"content":{"rendered":"\n  <div id=\"page-header-707610393\" class=\"page-header-wrapper\">\n  <div class=\"page-title dark featured-title\">\n\n    \n    <div class=\"page-title-inner container align-center flex-row medium-flex-wrap\" >\n              <div class=\"title-wrapper flex-col text-left medium-text-center\">\n          <h1 class=\"entry-title mb-0\">\n            Canyon of Colca          <\/h1>\n        <\/div>\n                    <div class=\"title-content flex-col flex-right text-right medium-text-center\">\n        <div class=\"title-breadcrumbs pb-half pt-half\"><nav class=\"woocommerce-breadcrumb breadcrumbs uppercase\">Home<\/nav><\/div>      <\/div>\n    <\/div>\n\n       <\/div>\n    <\/div>\n  \n\n\n<ol>\n<li><a href=\"http:\/\/www.travelatin.com\/destinations-canyon-de-colca-perou#description-du-canyon-de-colca\">Description du Canyon de Colca<\/a><\/li>\n<li><a href=\"http:\/\/www.travelatin.com\/destinations-canyon-de-colca-perou#les-attraits-touristiques-du-canyon\">Les attraits touristiques du Canyon<\/a><\/li>\n<\/ol>\n\n\n<p><strong>Description du Canyon de Colca<\/strong><\/p>\n\n\n\n<p>Le canyon de Colca, profond de 3 400 m, se situe au nord d&#8217;Arequipa au P\u00e9rou. Il \u00e9tait autrefois consid\u00e9r\u00e9 comme le canyon le plus profond du monde. Toutefois, il a \u00e9t\u00e9 d\u00e9montr\u00e9 depuis qu&#8217;un canyon voisin, le Canyon de Cotahuasi, \u00e9tait encore plus profond (3 535 m). Son point culminant est \u00e0 4 350 m d&#8217;altitude et on trouve la rivi\u00e8re de Colca dans la vall\u00e9e.<br>\u00c0 environ 40 km de Chivay, le premier village de la route qui longe le canyon, on trouve un mirador naturel (appel\u00e9 Cruz del Condor) d&#8217;o\u00f9 l&#8217;on peut voir planer des condors profitant des courants ascendants.<br>Apr\u00e8s la ville de Chivay, le canyon devient de plus en plus \u00e9troit, la route devient par endroits non carrossable. Quelques points de vue sur le canyon ont \u00e9t\u00e9 am\u00e9nag\u00e9s. On tombe alors sur la ville de Cabanaconde, d&#8217;o\u00f9 partent quelques treks en direction du fond du canyon, et de la rive oppos\u00e9e vers les villages de San Juan de Chucco, Tapay, Malata &#8230; Certains de ces villages ne sont \u00e0 ce jour toujours pas reli\u00e9s au r\u00e9seau routier. Les mules sont les seuls moyens de transport pour alimenter en vivres (et autres biens) ces lieux recul\u00e9s.<br>Au fond du canyon (plus de 1 000 m\u00e8tres de d\u00e9nivel\u00e9 avec Cabanaconde), le village de Sangalle sert de refuge aux trekkeurs, il est surnomm\u00e9 l&#8217;Oasis, quelques lodges ont \u00e9t\u00e9 am\u00e9nag\u00e9s pour le repos du randonneur avant la remont\u00e9e (3 \u00e0 4 h de marche intense). Des piscines avec eau naturelle y ont \u00e9t\u00e9 construites. Ce village n&#8217;est pas non plus reli\u00e9 au r\u00e9seau routier.<br>Tous les villages pr\u00e9sents dans le canyon furent construits par les espagnols d\u2019o\u00f9 l\u2019omnipr\u00e9sence de l\u2019architecture coloniale ; l\u2019objectif des conquistadors \u00e9tait de contr\u00f4ler les populations andines, de les convertir au catholicisme, de les contraindre \u00e0 payer des imp\u00f4ts mais aussi de les exploiter comme main-d\u2019\u0153uvre dans les nombreuses mines de la r\u00e9gion. Quoi qu\u2019il en soit, le culte quechua n\u2019a jamais compl\u00e8tement disparu et de nombreux p\u00e8lerinages en l\u2019honneur de la &#8220;pachamama&#8221; (terre m\u00e8re) ont encore lieu, des offrandes lui sont faites notamment sous la forme d\u2019apachetas, petits amoncellements de pierres en direction des volcans environnants (Coropuno, Ampata, Sabancoya).<\/p>\n\n\n\n<p><strong>Les attraits touristiques du Canyon<\/strong><\/p>\n\n\n\n<p><strong>Cruz del Condor :<\/strong><br>Vous d\u00e9couvrirez la Cruz del Condor avec nos circuits \u00e0 d\u00e9part fixe en groupe :<\/p>\n\n\n\n<ol class=\"wp-block-list\"><li><ul><li><a href=\"http:\/\/www.travelatin.com\/circuits-accompagnes-perou-bolivie\/circuits-accompagnes-en-groupe-perou-depart-date-fixe-culture-histoire\/\">C\u2019est le P\u00e9rou! \u2013 15 Jours<\/a><\/li><li><a href=\"http:\/\/www.travelatin.com\/circuits-accompagnes-perou-bolivie\/circuits-accompagnes-en-groupe-perou-bolivie-depart-date-fixe-andine\/\">Perou \u2013 Bolivie : Atmosph\u00e8re Andine \u2013 20 Jours<\/a><\/li><\/ul><\/li><\/ol>\n\n\n\n<p>La Croix du Condor est un mirador vertigineux situ\u00e9 \u00e0 une soixantaine de kilom\u00e8tres de Chivay. Il surplombe la rivi\u00e8re Colca qui coule 1200 m\u00e8tres plus bas. En face culmine le volcan Mismi avec ses 5547 m\u00e8tres ; de son glacier na\u00eet l\u2019Amazone, l\u2019un des plus longs fleuves du monde. Ce superbe point de vue permet d\u2019admirer le vol majestueux des condors, tout particuli\u00e8rement le matin, lorsque le soleil commence \u00e0 chauffer les parois du canyon en cr\u00e9ant ainsi les premiers courants ascendants de la journ\u00e9e. Le condor est l\u2019oiseau sacr\u00e9 et v\u00e9n\u00e9r\u00e9 dans le monde Inca parce que c\u2019est lui qui approche le soleil de plus pr\u00e8s.<\/p>\n\n\n\n<p><strong>Canyon de Cotahuasi:<\/strong><br>A proximit\u00e9 du Colca se trouve le canyon de Cotahuasi, r\u00e9put\u00e9 pour ses eaux thermales aux vertus curatives, ses chutes, ses failles arch\u00e9ologiques mais aussi pour sa grande diversit\u00e9 biologique de faune et de flore. Pour les adeptes de sports plus ou moins extr\u00eames, vous pourrez y faire de la randonn\u00e9e, de l\u2019escalade, du rafting, du parapente ou encore du trekking, des exp\u00e9riences inoubliables dans un cadre \u00e9poustouflant !<\/p>\n\n\n\n<p><strong>Rio Colca autour de Maca :<\/strong><br>Avant d\u2019atteindre le canyon, la Colca parcourt une vall\u00e9e plus accueillante : en effet, de nombreux petits villages jalonnent ses deux rives. Leurs habitants exploitent les innombrables champs en terrasses relativement fertiles datant de l\u2019\u00e9poque Inca. Un de ces villages, Maca, a \u00e9t\u00e9 l\u2019\u00e9picentre d\u2019un tremblement de terre en 1991. Le village et son \u00e9glise ont \u00e9t\u00e9 progressivement reconstruits depuis, mais une faille b\u00e9ante t\u00e9moigne encore de l\u2019importance du s\u00e9isme.<\/p>\n","protected":false},"excerpt":{"rendered":"<p>Description du Canyon de Colca Les attraits touristiques du Canyon Description du Canyon de Colca Le canyon de Colca, profond de 3 400 m, se situe au nord d&#8217;Arequipa au P\u00e9rou. Il \u00e9tait autrefois consid\u00e9r\u00e9 comme le canyon le plus profond du monde. Toutefois, il a \u00e9t\u00e9 d\u00e9montr\u00e9 depuis qu&#8217;un canyon voisin, le Canyon de [&#8230;]\n","protected":false},"author":1,"featured_media":0,"parent":666,"menu_order":0,"comment_status":"closed","ping_status":"closed","template":"","meta":{"footnotes":""},"class_list":["post-680","page","type-page","status-publish","hentry"],"yoast_head":"<!-- This site is optimized with the Yoast SEO plugin v23.1 - https:\/\/yoast.com\/wordpress\/plugins\/seo\/ -->\n<title>Canyon of Colca - Shop Travelatin<\/title>\n<meta name=\"robots\" content=\"index, follow, max-snippet:-1, max-image-preview:large, max-video-preview:-1\" \/>\n<link rel=\"canonical\" href=\"https:\/\/viajes.travelatin.com\/en\/rumbos-peru\/canon-del-colca\/\" \/>\n<meta property=\"og:locale\" content=\"en_US\" \/>\n<meta property=\"og:type\" content=\"article\" \/>\n<meta property=\"og:title\" content=\"Canyon of Colca - Shop Travelatin\" \/>\n<meta property=\"og:description\" content=\"Description du Canyon de Colca Les attraits touristiques du Canyon Description du Canyon de Colca Le canyon de Colca, profond de 3 400 m, se situe au nord d&#8217;Arequipa au P\u00e9rou. Il \u00e9tait autrefois consid\u00e9r\u00e9 comme le canyon le plus profond du monde. Toutefois, il a \u00e9t\u00e9 d\u00e9montr\u00e9 depuis qu&#8217;un canyon voisin, le Canyon de [...]\" \/>\n<meta property=\"og:url\" content=\"https:\/\/viajes.travelatin.com\/en\/rumbos-peru\/canon-del-colca\/\" \/>\n<meta property=\"og:site_name\" content=\"Shop Travelatin\" \/>\n<meta property=\"article:modified_time\" content=\"2019-03-17T15:26:19+00:00\" \/>\n<meta name=\"twitter:card\" content=\"summary_large_image\" \/>\n<meta name=\"twitter:label1\" content=\"Est. reading time\" \/>\n\t<meta name=\"twitter:data1\" content=\"4 minutes\" \/>\n<script type=\"application\/ld+json\" class=\"yoast-schema-graph\">{\"@context\":\"https:\/\/schema.org\",\"@graph\":[{\"@type\":\"WebPage\",\"@id\":\"https:\/\/viajes.travelatin.com\/en\/rumbos-peru\/canon-del-colca\/\",\"url\":\"https:\/\/viajes.travelatin.com\/en\/rumbos-peru\/canon-del-colca\/\",\"name\":\"Canyon of Colca - Shop Travelatin\",\"isPartOf\":{\"@id\":\"https:\/\/viajes.travelatin.com\/#website\"},\"datePublished\":\"2019-03-16T23:14:51+00:00\",\"dateModified\":\"2019-03-17T15:26:19+00:00\",\"breadcrumb\":{\"@id\":\"https:\/\/viajes.travelatin.com\/en\/rumbos-peru\/canon-del-colca\/#breadcrumb\"},\"inLanguage\":\"en-US\",\"potentialAction\":[{\"@type\":\"ReadAction\",\"target\":[\"https:\/\/viajes.travelatin.com\/en\/rumbos-peru\/canon-del-colca\/\"]}]},{\"@type\":\"BreadcrumbList\",\"@id\":\"https:\/\/viajes.travelatin.com\/en\/rumbos-peru\/canon-del-colca\/#breadcrumb\",\"itemListElement\":[{\"@type\":\"ListItem\",\"position\":1,\"name\":\"Portada\",\"item\":\"https:\/\/viajes.travelatin.com\/en\/\"},{\"@type\":\"ListItem\",\"position\":2,\"name\":\"Destination Per\u00fa\",\"item\":\"https:\/\/viajes.travelatin.com\/en\/rumbos-peru\/\"},{\"@type\":\"ListItem\",\"position\":3,\"name\":\"Canyon of Colca\"}]},{\"@type\":\"WebSite\",\"@id\":\"https:\/\/viajes.travelatin.com\/#website\",\"url\":\"https:\/\/viajes.travelatin.com\/\",\"name\":\"Shop Travelatin\",\"description\":\"Travel Peru\",\"potentialAction\":[{\"@type\":\"SearchAction\",\"target\":{\"@type\":\"EntryPoint\",\"urlTemplate\":\"https:\/\/viajes.travelatin.com\/?s={search_term_string}\"},\"query-input\":\"required name=search_term_string\"}],\"inLanguage\":\"en-US\"}]}<\/script>\n<!-- \/ Yoast SEO plugin. -->","yoast_head_json":{"title":"Canyon of Colca - Shop Travelatin","robots":{"index":"index","follow":"follow","max-snippet":"max-snippet:-1","max-image-preview":"max-image-preview:large","max-video-preview":"max-video-preview:-1"},"canonical":"https:\/\/viajes.travelatin.com\/en\/rumbos-peru\/canon-del-colca\/","og_locale":"en_US","og_type":"article","og_title":"Canyon of Colca - Shop Travelatin","og_description":"Description du Canyon de Colca Les attraits touristiques du Canyon Description du Canyon de Colca Le canyon de Colca, profond de 3 400 m, se situe au nord d&#8217;Arequipa au P\u00e9rou. Il \u00e9tait autrefois consid\u00e9r\u00e9 comme le canyon le plus profond du monde. Toutefois, il a \u00e9t\u00e9 d\u00e9montr\u00e9 depuis qu&#8217;un canyon voisin, le Canyon de [...]","og_url":"https:\/\/viajes.travelatin.com\/en\/rumbos-peru\/canon-del-colca\/","og_site_name":"Shop Travelatin","article_modified_time":"2019-03-17T15:26:19+00:00","twitter_card":"summary_large_image","twitter_misc":{"Est. reading time":"4 minutes"},"schema":{"@context":"https:\/\/schema.org","@graph":[{"@type":"WebPage","@id":"https:\/\/viajes.travelatin.com\/en\/rumbos-peru\/canon-del-colca\/","url":"https:\/\/viajes.travelatin.com\/en\/rumbos-peru\/canon-del-colca\/","name":"Canyon of Colca - Shop Travelatin","isPartOf":{"@id":"https:\/\/viajes.travelatin.com\/#website"},"datePublished":"2019-03-16T23:14:51+00:00","dateModified":"2019-03-17T15:26:19+00:00","breadcrumb":{"@id":"https:\/\/viajes.travelatin.com\/en\/rumbos-peru\/canon-del-colca\/#breadcrumb"},"inLanguage":"en-US","potentialAction":[{"@type":"ReadAction","target":["https:\/\/viajes.travelatin.com\/en\/rumbos-peru\/canon-del-colca\/"]}]},{"@type":"BreadcrumbList","@id":"https:\/\/viajes.travelatin.com\/en\/rumbos-peru\/canon-del-colca\/#breadcrumb","itemListElement":[{"@type":"ListItem","position":1,"name":"Portada","item":"https:\/\/viajes.travelatin.com\/en\/"},{"@type":"ListItem","position":2,"name":"Destination Per\u00fa","item":"https:\/\/viajes.travelatin.com\/en\/rumbos-peru\/"},{"@type":"ListItem","position":3,"name":"Canyon of Colca"}]},{"@type":"WebSite","@id":"https:\/\/viajes.travelatin.com\/#website","url":"https:\/\/viajes.travelatin.com\/","name":"Shop Travelatin","description":"Travel Peru","potentialAction":[{"@type":"SearchAction","target":{"@type":"EntryPoint","urlTemplate":"https:\/\/viajes.travelatin.com\/?s={search_term_string}"},"query-input":"required name=search_term_string"}],"inLanguage":"en-US"}]}},"jetpack_sharing_enabled":true,"_links":{"self":[{"href":"https:\/\/viajes.travelatin.com\/en\/wp-json\/wp\/v2\/pages\/680"}],"collection":[{"href":"https:\/\/viajes.travelatin.com\/en\/wp-json\/wp\/v2\/pages"}],"about":[{"href":"https:\/\/viajes.travelatin.com\/en\/wp-json\/wp\/v2\/types\/page"}],"author":[{"embeddable":true,"href":"https:\/\/viajes.travelatin.com\/en\/wp-json\/wp\/v2\/users\/1"}],"replies":[{"embeddable":true,"href":"https:\/\/viajes.travelatin.com\/en\/wp-json\/wp\/v2\/comments?post=680"}],"version-history":[{"count":1,"href":"https:\/\/viajes.travelatin.com\/en\/wp-json\/wp\/v2\/pages\/680\/revisions"}],"predecessor-version":[{"id":681,"href":"https:\/\/viajes.travelatin.com\/en\/wp-json\/wp\/v2\/pages\/680\/revisions\/681"}],"up":[{"embeddable":true,"href":"https:\/\/viajes.travelatin.com\/en\/wp-json\/wp\/v2\/pages\/666"}],"wp:attachment":[{"href":"https:\/\/viajes.travelatin.com\/en\/wp-json\/wp\/v2\/media?parent=680"}],"curies":[{"name":"wp","href":"https:\/\/api.w.org\/{rel}","templated":true}]}}