{"id":682,"date":"2019-03-16T23:06:34","date_gmt":"2019-03-16T23:06:34","guid":{"rendered":"https:\/\/viajes.travelatin.com\/rumbos-peru\/ica-nazca\/"},"modified":"2019-03-17T15:28:19","modified_gmt":"2019-03-17T15:28:19","slug":"ica-nazca","status":"publish","type":"page","link":"https:\/\/viajes.travelatin.com\/en\/rumbos-peru\/ica-nazca\/","title":{"rendered":"Ica &#8211; Nazca"},"content":{"rendered":"\n  <div id=\"page-header-1676526493\" class=\"page-header-wrapper\">\n  <div class=\"page-title dark featured-title\">\n\n    \n    <div class=\"page-title-inner container align-center flex-row medium-flex-wrap\" >\n              <div class=\"title-wrapper flex-col text-left medium-text-center\">\n          <h1 class=\"entry-title mb-0\">\n            Ica &#8211; Nazca          <\/h1>\n        <\/div>\n                    <div class=\"title-content flex-col flex-right text-right medium-text-center\">\n        <div class=\"title-breadcrumbs pb-half pt-half\"><nav class=\"woocommerce-breadcrumb breadcrumbs uppercase\">Home<\/nav><\/div>      <\/div>\n    <\/div>\n\n       <\/div>\n    <\/div>\n  \n\n\n<ol>\n<li><a href=\"http:\/\/www.travelatin.com\/destinations-ica-et-nasca-perou#description-d-ica\">Description d\u2019Ica<\/a><\/li>\n<li><a href=\"http:\/\/www.travelatin.com\/destinations-ica-et-nasca-perou#histoire-de-la-region\">Histoire de la r\u00e9gion<\/a><\/li>\n<li><a href=\"http:\/\/www.travelatin.com\/destinations-ica-et-nasca-perou#les-attraits-touristiques-de-la-ville-d-ica\">Les attraits touristiques de la ville d\u2019Ica<\/a><\/li>\n<li><a href=\"http:\/\/www.travelatin.com\/destinations-ica-et-nasca-perou#les-attraits-touristiques-de-la-region-d-ica\">Les attraits touristiques de la r\u00e9gion d\u2019Ica<\/a><\/li>\n<li><a href=\"http:\/\/www.travelatin.com\/destinations-ica-et-nasca-perou#moyen-d-acces\">Moyen d\u2019acc\u00e8s<\/a><\/li>\n<li><a href=\"http:\/\/www.travelatin.com\/destinations-ica-et-nasca-perou#les-plats-typiques\">Les plats typiques<\/a><\/li>\n<li><a href=\"http:\/\/www.travelatin.com\/destinations-ica-et-nasca-perou#calendrier-touristique\">Calendrier touristique<\/a><\/li>\n<\/ol>\n\n\n<p><strong>Description d\u2019Ica<\/strong><\/p>\n\n\n\n<p>La r\u00e9gion d\u2019Ica est situ\u00e9e sur la c\u00f4te sud du littoral p\u00e9ruvien, au sud-est de Lima. Elle est limit\u00e9e au nord par Lima, au sud par Arequipa, \u00e0 l\u2019est par Huancavelica et Ayacucho et \u00e0 l\u2019ouest par l\u2019Oc\u00e9an Pacifique. Sa superficie est de 21,259 km2et sa population atteint les 110,000 habitants. Sa capitale est Ica, une ville entour\u00e9e de belles vall\u00e9es, c\u00e9l\u00e8bre pour ses vignobles et sa production de vins d\u2019excellente qualit\u00e9, situ\u00e9e \u00e0 303 kilom\u00e8tres de Lima.<br>Ica pr\u00e9sente des dunes caract\u00e9ristiques et un immense d\u00e9sert recouvert de figures \u00e9nigmatiques (les Lignes de Nasca), qui a \u00e9t\u00e9 transform\u00e9 en champs fertiles par les cultures du pass\u00e9. Cette terre, caract\u00e9ris\u00e9e par ses vall\u00e9es, son soleil, ses plages et des r\u00e9serves naturelles, peupl\u00e9es d\u2019une g\u00e9n\u00e9reuse vari\u00e9t\u00e9 d\u2019esp\u00e8ces de faune et de flore, est aussi celle de peuples myst\u00e9rieux, du pisco, de bon vin, de musique afro-p\u00e9ruvienne et d\u2019oasis telle que la Huacachina, parcelle de vie au c\u0153ur d&#8217;un manteau de sable.<\/p>\n\n\n\n<p><strong>Histoire de la r\u00e9gion<\/strong><\/p>\n\n\n\n<p>Ica est une r\u00e9gion au long pass\u00e9 historique puisque ses premiers habitants remontent \u00e0 plus de 10 000 ans. Sur ces terres se d\u00e9velopp\u00e8rent les cultures Wari, Nais, Ica et Paracas, cette derni\u00e8re ayant \u00e9t\u00e9 la plus importante. La culture Paracas (du VII\u00e8me au II\u00e8me si\u00e8cle avant J\u00e9sus-Christ) ma\u00eetrisait admirablement le tissage, la tr\u00e9panation cr\u00e2nienne et la momification de ses morts. La culture Nazca, en revanche, est connue pour ses c\u00e9ramiques artistiques o\u00f9 les couleurs et les repr\u00e9sentations dominent sur les formes. Les c\u00e9l\u00e8bres lignes et figures de Nazca, biomorphiques et g\u00e9oglyphes trac\u00e9s dans la Pampa Colorada aride, sont mati\u00e8re \u00e0 toutes sortes d\u2019interpr\u00e9tations. La culture Nazca a \u00e9galement laiss\u00e9 \u00e0 la post\u00e9rit\u00e9 ses aqueducs qui servent \u00e0 l\u2019agriculture. En utilisant les eaux des sous-sols, des rivi\u00e8res et les eaux de pluies, les Incas d\u00e9montr\u00e8rent une grande connaissance de l\u2019ing\u00e9nierie hydraulique. Au XV\u00e8me si\u00e8cle, pendant l\u2019\u00e9poque inca, Pachacutec annexa son territoire \u00e0 Ica, Nazca et la vall\u00e9e de Chincha. Des ann\u00e9es plus tard, avec l\u2019arriv\u00e9e des Espagnols, le capitaine Jeronimo Luis de Cabrera fonda en 1563 la ville de Villa de Valverde de la Vall\u00e9e d\u2019Ica. \u00c0 partir de cette date, la zone se transforma en un important centre vinicole et cotonnier. Pendant la guerre d\u2019ind\u00e9pendance, le g\u00e9n\u00e9ral Jos\u00e9 de San Mart\u00edn d\u00e9barqua \u00e0 Paracas et \u00e9tablit son quartier g\u00e9n\u00e9ral dans la ville de Pisco, d\u2019o\u00f9 commen\u00e7a la lib\u00e9ration du P\u00e9rou. De nos jours, Ica est une ville accueillante et le point de d\u00e9part pour survoler les c\u00e9l\u00e8bres Lignes de Nazca ainsi que pour visiter certaines des plages les plus belles du littoral p\u00e9ruvien. Ica poss\u00e8de de nombreuses caves vinicoles o\u00f9 sont produits des vins et des piscos excellents.<\/p>\n\n\n\n<p><strong>Les attraits touristiques de la ville d\u2019Ica<\/strong><\/p>\n\n\n\n<p><strong>Sanctuaire du Se\u00f1or de Luren:<\/strong><br>Ce sanctuaire se situe au dixi\u00e8me bloc de la rue Ayacucho. Le patron de la ville, dont l\u2019image v\u00e9n\u00e9r\u00e9e, est port\u00e9 en procession pendant la Semaine Sainte ainsi que la troisi\u00e8me semaine d\u2019octobre.<\/p>\n\n\n\n<p><strong>Mus\u00e9e R\u00e9gional Mar\u00eda Reiche:<\/strong><br>Situ\u00e9 au huiti\u00e8me bloc de l\u2019Avenue Ayabaca, ce mus\u00e9e conserve de pr\u00e9cieuses pi\u00e8ces arch\u00e9ologiques des cultures Paracas, Nasca, Wari, Ica et Inca, ainsi que des toiles et des meubles de l\u2019\u00e9poque coloniale et r\u00e9publicaine.<\/p>\n\n\n\n<p><strong>Mus\u00e9e Cabrera:<\/strong><br>Situ\u00e9 170 rue Bolivar, Place d\u2019Armes, il contient de pr\u00e9cieux \u00e9chantillons de pierres sculpt\u00e9es repr\u00e9sentant des sc\u00e8nes de la vie primitive et r\u00e9sumant l\u2019origine de la civilisation avant l\u2019empire des Incas.<\/p>\n\n\n\n<p><strong>Casona del Marqu\u00e9s de Torre Hermosa:<\/strong><br>Situ\u00e9e du c\u00f4t\u00e9 sud de la Plaza de Armas, dans le premier bloc de la rue Libertad, cette grande b\u00e2tisse comprend un portail artistique sculpt\u00e9, un des rares exemples d\u2019architecture coloniale ayant surv\u00e9cu au temps et aux s\u00e9ismes.<\/p>\n\n\n\n<p><strong>Les attraits touristiques de la r\u00e9gion d\u2019Ica<\/strong><\/p>\n\n\n\n<p><strong>Laguna de Huacachina :<\/strong><br>Vous d\u00e9couvrirez la laguna de Huacachina avec nos circuits \u00e0 d\u00e9part fixe en groupe :<\/p>\n\n\n\n<ul class=\"wp-block-list\"><li><a href=\"http:\/\/www.travelatin.com\/circuits-accompagnes-perou-bolivie\/circuits-accompagnes-en-groupe-perou-depart-date-fixe-culture-histoire\/\">C\u2019est le P\u00e9rou! \u2013 15 Jours<\/a><\/li><li><a href=\"http:\/\/www.travelatin.com\/circuits-accompagnes-perou-bolivie\/circuits-accompagnes-en-groupe-perou-bolivie-depart-date-fixe-andine\/\">Perou \u2013 Bolivie : Atmosph\u00e8re Andine \u2013 20 Jours<\/a><\/li><\/ul>\n\n\n\n<p>C\u2019est une oasis parfaite, entour\u00e9e de dunes et de palmiers et dont le paysage vous ravira. Ses eaux poss\u00e8dent diverses propri\u00e9t\u00e9s curatives notamment pour soigner les maladies de la peau. Elle est situ\u00e9e \u00e0 seulement 5 kilom\u00e8tres du centre-ville d\u2019Ica.<\/p>\n\n\n\n<p><strong>Lignes de Nazca :<\/strong><br>Elles sont situ\u00e9es \u00e0 145 kilom\u00e8tres au sud d\u2019Ica. Les myst\u00e9rieuses lignes de Nazca ont \u00e9t\u00e9 d\u00e9couvertes dans la pampa en 1939 et couvrent environ de 500 kilom\u00e8tres carr\u00e9s. Elles ne peuvent \u00eatre vues et appr\u00e9ci\u00e9es dans leur ampleur r\u00e9elle que depuis les airs. Les biomorphiques repr\u00e9sentent des figures de divers animaux comme l\u2019araign\u00e9e, le singe, le chien, le l\u00e9zard, le colibri ou le condor. Leurs dimensions varient entre 15 et 300 m\u00e8tres chacun.<\/p>\n\n\n\n<p><strong>R\u00e9serve Nationale de Paracas :<\/strong><br>Vous d\u00e9couvrirez les \u00eeles de Ballestas avec nos circuits \u00e0 d\u00e9part fixe en groupe :<\/p>\n\n\n\n<ul class=\"wp-block-list\"><li><a href=\"http:\/\/www.travelatin.com\/circuits-accompagnes-perou-bolivie\/circuits-accompagnes-en-groupe-perou-depart-date-fixe-culture-histoire\/\">C\u2019est le P\u00e9rou! \u2013 15 Jours<\/a><\/li><li><a href=\"http:\/\/www.travelatin.com\/circuits-accompagnes-perou-bolivie\/circuits-accompagnes-en-groupe-perou-bolivie-depart-date-fixe-andine\/\">Perou \u2013 Bolivie : Atmosph\u00e8re Andine \u2013 20 Jours<\/a><\/li><\/ul>\n\n\n\n<p>Situ\u00e9e \u00e0 250 kilom\u00e8tres au sud de Lima dans la province de Pisco, cette r\u00e9serve a pour but de prot\u00e9ger divers animaux en voie d\u2019extinction tels que le loup de mer, le chat marin ou chingungo, le pingouin de Humboldt, le Flamand ou parihuana, la tortue, une infinit\u00e9 d\u2019oiseaux marins mais aussi des poissons et des dauphins. Paracas est le point de d\u00e9part vers les \u00eeles Ballestas, formations rocheuses o\u00f9 loge une importante faune marine.<\/p>\n\n\n\n<p><strong>Los acueductos (Les aqueducs) :<\/strong><br>Vous d\u00e9couvrirez les acueductos avec nos circuits \u00e0 d\u00e9part fixe en groupe :<\/p>\n\n\n\n<ul class=\"wp-block-list\"><li><a href=\"http:\/\/www.travelatin.com\/circuits-accompagnes-perou-bolivie\/circuits-accompagnes-en-groupe-perou-depart-date-fixe-culture-histoire\/\">C\u2019est le P\u00e9rou! \u2013 15 Jours<\/a><\/li><li><a href=\"http:\/\/www.travelatin.com\/circuits-accompagnes-perou-bolivie\/circuits-accompagnes-en-groupe-perou-bolivie-depart-date-fixe-andine\/\">Perou \u2013 Bolivie : Atmosph\u00e8re Andine \u2013 20 Jours<\/a><\/li><\/ul>\n\n\n\n<p>Ils appartiennent \u00e0 la culture Nazca (550 ans apr\u00e8s J\u00e9sus-Christ) et se situent dans les Vall\u00e9es de Nazca, Taruga et las Trancas. Ce sont de v\u00e9ritables galeries filtrantes construites avec des parois en pierres incurv\u00e9es et des plafonds en pierres plates et en troncs de Guarango qui, dans certains cas couvrent plusieurs kilom\u00e8tres sous l\u2019eau \u00e0 des profondeurs pouvant atteindre 12 m\u00e8tres.<\/p>\n\n\n\n<p><strong>Cimeti\u00e8re de Chauchilla :<\/strong><br>Situ\u00e9 \u00e0 28 kilom\u00e8tres de Nazca, ce cimeti\u00e8re pill\u00e9 par des huaqueros laisse appara\u00eetre des tombes ouvertes, des squelettes, des cr\u00e2nes et d\u2019autres fragments d\u2019os.<\/p>\n\n\n\n<p><strong>La Cath\u00e9drale :<\/strong><br>Situ\u00e9e \u00e0 25 kilom\u00e8tres au sud-ouest de la ville de Pisco, \u00e0 l\u2019oppos\u00e9 du Cand\u00e9labre et \u00e0 25 minutes environ en voiture. Elle se trouve entre les plages Yumaque et Supay. Il s\u2019agit d\u2019une impressionnante et extraordinaire formation rocheuse qui a \u00e9t\u00e9 for\u00e9e par l\u2019eau et le vent et \u00e0 l\u2019int\u00e9rieur de laquelle il est possible de voir des chats marins ou chingungo (esp\u00e8ce en voie de disparition) ainsi que de nombreux oiseaux marins.<\/p>\n\n\n\n<p><strong>Mus\u00e9e Julio C. Tello :<\/strong><br>Il se trouve \u00e0 5 kilom\u00e8tres de la ville de Paracas. Ce mus\u00e9e montre l\u2019\u00e9volution de la Culture Paracas avec ses c\u00e9ramiques, ses tissages et ses repr\u00e9sentations de la vie quotidienne. \u00c0 quelques m\u00e8tres de l\u00e0, on peut aussi visiter les vestiges de la n\u00e9cropole de Paracas (momies envelopp\u00e9es dans des tissages Paracas).<\/p>\n\n\n\n<p><strong>La Achirana del Inca :<\/strong><br>Situ\u00e9 \u00e0 18 kilom\u00e8tres au nord-est de la ville d\u2019Ica et \u00e0 15 minutes environ en voiture, il s\u2019agit d\u2019un canal d\u2019irrigation construit \u00e0 l\u2019\u00e9poque de l\u2019Inca Pachacutec et qui date donc de plus de 500 ans.<\/p>\n\n\n\n<p><strong>Paredones :<\/strong><br>\u00c0 2 kilom\u00e8tres de Nasca sur la route Nasca\u2011Puquio. Connu comme un centre administratif inca, ce site se compose de nombreuses chambres, de terrasses, de cours dont les bases sont en pierre de taille, les parois en adobe, et les fondations sont celles de la culture Nazca.<\/p>\n\n\n\n<p><strong>Chincha :<\/strong><br>Situ\u00e9e \u00e0 202 kilom\u00e8tres de Lima sur la Panam\u00e9ricaine Sud, Chincha date de l\u2019\u00e9poque pr\u00e9 inca. Elle regorge de nombreuses tombes qui prouvent qu\u2019elle fut un centre de grande activit\u00e9. Vous remarquerez surtout la Huaca La Centinela pour ses grandes proportions. Elle fut aussi le centre d\u2019une culture dont l\u2019origine se trouve dans les descendants des esclaves des plantations de coton.<\/p>\n\n\n\n<p><strong>Huaca Guadalupe (S\u00e9pulture Guadalupe) :<\/strong><br>Elle est situ\u00e9e dans le district de Salas \u00e0 1 kilom\u00e8tre du village de Guadalupe et de la Panam\u00e9ricaine Sud, \u00e0 quelques minutes en auto. Lors des fouilles, une s\u00e9rie de structures ont \u00e9t\u00e9 d\u00e9couvertes : des ensembles d\u2019enceintes, de rampes et d\u2019\u00e9tages de plusieurs occupations et provenant des cultures Ica et Inca (XIII\u00e8me et XV\u00e8me si\u00e8cles). On a aussi trouv\u00e9 des fragments muraux sur adobe repr\u00e9sentant des dessins d\u2019oiseaux stylis\u00e9s et color\u00e9s en jaune, rouge, blanc et noir.<\/p>\n\n\n\n<p><strong>Moyen d\u2019acc\u00e8s<\/strong><br><strong>Par la route :<\/strong><br>Depuis Lima, par la Panam\u00e9ricaine Sud, jusqu\u2019\u00e0 l\u2019embranchement de San Clemente, puis route vers Pisco, en longeant la mer jusqu\u2019\u00e0 Paracas.<\/p>\n\n\n\n<p><strong>Les plats typiques<\/strong><\/p>\n\n\n\n<p>Ica est connu pour son exquise et vari\u00e9e gastronomie. On doit \u00e0 la ville de Chincha la cr\u00e9ation de plats tels que la carapulcra Pommes de terre s\u00e9ch\u00e9es et bouillies, cuisin\u00e9es avec du porc ou de la poule, du piment antillais, de piment mirasol et d\u2019autres \u00e9pices ; ou la sopa seca, sa variante.<br>La ville d\u2019Ica, pour sa part, a concoct\u00e9 des recettes et des rago\u00fbts de haricots comme le \u201cchupe de pallares verdes\u201d pr\u00e9paration \u00e0 base de soupe de lait, de poisson, de crevette grise chinoise et, \u00e9videmment, des haricots verts. Les desserts et les sucreries les plus connus sont les tejas (bouch\u00e9es chocolat\u00e9es fourr\u00e9es d\u2019amandes, noix de p\u00e9can, pruneaux ou caramel), le frijol colado (haricot) et le dulce de alcayote (sucrerie de chayote). Pour ce qui est des boissons, go\u00fbtez les diff\u00e9rentes vari\u00e9t\u00e9s de vins ainsi que le Pisco (Eau-de-vie de raisin, originaire du P\u00e9rou et boisson phare du pays). Et si c\u2019est la saison, savourez la cachina (liqueur \u00e0 base de mous de raisin ferment\u00e9).<\/p>\n\n\n\n<p><strong>Calendrier touristique<\/strong><\/p>\n\n\n\n<p>Mars : Vendanges. F\u00eates de la r\u00e9colte du raisin et du bon vin. D\u00e9fil\u00e9 de voitures d\u00e9cor\u00e9es, exposition de produits viticoles, artisanaux, commerciaux et industriels. Concours de chevaux de parade, combats de coqs, d\u00e9gustation de vins et de Pisco en pr\u00e9sence d\u2019artistes nationaux et \u00e9trangers.<br>Semaine Sainte : Les \u00e9glises se remplissent de fid\u00e8les qui viennent se recueillir en souvenir du calvaire de J\u00e9sus-Christ. L\u2019ic\u00f4ne du Se\u00f1or de Luren est port\u00e9 en procession dans toute la ville, de nuit.<br>Du 10 au 20 juin : Semaine anniversaire de la fondation d\u2019Ica.<br>Seconde quinzaine de juillet : Semaine touristique de Nazca avec des f\u00eates artisanales, industrielles, commerciales et agricoles ainsi que des combats de coqs.<br>15 ao\u00fbt : Festival de l\u2019orange \u00e0 Palpa.<br>Du 1er au 12 septembre : F\u00eate patronale en hommage \u00e0 la Vierge de Guadalupe \u00e0 Nazca. Processions, f\u00eates populaires nocturnes, feux d\u2019artifices et foires artisanales.<br>Premi\u00e8re semaine de septembre : A Pisco, on f\u00eate le d\u00e9barquement de l\u2019Exp\u00e9dition Libertadora du G\u00e9n\u00e9ral Jos\u00e9 de San Mart\u00edn.<br>Du 6 au 20 octobre : F\u00eate du Se\u00f1or de Luren. F\u00eate religieuse qui commence le premier jeudi et qui s\u2019ach\u00e8ve le troisi\u00e8me lundi du mois avec la procession du Saint.<br>Derni\u00e8re semaine d\u2019octobre : Semaine Touristique de Chincha. On c\u00e9l\u00e8bre la fondation de la ville avec une foire artisanale et commerciale, des concours et des pr\u00e9sentations d\u2019artistes.<\/p>\n","protected":false},"excerpt":{"rendered":"<p>Description d\u2019Ica Histoire de la r\u00e9gion Les attraits touristiques de la ville d\u2019Ica Les attraits touristiques de la r\u00e9gion d\u2019Ica Moyen d\u2019acc\u00e8s Les plats typiques Calendrier touristique Description d\u2019Ica La r\u00e9gion d\u2019Ica est situ\u00e9e sur la c\u00f4te sud du littoral p\u00e9ruvien, au sud-est de Lima. Elle est limit\u00e9e au nord par Lima, au sud par [&#8230;]\n","protected":false},"author":1,"featured_media":0,"parent":666,"menu_order":0,"comment_status":"closed","ping_status":"closed","template":"","meta":{"footnotes":""},"class_list":["post-682","page","type-page","status-publish","hentry"],"yoast_head":"<!-- This site is optimized with the Yoast SEO plugin v23.1 - https:\/\/yoast.com\/wordpress\/plugins\/seo\/ -->\n<title>Ica - Nazca - Shop Travelatin<\/title>\n<meta name=\"robots\" content=\"index, follow, max-snippet:-1, max-image-preview:large, max-video-preview:-1\" \/>\n<link rel=\"canonical\" href=\"https:\/\/viajes.travelatin.com\/en\/rumbos-peru\/ica-nazca\/\" \/>\n<meta property=\"og:locale\" content=\"en_US\" \/>\n<meta property=\"og:type\" content=\"article\" \/>\n<meta property=\"og:title\" content=\"Ica - Nazca - Shop Travelatin\" \/>\n<meta property=\"og:description\" content=\"Description d\u2019Ica Histoire de la r\u00e9gion Les attraits touristiques de la ville d\u2019Ica Les attraits touristiques de la r\u00e9gion d\u2019Ica Moyen d\u2019acc\u00e8s Les plats typiques Calendrier touristique Description d\u2019Ica La r\u00e9gion d\u2019Ica est situ\u00e9e sur la c\u00f4te sud du littoral p\u00e9ruvien, au sud-est de Lima. Elle est limit\u00e9e au nord par Lima, au sud par [...]\" \/>\n<meta property=\"og:url\" content=\"https:\/\/viajes.travelatin.com\/en\/rumbos-peru\/ica-nazca\/\" \/>\n<meta property=\"og:site_name\" content=\"Shop Travelatin\" \/>\n<meta property=\"article:modified_time\" content=\"2019-03-17T15:28:19+00:00\" \/>\n<meta name=\"twitter:card\" content=\"summary_large_image\" \/>\n<meta name=\"twitter:label1\" content=\"Est. reading time\" \/>\n\t<meta name=\"twitter:data1\" content=\"10 minutes\" \/>\n<script type=\"application\/ld+json\" class=\"yoast-schema-graph\">{\"@context\":\"https:\/\/schema.org\",\"@graph\":[{\"@type\":\"WebPage\",\"@id\":\"https:\/\/viajes.travelatin.com\/en\/rumbos-peru\/ica-nazca\/\",\"url\":\"https:\/\/viajes.travelatin.com\/en\/rumbos-peru\/ica-nazca\/\",\"name\":\"Ica - Nazca - Shop Travelatin\",\"isPartOf\":{\"@id\":\"https:\/\/viajes.travelatin.com\/#website\"},\"datePublished\":\"2019-03-16T23:06:34+00:00\",\"dateModified\":\"2019-03-17T15:28:19+00:00\",\"breadcrumb\":{\"@id\":\"https:\/\/viajes.travelatin.com\/en\/rumbos-peru\/ica-nazca\/#breadcrumb\"},\"inLanguage\":\"en-US\",\"potentialAction\":[{\"@type\":\"ReadAction\",\"target\":[\"https:\/\/viajes.travelatin.com\/en\/rumbos-peru\/ica-nazca\/\"]}]},{\"@type\":\"BreadcrumbList\",\"@id\":\"https:\/\/viajes.travelatin.com\/en\/rumbos-peru\/ica-nazca\/#breadcrumb\",\"itemListElement\":[{\"@type\":\"ListItem\",\"position\":1,\"name\":\"Portada\",\"item\":\"https:\/\/viajes.travelatin.com\/en\/\"},{\"@type\":\"ListItem\",\"position\":2,\"name\":\"Destination Per\u00fa\",\"item\":\"https:\/\/viajes.travelatin.com\/en\/rumbos-peru\/\"},{\"@type\":\"ListItem\",\"position\":3,\"name\":\"Ica &#8211; Nazca\"}]},{\"@type\":\"WebSite\",\"@id\":\"https:\/\/viajes.travelatin.com\/#website\",\"url\":\"https:\/\/viajes.travelatin.com\/\",\"name\":\"Shop Travelatin\",\"description\":\"Travel Peru\",\"potentialAction\":[{\"@type\":\"SearchAction\",\"target\":{\"@type\":\"EntryPoint\",\"urlTemplate\":\"https:\/\/viajes.travelatin.com\/?s={search_term_string}\"},\"query-input\":\"required name=search_term_string\"}],\"inLanguage\":\"en-US\"}]}<\/script>\n<!-- \/ Yoast SEO plugin. -->","yoast_head_json":{"title":"Ica - Nazca - Shop Travelatin","robots":{"index":"index","follow":"follow","max-snippet":"max-snippet:-1","max-image-preview":"max-image-preview:large","max-video-preview":"max-video-preview:-1"},"canonical":"https:\/\/viajes.travelatin.com\/en\/rumbos-peru\/ica-nazca\/","og_locale":"en_US","og_type":"article","og_title":"Ica - Nazca - Shop Travelatin","og_description":"Description d\u2019Ica Histoire de la r\u00e9gion Les attraits touristiques de la ville d\u2019Ica Les attraits touristiques de la r\u00e9gion d\u2019Ica Moyen d\u2019acc\u00e8s Les plats typiques Calendrier touristique Description d\u2019Ica La r\u00e9gion d\u2019Ica est situ\u00e9e sur la c\u00f4te sud du littoral p\u00e9ruvien, au sud-est de Lima. Elle est limit\u00e9e au nord par Lima, au sud par [...]","og_url":"https:\/\/viajes.travelatin.com\/en\/rumbos-peru\/ica-nazca\/","og_site_name":"Shop Travelatin","article_modified_time":"2019-03-17T15:28:19+00:00","twitter_card":"summary_large_image","twitter_misc":{"Est. reading time":"10 minutes"},"schema":{"@context":"https:\/\/schema.org","@graph":[{"@type":"WebPage","@id":"https:\/\/viajes.travelatin.com\/en\/rumbos-peru\/ica-nazca\/","url":"https:\/\/viajes.travelatin.com\/en\/rumbos-peru\/ica-nazca\/","name":"Ica - Nazca - Shop Travelatin","isPartOf":{"@id":"https:\/\/viajes.travelatin.com\/#website"},"datePublished":"2019-03-16T23:06:34+00:00","dateModified":"2019-03-17T15:28:19+00:00","breadcrumb":{"@id":"https:\/\/viajes.travelatin.com\/en\/rumbos-peru\/ica-nazca\/#breadcrumb"},"inLanguage":"en-US","potentialAction":[{"@type":"ReadAction","target":["https:\/\/viajes.travelatin.com\/en\/rumbos-peru\/ica-nazca\/"]}]},{"@type":"BreadcrumbList","@id":"https:\/\/viajes.travelatin.com\/en\/rumbos-peru\/ica-nazca\/#breadcrumb","itemListElement":[{"@type":"ListItem","position":1,"name":"Portada","item":"https:\/\/viajes.travelatin.com\/en\/"},{"@type":"ListItem","position":2,"name":"Destination Per\u00fa","item":"https:\/\/viajes.travelatin.com\/en\/rumbos-peru\/"},{"@type":"ListItem","position":3,"name":"Ica &#8211; Nazca"}]},{"@type":"WebSite","@id":"https:\/\/viajes.travelatin.com\/#website","url":"https:\/\/viajes.travelatin.com\/","name":"Shop Travelatin","description":"Travel Peru","potentialAction":[{"@type":"SearchAction","target":{"@type":"EntryPoint","urlTemplate":"https:\/\/viajes.travelatin.com\/?s={search_term_string}"},"query-input":"required name=search_term_string"}],"inLanguage":"en-US"}]}},"jetpack_sharing_enabled":true,"_links":{"self":[{"href":"https:\/\/viajes.travelatin.com\/en\/wp-json\/wp\/v2\/pages\/682"}],"collection":[{"href":"https:\/\/viajes.travelatin.com\/en\/wp-json\/wp\/v2\/pages"}],"about":[{"href":"https:\/\/viajes.travelatin.com\/en\/wp-json\/wp\/v2\/types\/page"}],"author":[{"embeddable":true,"href":"https:\/\/viajes.travelatin.com\/en\/wp-json\/wp\/v2\/users\/1"}],"replies":[{"embeddable":true,"href":"https:\/\/viajes.travelatin.com\/en\/wp-json\/wp\/v2\/comments?post=682"}],"version-history":[{"count":1,"href":"https:\/\/viajes.travelatin.com\/en\/wp-json\/wp\/v2\/pages\/682\/revisions"}],"predecessor-version":[{"id":683,"href":"https:\/\/viajes.travelatin.com\/en\/wp-json\/wp\/v2\/pages\/682\/revisions\/683"}],"up":[{"embeddable":true,"href":"https:\/\/viajes.travelatin.com\/en\/wp-json\/wp\/v2\/pages\/666"}],"wp:attachment":[{"href":"https:\/\/viajes.travelatin.com\/en\/wp-json\/wp\/v2\/media?parent=682"}],"curies":[{"name":"wp","href":"https:\/\/api.w.org\/{rel}","templated":true}]}}