{"id":686,"date":"2019-03-16T23:54:04","date_gmt":"2019-03-16T23:54:04","guid":{"rendered":"https:\/\/viajes.travelatin.com\/rumbos-bolivia\/salar-de-uyuni\/"},"modified":"2019-03-18T21:09:41","modified_gmt":"2019-03-18T21:09:41","slug":"salar-de-uyuni","status":"publish","type":"page","link":"https:\/\/viajes.travelatin.com\/en\/rumbos-bolivia\/salar-de-uyuni\/","title":{"rendered":"Salar of Uyuni"},"content":{"rendered":"\n  <div id=\"page-header-1166230852\" class=\"page-header-wrapper\">\n  <div class=\"page-title dark featured-title\">\n\n    \n    <div class=\"page-title-inner container align-center flex-row medium-flex-wrap\" >\n              <div class=\"title-wrapper flex-col text-left medium-text-center\">\n          <h1 class=\"entry-title mb-0\">\n            Salar of Uyuni          <\/h1>\n        <\/div>\n                    <div class=\"title-content flex-col flex-right text-right medium-text-center\">\n        <div class=\"title-breadcrumbs pb-half pt-half\"><nav class=\"woocommerce-breadcrumb breadcrumbs uppercase\">Home<\/nav><\/div>      <\/div>\n    <\/div>\n\n       <\/div>\n    <\/div>\n  \n\n\n<ol>\n<li><a href=\"http:\/\/www.travelatin.com\/infos-pratiques-au-voyages\/destinations-en-bolivie\/salar-duyuni-et-sud-lipez-bolivie#description-d-uyuni\">Description d\u2019Uyuni<\/a><\/li>\n<li><a href=\"http:\/\/www.travelatin.com\/infos-pratiques-au-voyages\/destinations-en-bolivie\/salar-duyuni-et-sud-lipez-bolivie#les-attraits-touristiques-d-Uyuni\">Les attraits touristiques d\u2019Uyuni<\/a><\/li>\n<li><a href=\"http:\/\/www.travelatin.com\/infos-pratiques-au-voyages\/destinations-en-bolivie\/salar-duyuni-et-sud-lipez-bolivie#les-attraits-touristiques-du-sud-lipez\">Les attraits touristiques du Sud Lipez<\/a><\/li>\n<\/ol>\n\n\n<p><strong>Description d\u2019Uyuni<\/strong><\/p>\n\n\n\n<p>Certainement l\u2019attraction touristique la plus connue de Bolivie, le Salar de Uyuni offre un des paysages les plus extraordinaires d\u2019Am\u00e9rique du Sud. C\u2019est en fait un ancien lac sal\u00e9 compl\u00e8tement blanc, que l\u2019on peut explorer en 4\u00d74. Le contraste entre le bleu du ciel et le blanc permet de faire des photos \u00e9tonnantes.<\/p>\n\n\n\n<p>Cette \u00e9tendue de sel est situ\u00e9e \u00e0 3 658 m d&#8217;altitude. Avec une superficie de 10 582 km21, elle constitue le plus vaste d\u00e9sert de sel du monde et repr\u00e9sente un tiers des r\u00e9serves de lithium exploitables de la plan\u00e8te. Ses dimensions sont de 150 kilom\u00e8tres sur 100. La disparition du lac pr\u00e9historique Tauca, 14 000 ans auparavant, a donn\u00e9 naissance \u00e0 la cro\u00fbte de sel la plus grande du monde qui recouvre aujourd&#8217;hui ce salar2. En s&#8217;ass\u00e9chant, il laissa derri\u00e8re lui deux petits lacs encore visibles, le lac Poop\u00f3 et le lac Uru Uru et deux grands d\u00e9serts de sel, le salar de Coipasa et le gigantesque salar d&#8217;Uyuni.<br>Le sel est exploit\u00e9, mais la production annuelle d&#8217;environ 25 000 tonnes ne risque pas d&#8217;\u00e9puiser les 64 milliards de tonnes estim\u00e9es du gisement4 (en effet, l&#8217;\u00e9paisseur du sel varie de 2 \u00e0 120 m\u00e8tres, selon les endroits).<\/p>\n\n\n\n<p><strong>Les attraits touristiques d\u2019Uyuni<\/strong><\/p>\n\n\n\n<p><strong>Le Salar d\u2019Uyuni:<\/strong><br>Vous d\u00e9couvrirez le Salar d\u2019Uyuni avec nos circuits \u00e0 d\u00e9part fixe en groupe:<\/p>\n\n\n\n<p><a href=\"http:\/\/www.travelatin.com\/circuits-accompagnes-perou-bolivie\/circuits-accompagnes-en-groupe-perou-bolivie-depart-date-fixe-andine\/\">Perou \u2013 Bolivie : Atmosph\u00e8re Andine \u2013 20 Jours <\/a><\/p>\n\n\n\n<p>Le d\u00e9sert d&#8217;Uyuni est sur un plateau sec aux couleurs exceptionnelles fascinantes, \u00e0 trois mille m\u00e8tres d&#8217;altitude. Pour le voir, il faut une visite guid\u00e9e. La r\u00e9gion est appel\u00e9e le Lipez, une r\u00e9gion de commerce frontalier avec le Chili, mais qui a \u00e9t\u00e9 abandonn\u00e9e et qui s&#8217;est appauvri: les trains ont cess\u00e9 de fonctionner et les activit\u00e9s se sont converties en mines et au transit des touristes.<\/p>\n\n\n\n<p><strong>Le cimeti\u00e8re de trains:<\/strong><br>Vous d\u00e9couvrirez le cimeti\u00e8re de trains avec nos circuits \u00e0 d\u00e9part fixe en groupe :<\/p>\n\n\n\n<ul class=\"wp-block-list\"><li><a href=\"http:\/\/www.travelatin.com\/circuits-accompagnes-perou-bolivie\/circuits-accompagnes-en-groupe-perou-bolivie-depart-date-fixe-andine\/\">Perou \u2013 Bolivie : Atmosph\u00e8re Andine \u2013 20 Jours <\/a><\/li><\/ul>\n\n\n\n<p>A quelques minutes du centre-ville d\u2019Uyuni se situe le fameux cimeti\u00e8re de trains o\u00f9 rouillent doucement les carcasses des anciens chemins de fer boliviens.<br>De situation centrale, \u00e0 la crois\u00e9e des chemins entre les lignes ferroviaires Est-Ouest qui partaient vers le Chili, et Nord-Sud entre la Paz et l&#8217;Argentine, Uyuni a donc fait office de d\u00e9potoir pour ces anciennes locomotives et autres wagons pour lequel il n&#8217;existait pas d&#8217;autre lieu de stockage.<\/p>\n\n\n\n<p><strong>Ile de Incahuasi:<\/strong><br>Vous d\u00e9couvrirez l\u2019Ile de Incahuasi avec nos circuits \u00e0 d\u00e9part fixe en groupe :<\/p>\n\n\n\n<ul class=\"wp-block-list\"><li><a href=\"http:\/\/www.travelatin.com\/circuits-accompagnes-perou-bolivie\/circuits-accompagnes-en-groupe-perou-bolivie-depart-date-fixe-andine\/\">Perou \u2013 Bolivie : Atmosph\u00e8re Andine \u2013 20 Jours <\/a><\/li><\/ul>\n\n\n\n<p>Cette \u00eele au milieu du c\u00e9l\u00e8bre d\u00e9sert de sel est un arr\u00eat obligatoire des 4&#215;4 qui traversent le Salar. C&#8217;est un peu trop touristique mais le lieu n&#8217;en demeure pas moins extraordinaire. C&#8217;est un bout de caillou avec des cactus mill\u00e9naires.<\/p>\n\n\n\n<p><strong>Ile de pescado:<\/strong><br>Vous d\u00e9couvrirez l\u2019Ile de Pescado avec nos circuits \u00e0 d\u00e9part fixe en groupe :<\/p>\n\n\n\n<ul class=\"wp-block-list\"><li><a href=\"http:\/\/www.travelatin.com\/circuits-accompagnes-perou-bolivie\/circuits-accompagnes-en-groupe-perou-bolivie-depart-date-fixe-andine\/\">Perou \u2013 Bolivie : Atmosph\u00e8re Andine \u2013 20 Jours <\/a><\/li><\/ul>\n\n\n\n<p>Ile de Pescado est un tr\u00e8s bel endroit de Uyuni, un lieu compl\u00e8tement d\u00e9sert o\u00f9 l&#8217;on trouve un grand nombre de cactus g\u00e9ants qui peuvent atteindre plus de 10 m\u00e8tres de haut. C&#8217;est tr\u00e8s int\u00e9ressant de rejoindre le sommet de l&#8217;\u00eele \u00e0 moins de 30 minutes car on peut contempler l&#8217;immensit\u00e9 et la beaut\u00e9 du territoire.<\/p>\n\n\n\n<p><strong>Les geysers du d\u00e9sert:<\/strong><br>Vous d\u00e9couvrirez les geysers avec nos circuits \u00e0 d\u00e9part fixe en groupe:<\/p>\n\n\n\n<ul class=\"wp-block-list\"><li><a href=\"http:\/\/www.travelatin.com\/circuits-accompagnes-perou-bolivie\/circuits-accompagnes-en-groupe-perou-bolivie-depart-date-fixe-andine\/\">Perou \u2013 Bolivie : Atmosph\u00e8re Andine \u2013 20 Jours <\/a><\/li><\/ul>\n\n\n\n<p>Le plateau qui se nomme Tatio, et est le champ de geysers le plus haut du monde, \u00e0 plus de quatre mille m\u00e8tres d&#8217;altitude au-dessus du niveau de la mer. G\u00e9n\u00e9ralement, cette attraction est la premi\u00e8re activit\u00e9 du dernier jour au d\u00e9part d&#8217;Uyuni, des lagunes color\u00e9es, et du d\u00e9sert de Uyuni. La vue des geysers, tr\u00e8s hauts, avec dans le fond la lune et de l&#8217;autre c\u00f4t\u00e9 le reflet du soleil sur le d\u00e9sert et sur le plateau d\u2019Uyuni, fut un spectacle inoubliable.<\/p>\n\n\n\n<p><strong>Uyuni:<\/strong><br>Vous d\u00e9couvrirez Uyuni avec nos circuits \u00e0 d\u00e9part fixe en groupe :<\/p>\n\n\n\n<ul class=\"wp-block-list\"><li><a href=\"http:\/\/www.travelatin.com\/circuits-accompagnes-perou-bolivie\/circuits-accompagnes-en-groupe-perou-bolivie-depart-date-fixe-andine\/\">Perou \u2013 Bolivie : Atmosph\u00e8re Andine \u2013 20 Jours<\/a><\/li><\/ul>\n\n\n\n<p>Uyuni est une petite ville situ\u00e9e \u00e0 10 km du Salar, cet immense d\u00e9sert de sel. Cette ville ne pr\u00e9sente gu\u00e8re d&#8217;int\u00e9r\u00eat \u00e0 part \u00eatre le point de d\u00e9part des tours pour le sud Lipez et le Salar. Tupiza, \u00e0 8h de bus d&#8217;Uyuni, est une tr\u00e8s belle r\u00e9gion ressemblant au Far West. Elle est aussi un point de d\u00e9part pour le Lipez et le Salar.<\/p>\n\n\n\n<p><strong>Les attraits touristiques du Sud Lipez<\/strong><\/p>\n\n\n\n<p><strong>Laguna Blanca:<\/strong><br>Vous d\u00e9couvrirez la Laguna Blanca avec nos circuits \u00e0 d\u00e9part fixe en groupe :<\/p>\n\n\n\n<ul class=\"wp-block-list\"><li><a href=\"http:\/\/www.travelatin.com\/circuits-accompagnes-perou-bolivie\/circuits-accompagnes-en-groupe-perou-bolivie-depart-date-fixe-andine\/\">Perou \u2013 Bolivie : Atmosph\u00e8re Andine \u2013 20 Jours <\/a><\/li><\/ul>\n\n\n\n<p>La laguna Blanca est un lac sal\u00e9 situ\u00e9 au sein de la R\u00e9serve nationale de faune andine Eduardo Avaroa dans la province de Sud L\u00edpez du d\u00e9partement de Potos\u00ed, en Bolivie.<\/p>\n\n\n\n<p><strong>Laguna Colorada:<\/strong><\/p>\n\n\n\n<p>Vous d\u00e9couvrirez la Laguna Colorada avec nos circuits \u00e0 d\u00e9part fixe en groupe :<\/p>\n\n\n\n<ul class=\"wp-block-list\"><li><a href=\"http:\/\/www.travelatin.com\/circuits-accompagnes-perou-bolivie\/circuits-accompagnes-en-groupe-perou-bolivie-depart-date-fixe-andine\/\">Perou \u2013 Bolivie : Atmosph\u00e8re Andine \u2013 20 Jours <\/a><\/li><\/ul>\n\n\n\n<p>La laguna Colorada est un lac sal\u00e9 situ\u00e9 dans la r\u00e9serve nationale de faune andine Eduardo Avaroa sur l&#8217;altiplano bolivien dans le d\u00e9partement de Potos\u00ed. Ce lac se trouve pr\u00e8s de la fronti\u00e8re avec le Chili. Situ\u00e9 \u00e0 une altitude de 4 278 m, il poss\u00e8de une superficie de 60 km\u00b2 et une profondeur moyenne de 35 centim\u00e8tres.<\/p>\n\n\n\n<p><strong>Laguna Verde:<\/strong><br>Vous d\u00e9couvrirez la Laguna Verde avec nos circuits \u00e0 d\u00e9part fixe en groupe:<\/p>\n\n\n\n<ul class=\"wp-block-list\"><li><a href=\"http:\/\/www.travelatin.com\/circuits-accompagnes-perou-bolivie\/circuits-accompagnes-en-groupe-perou-bolivie-depart-date-fixe-andine\/\">Perou \u2013 Bolivie : Atmosph\u00e8re Andine \u2013 20 Jours <\/a><\/li><\/ul>\n\n\n\n<p>La laguna Verde est un lac sal\u00e9 de Bolivie situ\u00e9 au sein de la r\u00e9serve nationale de faune andine Eduardo Avaroa, dans la province de Sud L\u00edpez, d\u00e9partement de Potos\u00ed.<\/p>\n","protected":false},"excerpt":{"rendered":"<p>Description d\u2019Uyuni Les attraits touristiques d\u2019Uyuni Les attraits touristiques du Sud Lipez Description d\u2019Uyuni Certainement l\u2019attraction touristique la plus connue de Bolivie, le Salar de Uyuni offre un des paysages les plus extraordinaires d\u2019Am\u00e9rique du Sud. C\u2019est en fait un ancien lac sal\u00e9 compl\u00e8tement blanc, que l\u2019on peut explorer en 4\u00d74. Le contraste entre le [&#8230;]\n","protected":false},"author":1,"featured_media":0,"parent":684,"menu_order":0,"comment_status":"closed","ping_status":"closed","template":"","meta":{"footnotes":""},"class_list":["post-686","page","type-page","status-publish","hentry"],"yoast_head":"<!-- This site is optimized with the Yoast SEO plugin v23.1 - https:\/\/yoast.com\/wordpress\/plugins\/seo\/ -->\n<title>Salar of Uyuni - Shop Travelatin<\/title>\n<meta name=\"robots\" content=\"index, follow, max-snippet:-1, max-image-preview:large, max-video-preview:-1\" \/>\n<link rel=\"canonical\" href=\"https:\/\/viajes.travelatin.com\/en\/rumbos-bolivia\/salar-de-uyuni\/\" \/>\n<meta property=\"og:locale\" content=\"en_US\" \/>\n<meta property=\"og:type\" content=\"article\" \/>\n<meta property=\"og:title\" content=\"Salar of Uyuni - Shop Travelatin\" \/>\n<meta property=\"og:description\" content=\"Description d\u2019Uyuni Les attraits touristiques d\u2019Uyuni Les attraits touristiques du Sud Lipez Description d\u2019Uyuni Certainement l\u2019attraction touristique la plus connue de Bolivie, le Salar de Uyuni offre un des paysages les plus extraordinaires d\u2019Am\u00e9rique du Sud. C\u2019est en fait un ancien lac sal\u00e9 compl\u00e8tement blanc, que l\u2019on peut explorer en 4\u00d74. Le contraste entre le [...]\" \/>\n<meta property=\"og:url\" content=\"https:\/\/viajes.travelatin.com\/en\/rumbos-bolivia\/salar-de-uyuni\/\" \/>\n<meta property=\"og:site_name\" content=\"Shop Travelatin\" \/>\n<meta property=\"article:modified_time\" content=\"2019-03-18T21:09:41+00:00\" \/>\n<meta name=\"twitter:card\" content=\"summary_large_image\" \/>\n<meta name=\"twitter:label1\" content=\"Est. reading time\" \/>\n\t<meta name=\"twitter:data1\" content=\"5 minutes\" \/>\n<script type=\"application\/ld+json\" class=\"yoast-schema-graph\">{\"@context\":\"https:\/\/schema.org\",\"@graph\":[{\"@type\":\"WebPage\",\"@id\":\"https:\/\/viajes.travelatin.com\/en\/rumbos-bolivia\/salar-de-uyuni\/\",\"url\":\"https:\/\/viajes.travelatin.com\/en\/rumbos-bolivia\/salar-de-uyuni\/\",\"name\":\"Salar of Uyuni - Shop Travelatin\",\"isPartOf\":{\"@id\":\"https:\/\/viajes.travelatin.com\/#website\"},\"datePublished\":\"2019-03-16T23:54:04+00:00\",\"dateModified\":\"2019-03-18T21:09:41+00:00\",\"breadcrumb\":{\"@id\":\"https:\/\/viajes.travelatin.com\/en\/rumbos-bolivia\/salar-de-uyuni\/#breadcrumb\"},\"inLanguage\":\"en-US\",\"potentialAction\":[{\"@type\":\"ReadAction\",\"target\":[\"https:\/\/viajes.travelatin.com\/en\/rumbos-bolivia\/salar-de-uyuni\/\"]}]},{\"@type\":\"BreadcrumbList\",\"@id\":\"https:\/\/viajes.travelatin.com\/en\/rumbos-bolivia\/salar-de-uyuni\/#breadcrumb\",\"itemListElement\":[{\"@type\":\"ListItem\",\"position\":1,\"name\":\"Portada\",\"item\":\"https:\/\/viajes.travelatin.com\/en\/\"},{\"@type\":\"ListItem\",\"position\":2,\"name\":\"Destination Bolivia\",\"item\":\"https:\/\/viajes.travelatin.com\/en\/rumbos-bolivia\/\"},{\"@type\":\"ListItem\",\"position\":3,\"name\":\"Salar of Uyuni\"}]},{\"@type\":\"WebSite\",\"@id\":\"https:\/\/viajes.travelatin.com\/#website\",\"url\":\"https:\/\/viajes.travelatin.com\/\",\"name\":\"Shop Travelatin\",\"description\":\"Travel Peru\",\"potentialAction\":[{\"@type\":\"SearchAction\",\"target\":{\"@type\":\"EntryPoint\",\"urlTemplate\":\"https:\/\/viajes.travelatin.com\/?s={search_term_string}\"},\"query-input\":\"required name=search_term_string\"}],\"inLanguage\":\"en-US\"}]}<\/script>\n<!-- \/ Yoast SEO plugin. -->","yoast_head_json":{"title":"Salar of Uyuni - Shop Travelatin","robots":{"index":"index","follow":"follow","max-snippet":"max-snippet:-1","max-image-preview":"max-image-preview:large","max-video-preview":"max-video-preview:-1"},"canonical":"https:\/\/viajes.travelatin.com\/en\/rumbos-bolivia\/salar-de-uyuni\/","og_locale":"en_US","og_type":"article","og_title":"Salar of Uyuni - Shop Travelatin","og_description":"Description d\u2019Uyuni Les attraits touristiques d\u2019Uyuni Les attraits touristiques du Sud Lipez Description d\u2019Uyuni Certainement l\u2019attraction touristique la plus connue de Bolivie, le Salar de Uyuni offre un des paysages les plus extraordinaires d\u2019Am\u00e9rique du Sud. C\u2019est en fait un ancien lac sal\u00e9 compl\u00e8tement blanc, que l\u2019on peut explorer en 4\u00d74. Le contraste entre le [...]","og_url":"https:\/\/viajes.travelatin.com\/en\/rumbos-bolivia\/salar-de-uyuni\/","og_site_name":"Shop Travelatin","article_modified_time":"2019-03-18T21:09:41+00:00","twitter_card":"summary_large_image","twitter_misc":{"Est. reading time":"5 minutes"},"schema":{"@context":"https:\/\/schema.org","@graph":[{"@type":"WebPage","@id":"https:\/\/viajes.travelatin.com\/en\/rumbos-bolivia\/salar-de-uyuni\/","url":"https:\/\/viajes.travelatin.com\/en\/rumbos-bolivia\/salar-de-uyuni\/","name":"Salar of Uyuni - Shop Travelatin","isPartOf":{"@id":"https:\/\/viajes.travelatin.com\/#website"},"datePublished":"2019-03-16T23:54:04+00:00","dateModified":"2019-03-18T21:09:41+00:00","breadcrumb":{"@id":"https:\/\/viajes.travelatin.com\/en\/rumbos-bolivia\/salar-de-uyuni\/#breadcrumb"},"inLanguage":"en-US","potentialAction":[{"@type":"ReadAction","target":["https:\/\/viajes.travelatin.com\/en\/rumbos-bolivia\/salar-de-uyuni\/"]}]},{"@type":"BreadcrumbList","@id":"https:\/\/viajes.travelatin.com\/en\/rumbos-bolivia\/salar-de-uyuni\/#breadcrumb","itemListElement":[{"@type":"ListItem","position":1,"name":"Portada","item":"https:\/\/viajes.travelatin.com\/en\/"},{"@type":"ListItem","position":2,"name":"Destination Bolivia","item":"https:\/\/viajes.travelatin.com\/en\/rumbos-bolivia\/"},{"@type":"ListItem","position":3,"name":"Salar of Uyuni"}]},{"@type":"WebSite","@id":"https:\/\/viajes.travelatin.com\/#website","url":"https:\/\/viajes.travelatin.com\/","name":"Shop Travelatin","description":"Travel Peru","potentialAction":[{"@type":"SearchAction","target":{"@type":"EntryPoint","urlTemplate":"https:\/\/viajes.travelatin.com\/?s={search_term_string}"},"query-input":"required name=search_term_string"}],"inLanguage":"en-US"}]}},"jetpack_sharing_enabled":true,"_links":{"self":[{"href":"https:\/\/viajes.travelatin.com\/en\/wp-json\/wp\/v2\/pages\/686"}],"collection":[{"href":"https:\/\/viajes.travelatin.com\/en\/wp-json\/wp\/v2\/pages"}],"about":[{"href":"https:\/\/viajes.travelatin.com\/en\/wp-json\/wp\/v2\/types\/page"}],"author":[{"embeddable":true,"href":"https:\/\/viajes.travelatin.com\/en\/wp-json\/wp\/v2\/users\/1"}],"replies":[{"embeddable":true,"href":"https:\/\/viajes.travelatin.com\/en\/wp-json\/wp\/v2\/comments?post=686"}],"version-history":[{"count":2,"href":"https:\/\/viajes.travelatin.com\/en\/wp-json\/wp\/v2\/pages\/686\/revisions"}],"predecessor-version":[{"id":804,"href":"https:\/\/viajes.travelatin.com\/en\/wp-json\/wp\/v2\/pages\/686\/revisions\/804"}],"up":[{"embeddable":true,"href":"https:\/\/viajes.travelatin.com\/en\/wp-json\/wp\/v2\/pages\/684"}],"wp:attachment":[{"href":"https:\/\/viajes.travelatin.com\/en\/wp-json\/wp\/v2\/media?parent=686"}],"curies":[{"name":"wp","href":"https:\/\/api.w.org\/{rel}","templated":true}]}}