{"id":688,"date":"2019-03-16T23:47:32","date_gmt":"2019-03-16T23:47:32","guid":{"rendered":"https:\/\/viajes.travelatin.com\/rumbos-bolivia\/potosi\/"},"modified":"2019-03-17T15:34:47","modified_gmt":"2019-03-17T15:34:47","slug":"potosi","status":"publish","type":"page","link":"https:\/\/viajes.travelatin.com\/en\/rumbos-bolivia\/potosi\/","title":{"rendered":"Potosi"},"content":{"rendered":"\n  <div id=\"page-header-1818049952\" class=\"page-header-wrapper\">\n  <div class=\"page-title dark featured-title\">\n\n    \n    <div class=\"page-title-inner container align-center flex-row medium-flex-wrap\" >\n              <div class=\"title-wrapper flex-col text-left medium-text-center\">\n          <h1 class=\"entry-title mb-0\">\n            Potosi          <\/h1>\n        <\/div>\n                    <div class=\"title-content flex-col flex-right text-right medium-text-center\">\n        <div class=\"title-breadcrumbs pb-half pt-half\"><nav class=\"woocommerce-breadcrumb breadcrumbs uppercase\">Home<\/nav><\/div>      <\/div>\n    <\/div>\n\n       <\/div>\n    <\/div>\n  \n\n\n<ol>\n<li><a href=\"http:\/\/www.travelatin.com\/infos-pratiques-au-voyages\/destinations-en-bolivie\/potosi-bolivie-2#description-de-potosi\">Description de Potosi<\/a><\/li>\n<li><a href=\"http:\/\/www.travelatin.com\/infos-pratiques-au-voyages\/destinations-en-bolivie\/potosi-bolivie-2#les-attraits-touristiques-de-potosi\">Les attraits touristiques de Potosi<\/a><\/li>\n<\/ol>\n\n\n<p><strong>Description de Potosi<\/strong><\/p>\n\n\n\n<p>Potosi est la ville la plus haute du monde avec ses 4070 m\u00e8tres ! Cette ville de l\u2019Altiplano ne pr\u00e9sente par un grand int\u00e9r\u00eat, sauf si vous souhaitez donc visiter ces mines d\u2019argent. C\u2019est en effet devenu l\u2019attraction num\u00e9ro un du coin, de nombreuses agences locales proposent une visite.<br>Le Cerro Rico (\u00ab Montagne riche \u00bb) est une montagne qui domine la ville du haut de ses 4824 m. C\u2019est une montagne faite de minerai d\u2019argent. D\u00e9j\u00e0 exploit\u00e9e par les peuples pr\u00e9colombiens, les Espagnoles firent de l\u2019extraction de l\u2019argent une v\u00e9ritable industrie qui permit de remplir pendant des si\u00e8cles les caisses de l\u2019Empire. Plus de 30 000 tonnes d\u2019argent furent extraites ici pour \u00eatre envoy\u00e9es directement en Europe, tout ceci sur le dos de millions de morts\u2026<br>Il faut vous imaginer que Potosi fut au XVII \u00e8me si\u00e8cle une des plus grandes villes du monde avec plus de 200 000 habitants, bien plus que Paris ! C\u2019\u00e9tait en fait une des villes les plus importantes au monde du fait de son importance financi\u00e8re pour les colonies espagnoles.<br>Des millions d\u2019Indiens sont morts dans les galeries de la montagne en raison de probl\u00e8mes respiratoires ou d\u2019accidents.<\/p>\n\n\n\n<p><strong>Les attraits touristiques de Potosi<\/strong><\/p>\n\n\n\n<p><strong>Couvent Santa Teresa:<\/strong><\/p>\n\n\n\n<p>La visite du couvent est particuli\u00e8rement conseill\u00e9e en fin d\u2019apr\u00e8s-midi pour ses belles couleurs. Une petite communaut\u00e9 de carm\u00e9lites y vit toujours. Vous d\u00e9couvrirez la vie au couvent et l\u2019histoire de ces familles pour qui c\u2019\u00e9tait un privil\u00e8ge d\u2019avoir une fille dans un couvent. A l\u2019int\u00e9rieur, vous pourrez notamment d\u00e9couvrir des sculptures et tableaux.<\/p>\n\n\n\n<p><strong>Casa de la Moneda:<\/strong><\/p>\n\n\n\n<p>Vous d\u00e9couvrirez la Casa de la Moneda avec nos circuits \u00e0 d\u00e9part fixe en groupe :<\/p>\n\n\n\n<ul class=\"wp-block-list\"><li><a href=\"http:\/\/www.travelatin.com\/circuits-accompagnes-perou-bolivie\/circuits-accompagnes-en-groupe-perou-bolivie-depart-date-fixe-andine\/\">Perou \u2013 Bolivie : Atmosph\u00e8re Andine \u2013 20 Jours <\/a><\/li><\/ul>\n\n\n\n<p>La Casa de la Moneda ou h\u00f4tel des Monnaies fut construit par les espagnols en 1572. Ce b\u00e2timent \u00e9tait destin\u00e9 \u00e0 frapper l\u2019argent provenant directement des mines toutes proches. Vous pouvez maintenant le visiter et d\u00e9couvrir aussi \u00e0 l\u2019int\u00e9rieur de belles collections de peintures religieuses r\u00e9alis\u00e9es par l\u2019\u00e9cole de Potosi.<\/p>\n\n\n\n<p><strong>Mines du Cerro Rico:<\/strong><br>Vous d\u00e9couvrirez les Mines du Cerro Rico avec nos circuits \u00e0 d\u00e9part fixe en groupe :<\/p>\n\n\n\n<ul class=\"wp-block-list\"><li><a href=\"http:\/\/www.travelatin.com\/circuits-accompagnes-perou-bolivie\/circuits-accompagnes-en-groupe-perou-bolivie-depart-date-fixe-andine\/\">Perou \u2013 Bolivie : Atmosph\u00e8re Andine \u2013 20 Jours <\/a><\/li><\/ul>\n\n\n\n<p>De nos jours, l\u2019exploitation de l\u2019argent au Cerro Rico continue encore comme autrefois, mais en bien plus petites quantit\u00e9s et la plupart des mineurs travaillent maintenant pour leur compte ou via une coop\u00e9rative. La plupart des guides de la mine sont d\u2019anciens mineurs qui vous feront d\u00e9couvrir leurs conditions de travail ainsi que leurs coutumes et traditions. En effet, les mineurs v\u00e9n\u00e8rent le \u00ab Tio \u00bb, (figure r\u00e9gnant sur le monde souterrain) et lui donnent en offrandes de feuilles de coca. La visite des mines est possible tous les jours, mais les mineurs ne travaillent pas le dimanche et l\u2019activit\u00e9 est r\u00e9duite les samedis et lundis.<\/p>\n","protected":false},"excerpt":{"rendered":"<p>Description de Potosi Les attraits touristiques de Potosi Description de Potosi Potosi est la ville la plus haute du monde avec ses 4070 m\u00e8tres ! Cette ville de l\u2019Altiplano ne pr\u00e9sente par un grand int\u00e9r\u00eat, sauf si vous souhaitez donc visiter ces mines d\u2019argent. C\u2019est en effet devenu l\u2019attraction num\u00e9ro un du coin, de nombreuses [&#8230;]\n","protected":false},"author":1,"featured_media":0,"parent":684,"menu_order":0,"comment_status":"closed","ping_status":"closed","template":"","meta":{"footnotes":""},"class_list":["post-688","page","type-page","status-publish","hentry"],"yoast_head":"<!-- This site is optimized with the Yoast SEO plugin v23.1 - https:\/\/yoast.com\/wordpress\/plugins\/seo\/ -->\n<title>Potosi - Shop Travelatin<\/title>\n<meta name=\"robots\" content=\"index, follow, max-snippet:-1, max-image-preview:large, max-video-preview:-1\" \/>\n<link rel=\"canonical\" href=\"https:\/\/viajes.travelatin.com\/en\/rumbos-bolivia\/potosi\/\" \/>\n<meta property=\"og:locale\" content=\"en_US\" \/>\n<meta property=\"og:type\" content=\"article\" \/>\n<meta property=\"og:title\" content=\"Potosi - Shop Travelatin\" \/>\n<meta property=\"og:description\" content=\"Description de Potosi Les attraits touristiques de Potosi Description de Potosi Potosi est la ville la plus haute du monde avec ses 4070 m\u00e8tres ! Cette ville de l\u2019Altiplano ne pr\u00e9sente par un grand int\u00e9r\u00eat, sauf si vous souhaitez donc visiter ces mines d\u2019argent. C\u2019est en effet devenu l\u2019attraction num\u00e9ro un du coin, de nombreuses [...]\" \/>\n<meta property=\"og:url\" content=\"https:\/\/viajes.travelatin.com\/en\/rumbos-bolivia\/potosi\/\" \/>\n<meta property=\"og:site_name\" content=\"Shop Travelatin\" \/>\n<meta property=\"article:modified_time\" content=\"2019-03-17T15:34:47+00:00\" \/>\n<meta name=\"twitter:card\" content=\"summary_large_image\" \/>\n<meta name=\"twitter:label1\" content=\"Est. reading time\" \/>\n\t<meta name=\"twitter:data1\" content=\"3 minutes\" \/>\n<script type=\"application\/ld+json\" class=\"yoast-schema-graph\">{\"@context\":\"https:\/\/schema.org\",\"@graph\":[{\"@type\":\"WebPage\",\"@id\":\"https:\/\/viajes.travelatin.com\/en\/rumbos-bolivia\/potosi\/\",\"url\":\"https:\/\/viajes.travelatin.com\/en\/rumbos-bolivia\/potosi\/\",\"name\":\"Potosi - Shop Travelatin\",\"isPartOf\":{\"@id\":\"https:\/\/viajes.travelatin.com\/#website\"},\"datePublished\":\"2019-03-16T23:47:32+00:00\",\"dateModified\":\"2019-03-17T15:34:47+00:00\",\"breadcrumb\":{\"@id\":\"https:\/\/viajes.travelatin.com\/en\/rumbos-bolivia\/potosi\/#breadcrumb\"},\"inLanguage\":\"en-US\",\"potentialAction\":[{\"@type\":\"ReadAction\",\"target\":[\"https:\/\/viajes.travelatin.com\/en\/rumbos-bolivia\/potosi\/\"]}]},{\"@type\":\"BreadcrumbList\",\"@id\":\"https:\/\/viajes.travelatin.com\/en\/rumbos-bolivia\/potosi\/#breadcrumb\",\"itemListElement\":[{\"@type\":\"ListItem\",\"position\":1,\"name\":\"Portada\",\"item\":\"https:\/\/viajes.travelatin.com\/en\/\"},{\"@type\":\"ListItem\",\"position\":2,\"name\":\"Destination Bolivia\",\"item\":\"https:\/\/viajes.travelatin.com\/en\/rumbos-bolivia\/\"},{\"@type\":\"ListItem\",\"position\":3,\"name\":\"Potosi\"}]},{\"@type\":\"WebSite\",\"@id\":\"https:\/\/viajes.travelatin.com\/#website\",\"url\":\"https:\/\/viajes.travelatin.com\/\",\"name\":\"Shop Travelatin\",\"description\":\"Travel Peru\",\"potentialAction\":[{\"@type\":\"SearchAction\",\"target\":{\"@type\":\"EntryPoint\",\"urlTemplate\":\"https:\/\/viajes.travelatin.com\/?s={search_term_string}\"},\"query-input\":\"required name=search_term_string\"}],\"inLanguage\":\"en-US\"}]}<\/script>\n<!-- \/ Yoast SEO plugin. -->","yoast_head_json":{"title":"Potosi - Shop Travelatin","robots":{"index":"index","follow":"follow","max-snippet":"max-snippet:-1","max-image-preview":"max-image-preview:large","max-video-preview":"max-video-preview:-1"},"canonical":"https:\/\/viajes.travelatin.com\/en\/rumbos-bolivia\/potosi\/","og_locale":"en_US","og_type":"article","og_title":"Potosi - Shop Travelatin","og_description":"Description de Potosi Les attraits touristiques de Potosi Description de Potosi Potosi est la ville la plus haute du monde avec ses 4070 m\u00e8tres ! Cette ville de l\u2019Altiplano ne pr\u00e9sente par un grand int\u00e9r\u00eat, sauf si vous souhaitez donc visiter ces mines d\u2019argent. C\u2019est en effet devenu l\u2019attraction num\u00e9ro un du coin, de nombreuses [...]","og_url":"https:\/\/viajes.travelatin.com\/en\/rumbos-bolivia\/potosi\/","og_site_name":"Shop Travelatin","article_modified_time":"2019-03-17T15:34:47+00:00","twitter_card":"summary_large_image","twitter_misc":{"Est. reading time":"3 minutes"},"schema":{"@context":"https:\/\/schema.org","@graph":[{"@type":"WebPage","@id":"https:\/\/viajes.travelatin.com\/en\/rumbos-bolivia\/potosi\/","url":"https:\/\/viajes.travelatin.com\/en\/rumbos-bolivia\/potosi\/","name":"Potosi - Shop Travelatin","isPartOf":{"@id":"https:\/\/viajes.travelatin.com\/#website"},"datePublished":"2019-03-16T23:47:32+00:00","dateModified":"2019-03-17T15:34:47+00:00","breadcrumb":{"@id":"https:\/\/viajes.travelatin.com\/en\/rumbos-bolivia\/potosi\/#breadcrumb"},"inLanguage":"en-US","potentialAction":[{"@type":"ReadAction","target":["https:\/\/viajes.travelatin.com\/en\/rumbos-bolivia\/potosi\/"]}]},{"@type":"BreadcrumbList","@id":"https:\/\/viajes.travelatin.com\/en\/rumbos-bolivia\/potosi\/#breadcrumb","itemListElement":[{"@type":"ListItem","position":1,"name":"Portada","item":"https:\/\/viajes.travelatin.com\/en\/"},{"@type":"ListItem","position":2,"name":"Destination Bolivia","item":"https:\/\/viajes.travelatin.com\/en\/rumbos-bolivia\/"},{"@type":"ListItem","position":3,"name":"Potosi"}]},{"@type":"WebSite","@id":"https:\/\/viajes.travelatin.com\/#website","url":"https:\/\/viajes.travelatin.com\/","name":"Shop Travelatin","description":"Travel Peru","potentialAction":[{"@type":"SearchAction","target":{"@type":"EntryPoint","urlTemplate":"https:\/\/viajes.travelatin.com\/?s={search_term_string}"},"query-input":"required name=search_term_string"}],"inLanguage":"en-US"}]}},"jetpack_sharing_enabled":true,"_links":{"self":[{"href":"https:\/\/viajes.travelatin.com\/en\/wp-json\/wp\/v2\/pages\/688"}],"collection":[{"href":"https:\/\/viajes.travelatin.com\/en\/wp-json\/wp\/v2\/pages"}],"about":[{"href":"https:\/\/viajes.travelatin.com\/en\/wp-json\/wp\/v2\/types\/page"}],"author":[{"embeddable":true,"href":"https:\/\/viajes.travelatin.com\/en\/wp-json\/wp\/v2\/users\/1"}],"replies":[{"embeddable":true,"href":"https:\/\/viajes.travelatin.com\/en\/wp-json\/wp\/v2\/comments?post=688"}],"version-history":[{"count":1,"href":"https:\/\/viajes.travelatin.com\/en\/wp-json\/wp\/v2\/pages\/688\/revisions"}],"predecessor-version":[{"id":689,"href":"https:\/\/viajes.travelatin.com\/en\/wp-json\/wp\/v2\/pages\/688\/revisions\/689"}],"up":[{"embeddable":true,"href":"https:\/\/viajes.travelatin.com\/en\/wp-json\/wp\/v2\/pages\/684"}],"wp:attachment":[{"href":"https:\/\/viajes.travelatin.com\/en\/wp-json\/wp\/v2\/media?parent=688"}],"curies":[{"name":"wp","href":"https:\/\/api.w.org\/{rel}","templated":true}]}}