{"id":690,"date":"2019-03-16T23:40:26","date_gmt":"2019-03-16T23:40:26","guid":{"rendered":"https:\/\/viajes.travelatin.com\/rumbos-bolivia\/sucre\/"},"modified":"2019-03-17T15:36:38","modified_gmt":"2019-03-17T15:36:38","slug":"sucre","status":"publish","type":"page","link":"https:\/\/viajes.travelatin.com\/en\/rumbos-bolivia\/sucre\/","title":{"rendered":"Sucre"},"content":{"rendered":"\n  <div id=\"page-header-142882260\" class=\"page-header-wrapper\">\n  <div class=\"page-title dark featured-title\">\n\n    \n    <div class=\"page-title-inner container align-center flex-row medium-flex-wrap\" >\n              <div class=\"title-wrapper flex-col text-left medium-text-center\">\n          <h1 class=\"entry-title mb-0\">\n            Sucre          <\/h1>\n        <\/div>\n                    <div class=\"title-content flex-col flex-right text-right medium-text-center\">\n        <div class=\"title-breadcrumbs pb-half pt-half\"><nav class=\"woocommerce-breadcrumb breadcrumbs uppercase\">Home<\/nav><\/div>      <\/div>\n    <\/div>\n\n       <\/div>\n    <\/div>\n  \n\n\n<ol>\n<li><a href=\"http:\/\/www.travelatin.com\/infos-pratiques-au-voyages\/destinations-en-bolivie\/sucre-bolivie#description-de-sucre\">Description de Sucre<\/a><\/li>\n<li><a href=\"http:\/\/www.travelatin.com\/infos-pratiques-au-voyages\/destinations-en-bolivie\/sucre-bolivie#les-attraits-touristiques-de-sucre\">Les attraits touristiques de Sucre<\/a><\/li>\n<\/ol>\n\n\n<p><strong>Description de Sucre<\/strong><br>Sucre est la capitale constitutionnelle de la Bolivie, et abrite le si\u00e8ge de la Cour supr\u00eame.<br>Premi\u00e8re capitale de la Bolivie, Sucre fut fond\u00e9e par les Espagnols dans la premi\u00e8re moiti\u00e9 du XVIe si\u00e8cle. Elle poss\u00e8de de nombreux \u00e9difices religieux comme San Lazaro, San Francisco et Santo Domingo qui offrent une image bien conserv\u00e9e de l\u2019alliance architecturale de traditions locales \u00e0 des styles import\u00e9s d\u2019Europe.<br>La Ville historique de Sucre, situ\u00e9e au pied des collines de Sica Sica et Churuquella dans le sud-centre de la Bolivie, est une excellente illustration, intacte et bien conserv\u00e9e, du m\u00e9tissage architectural r\u00e9alis\u00e9 en Am\u00e9rique Latine par l\u2019assimilation des traditions locales et des styles import\u00e9s d\u2019Europe. Fond\u00e9e par les Espagnols en 1538 comme Ciudad de la Plata de la Nueva Toledo (Ville de l\u2019Argent de la Nouvelle Tol\u00e8de) sur les terres de culture autochtone Yampara de la conf\u00e9d\u00e9ration Charcas, La Plata fut longtemps le centre judiciaire, religieux et culturel de la r\u00e9gion. La ville fut renomm\u00e9e en l\u2019honneur du d\u00e9funt leader de l\u2019ind\u00e9pendance Antonio Jos\u00e9 de Sucre en 1839, au moment o\u00f9 elle fut proclam\u00e9e premi\u00e8re capitale de la Bolivie.<\/p>\n\n\n\n<p><strong>Les attraits touristiques de Sucre<\/strong><\/p>\n\n\n\n<p><strong>Plaza 25 de Mayo:<\/strong><br>Vous d\u00e9couvrirez la Plaza 25 de Mayo avec nos circuits \u00e0 d\u00e9part fixe en groupe :<\/p>\n\n\n\n<ul class=\"wp-block-list\"><li><a href=\"http:\/\/www.travelatin.com\/circuits-accompagnes-perou-bolivie\/circuits-accompagnes-en-groupe-perou-bolivie-depart-date-fixe-andine\/\">Perou \u2013 Bolivie : Atmosph\u00e8re Andine \u2013 20 Jours <\/a><\/li><\/ul>\n\n\n\n<p>La place centrale de Sucre est tr\u00e8s agr\u00e9able et reposante. Vous pourrez y voir la Cath\u00e9drale, l\u2019ancien si\u00e8ge du pouvoir bolivien ainsi que la maison de la libert\u00e9 o\u00f9 a \u00e9t\u00e9 sign\u00e9e l\u2019ind\u00e9pendance de la Bolivie!<\/p>\n\n\n\n<p><strong>Couvent La Recoleta :<\/strong><\/p>\n\n\n\n<p>Vous d\u00e9couvrirez le Couvent La Recoleta avec nos circuits \u00e0 d\u00e9part fixe en groupe :<\/p>\n\n\n\n<ul class=\"wp-block-list\"><li><a href=\"http:\/\/www.travelatin.com\/circuits-accompagnes-perou-bolivie\/circuits-accompagnes-en-groupe-perou-bolivie-depart-date-fixe-andine\/\">Perou \u2013 Bolivie : Atmosph\u00e8re Andine \u2013 20 Jours <\/a><\/li><\/ul>\n\n\n\n<p>La Recoleta, couvent mais aussi ancienne prison et ancien mus\u00e9e, est situ\u00e9e sur les hauteurs de la ville. Ce couvent fut construit en 1601 par l\u2019ordre des franciscains. A l\u2019ext\u00e9rieur, vous pourrez voir un c\u00e9l\u00e8bre c\u00e8dre mill\u00e9naire, le seul \u00ab survivant \u00bb de l\u2019esp\u00e8ce qui \u00e9tait tr\u00e8s r\u00e9pandue avant \u00e0 Sucre. L\u2019int\u00e9rieur se visite avec notamment de tr\u00e8s belles sculptures et peintures du 17\u00e8me au 19\u00e8me si\u00e8cle.<\/p>\n\n\n\n<p><strong>Le Convento San Felipe Neri :<\/strong><br>C\u2019est un couvent accoud\u00e9 \u00e0 une \u00e9glise o\u00f9 le patio est magnifique et il est possible de grimper sur le toit de l\u2019\u00e9glise pour b\u00e9n\u00e9ficier d\u2019une superbe vue sur la ciudad blanca!<\/p>\n\n\n\n<p><strong>Le march\u00e9 de Tarabuco (seulement le dimanche) :<\/strong> Ce march\u00e9 traditionnel a perdu son authenticit\u00e9 car il est assailli par les touristes chaque dimanche. On en a quand m\u00eame profit\u00e9 pour s\u2019acheter un bonnet et des gants avant de partir vers le Salar d\u2019Uyuni o\u00f9 il fait (tr\u00e8s) froid!<br>Si vous le pouvez, favoriser la ville de Candelaria qui propose des produits traditionnels et un mus\u00e9e sur le tissage. Les produits sont de qualit\u00e9 et il n\u2019y a pas d\u2019interm\u00e9diaire entre l\u2019acheteur et les artisans!<\/p>\n\n\n\n<p><strong>Casa de la Libertad:<\/strong><br>D\u00e9claration d\u2019ind\u00e9pendance du pays en 1825. Il est alors devenu monument historique et repr\u00e9sente le c\u0153ur du pays. A l\u2019int\u00e9rieur, vous pourrez notamment voir le portrait de Simon Bolivar, le grand lib\u00e9rateur ainsi que la d\u00e9claration d\u2019ind\u00e9pendance.<\/p>\n\n\n\n<p><strong>Crat\u00e8re de Maragua :<\/strong><br>Pour vous promener vers ce crat\u00e8re, vous partirez le matin en 4&#215;4 priv\u00e9 pour le village de Chataquila (3550 m alt.) et sa chapelle abritant la Vierge du m\u00eame nom. Vous descendrez \u00e0 pied par le chemin inca jusqu\u00b4\u00e0 Chaunaca. Vous continuerez ensuite en voiture pour rejoindre l\u00b4int\u00e9rieur du crat\u00e8re de Maragua. Vous pourrez piqueniquer \u00e0 la Grotte Du Diable pour ensuite vous promener dans le crat\u00e8re jusqu\u00b4au hameau de Irupampa. Sur le chemin du retour vers Sucre, vous ferez une halte au Mirador de Maragua d\u00b4o\u00f9 l\u00b4on peut contempler l\u00b4ensemble du crat\u00e8re et au Mirador de Sucre d\u00b4o\u00f9 l\u00b4on domine toute la ville.<\/p>\n","protected":false},"excerpt":{"rendered":"<p>Description de Sucre Les attraits touristiques de Sucre Description de SucreSucre est la capitale constitutionnelle de la Bolivie, et abrite le si\u00e8ge de la Cour supr\u00eame.Premi\u00e8re capitale de la Bolivie, Sucre fut fond\u00e9e par les Espagnols dans la premi\u00e8re moiti\u00e9 du XVIe si\u00e8cle. Elle poss\u00e8de de nombreux \u00e9difices religieux comme San Lazaro, San Francisco et [&#8230;]\n","protected":false},"author":1,"featured_media":0,"parent":684,"menu_order":0,"comment_status":"closed","ping_status":"closed","template":"","meta":{"footnotes":""},"class_list":["post-690","page","type-page","status-publish","hentry"],"yoast_head":"<!-- This site is optimized with the Yoast SEO plugin v23.1 - https:\/\/yoast.com\/wordpress\/plugins\/seo\/ -->\n<title>Sucre - Shop Travelatin<\/title>\n<meta name=\"robots\" content=\"index, follow, max-snippet:-1, max-image-preview:large, max-video-preview:-1\" \/>\n<link rel=\"canonical\" href=\"https:\/\/viajes.travelatin.com\/en\/rumbos-bolivia\/sucre\/\" \/>\n<meta property=\"og:locale\" content=\"en_US\" \/>\n<meta property=\"og:type\" content=\"article\" \/>\n<meta property=\"og:title\" content=\"Sucre - Shop Travelatin\" \/>\n<meta property=\"og:description\" content=\"Description de Sucre Les attraits touristiques de Sucre Description de SucreSucre est la capitale constitutionnelle de la Bolivie, et abrite le si\u00e8ge de la Cour supr\u00eame.Premi\u00e8re capitale de la Bolivie, Sucre fut fond\u00e9e par les Espagnols dans la premi\u00e8re moiti\u00e9 du XVIe si\u00e8cle. Elle poss\u00e8de de nombreux \u00e9difices religieux comme San Lazaro, San Francisco et [...]\" \/>\n<meta property=\"og:url\" content=\"https:\/\/viajes.travelatin.com\/en\/rumbos-bolivia\/sucre\/\" \/>\n<meta property=\"og:site_name\" content=\"Shop Travelatin\" \/>\n<meta property=\"article:modified_time\" content=\"2019-03-17T15:36:38+00:00\" \/>\n<meta name=\"twitter:card\" content=\"summary_large_image\" \/>\n<meta name=\"twitter:label1\" content=\"Est. reading time\" \/>\n\t<meta name=\"twitter:data1\" content=\"4 minutes\" \/>\n<script type=\"application\/ld+json\" class=\"yoast-schema-graph\">{\"@context\":\"https:\/\/schema.org\",\"@graph\":[{\"@type\":\"WebPage\",\"@id\":\"https:\/\/viajes.travelatin.com\/en\/rumbos-bolivia\/sucre\/\",\"url\":\"https:\/\/viajes.travelatin.com\/en\/rumbos-bolivia\/sucre\/\",\"name\":\"Sucre - Shop Travelatin\",\"isPartOf\":{\"@id\":\"https:\/\/viajes.travelatin.com\/#website\"},\"datePublished\":\"2019-03-16T23:40:26+00:00\",\"dateModified\":\"2019-03-17T15:36:38+00:00\",\"breadcrumb\":{\"@id\":\"https:\/\/viajes.travelatin.com\/en\/rumbos-bolivia\/sucre\/#breadcrumb\"},\"inLanguage\":\"en-US\",\"potentialAction\":[{\"@type\":\"ReadAction\",\"target\":[\"https:\/\/viajes.travelatin.com\/en\/rumbos-bolivia\/sucre\/\"]}]},{\"@type\":\"BreadcrumbList\",\"@id\":\"https:\/\/viajes.travelatin.com\/en\/rumbos-bolivia\/sucre\/#breadcrumb\",\"itemListElement\":[{\"@type\":\"ListItem\",\"position\":1,\"name\":\"Portada\",\"item\":\"https:\/\/viajes.travelatin.com\/en\/\"},{\"@type\":\"ListItem\",\"position\":2,\"name\":\"Destination Bolivia\",\"item\":\"https:\/\/viajes.travelatin.com\/en\/rumbos-bolivia\/\"},{\"@type\":\"ListItem\",\"position\":3,\"name\":\"Sucre\"}]},{\"@type\":\"WebSite\",\"@id\":\"https:\/\/viajes.travelatin.com\/#website\",\"url\":\"https:\/\/viajes.travelatin.com\/\",\"name\":\"Shop Travelatin\",\"description\":\"Travel Peru\",\"potentialAction\":[{\"@type\":\"SearchAction\",\"target\":{\"@type\":\"EntryPoint\",\"urlTemplate\":\"https:\/\/viajes.travelatin.com\/?s={search_term_string}\"},\"query-input\":\"required name=search_term_string\"}],\"inLanguage\":\"en-US\"}]}<\/script>\n<!-- \/ Yoast SEO plugin. -->","yoast_head_json":{"title":"Sucre - Shop Travelatin","robots":{"index":"index","follow":"follow","max-snippet":"max-snippet:-1","max-image-preview":"max-image-preview:large","max-video-preview":"max-video-preview:-1"},"canonical":"https:\/\/viajes.travelatin.com\/en\/rumbos-bolivia\/sucre\/","og_locale":"en_US","og_type":"article","og_title":"Sucre - Shop Travelatin","og_description":"Description de Sucre Les attraits touristiques de Sucre Description de SucreSucre est la capitale constitutionnelle de la Bolivie, et abrite le si\u00e8ge de la Cour supr\u00eame.Premi\u00e8re capitale de la Bolivie, Sucre fut fond\u00e9e par les Espagnols dans la premi\u00e8re moiti\u00e9 du XVIe si\u00e8cle. Elle poss\u00e8de de nombreux \u00e9difices religieux comme San Lazaro, San Francisco et [...]","og_url":"https:\/\/viajes.travelatin.com\/en\/rumbos-bolivia\/sucre\/","og_site_name":"Shop Travelatin","article_modified_time":"2019-03-17T15:36:38+00:00","twitter_card":"summary_large_image","twitter_misc":{"Est. reading time":"4 minutes"},"schema":{"@context":"https:\/\/schema.org","@graph":[{"@type":"WebPage","@id":"https:\/\/viajes.travelatin.com\/en\/rumbos-bolivia\/sucre\/","url":"https:\/\/viajes.travelatin.com\/en\/rumbos-bolivia\/sucre\/","name":"Sucre - Shop Travelatin","isPartOf":{"@id":"https:\/\/viajes.travelatin.com\/#website"},"datePublished":"2019-03-16T23:40:26+00:00","dateModified":"2019-03-17T15:36:38+00:00","breadcrumb":{"@id":"https:\/\/viajes.travelatin.com\/en\/rumbos-bolivia\/sucre\/#breadcrumb"},"inLanguage":"en-US","potentialAction":[{"@type":"ReadAction","target":["https:\/\/viajes.travelatin.com\/en\/rumbos-bolivia\/sucre\/"]}]},{"@type":"BreadcrumbList","@id":"https:\/\/viajes.travelatin.com\/en\/rumbos-bolivia\/sucre\/#breadcrumb","itemListElement":[{"@type":"ListItem","position":1,"name":"Portada","item":"https:\/\/viajes.travelatin.com\/en\/"},{"@type":"ListItem","position":2,"name":"Destination Bolivia","item":"https:\/\/viajes.travelatin.com\/en\/rumbos-bolivia\/"},{"@type":"ListItem","position":3,"name":"Sucre"}]},{"@type":"WebSite","@id":"https:\/\/viajes.travelatin.com\/#website","url":"https:\/\/viajes.travelatin.com\/","name":"Shop Travelatin","description":"Travel Peru","potentialAction":[{"@type":"SearchAction","target":{"@type":"EntryPoint","urlTemplate":"https:\/\/viajes.travelatin.com\/?s={search_term_string}"},"query-input":"required name=search_term_string"}],"inLanguage":"en-US"}]}},"jetpack_sharing_enabled":true,"_links":{"self":[{"href":"https:\/\/viajes.travelatin.com\/en\/wp-json\/wp\/v2\/pages\/690"}],"collection":[{"href":"https:\/\/viajes.travelatin.com\/en\/wp-json\/wp\/v2\/pages"}],"about":[{"href":"https:\/\/viajes.travelatin.com\/en\/wp-json\/wp\/v2\/types\/page"}],"author":[{"embeddable":true,"href":"https:\/\/viajes.travelatin.com\/en\/wp-json\/wp\/v2\/users\/1"}],"replies":[{"embeddable":true,"href":"https:\/\/viajes.travelatin.com\/en\/wp-json\/wp\/v2\/comments?post=690"}],"version-history":[{"count":1,"href":"https:\/\/viajes.travelatin.com\/en\/wp-json\/wp\/v2\/pages\/690\/revisions"}],"predecessor-version":[{"id":691,"href":"https:\/\/viajes.travelatin.com\/en\/wp-json\/wp\/v2\/pages\/690\/revisions\/691"}],"up":[{"embeddable":true,"href":"https:\/\/viajes.travelatin.com\/en\/wp-json\/wp\/v2\/pages\/684"}],"wp:attachment":[{"href":"https:\/\/viajes.travelatin.com\/en\/wp-json\/wp\/v2\/media?parent=690"}],"curies":[{"name":"wp","href":"https:\/\/api.w.org\/{rel}","templated":true}]}}