{"id":692,"date":"2019-03-16T23:37:02","date_gmt":"2019-03-16T23:37:02","guid":{"rendered":"https:\/\/viajes.travelatin.com\/rumbos-bolivia\/la-paz\/"},"modified":"2019-03-17T15:38:29","modified_gmt":"2019-03-17T15:38:29","slug":"la-paz","status":"publish","type":"page","link":"https:\/\/viajes.travelatin.com\/en\/rumbos-bolivia\/la-paz\/","title":{"rendered":"La Paz"},"content":{"rendered":"\n  <div id=\"page-header-721007110\" class=\"page-header-wrapper\">\n  <div class=\"page-title dark featured-title\">\n\n    \n    <div class=\"page-title-inner container align-center flex-row medium-flex-wrap\" >\n              <div class=\"title-wrapper flex-col text-left medium-text-center\">\n          <h1 class=\"entry-title mb-0\">\n            La Paz          <\/h1>\n        <\/div>\n                    <div class=\"title-content flex-col flex-right text-right medium-text-center\">\n        <div class=\"title-breadcrumbs pb-half pt-half\"><nav class=\"woocommerce-breadcrumb breadcrumbs uppercase\">Home<\/nav><\/div>      <\/div>\n    <\/div>\n\n       <\/div>\n    <\/div>\n  \n\n\n<p>La Paz, plus haute capitale du monde<\/p>\n<ol>\n<li><a href=\"http:\/\/www.travelatin.com\/infos-pratiques-au-voyages\/destinations-en-bolivie\/la-paz-capitale-bolivie#description-de-la-paz\">Description de La Paz<\/a><\/li>\n<li><a href=\"http:\/\/www.travelatin.com\/infos-pratiques-au-voyages\/destinations-en-bolivie\/la-paz-capitale-bolivie#les-attraits-touristiques-de-la-paz\">Les attraits touristiques de La Paz<\/a><\/li>\n<li><a href=\"http:\/\/www.travelatin.com\/infos-pratiques-au-voyages\/destinations-en-bolivie\/la-paz-capitale-bolivie#les-attraits-touristiques-dans-les-environs-de-la-paz\">Les attraits touristiques dans les environs de La Paz<\/a><\/li>\n<li><a href=\"http:\/\/www.travelatin.com\/infos-pratiques-au-voyages\/destinations-en-bolivie\/la-paz-capitale-bolivie#moyen-d-acces\">Moyen d\u2019acc\u00e8s<\/a><\/li>\n<\/ol>\n\n\n<p><strong>Description de La Paz<\/strong><\/p>\n\n\n\n<p>Reprenez votre souffle ! Vous \u00eates \u00e0 La Paz, capitale la plus haute du monde, \u00e9tablie entre 3200 et 4 000 m d&#8217;altitude. En arrivant de l&#8217;Altiplano \u00e0 La Paz, on d\u00e9couvre brusquement, au pied des majestueux sommets des Andes dont les cimes enneig\u00e9es culminent \u00e0 plus de 6 000 m, l&#8217;\u00e9norme cuvette abritant cette m\u00e9tropole grouillante de plus d&#8217;un million et demi d&#8217;\u00e2mes. Cit\u00e9 indienne, La Paz est aujourd&#8217;hui indiscutablement la capitale du pays : si\u00e8ge du gouvernement, des assembl\u00e9es, de l&#8217;\u00e9glise, de la vie culturelle. Le voyageur d\u00e9couvrira aujourd&#8217;hui une ville intrigante o\u00f9 s&#8217;entrem\u00ealent, dans un rapport dont l&#8217;harmonie est souvent absente, le moderne et l&#8217;ancestral, l&#8217;occidental et l&#8217;autochtone, l&#8217;hispanique et l&#8217;indig\u00e8ne.<br>La Paz, ville \u00e9minemment m\u00e9tiss\u00e9e et contrast\u00e9e, est en cela le parfait \u00e9chantillon d&#8217;un pays tout entier. Du quartier des march\u00e9s, bariol\u00e9 de couleurs et rempli d&#8217;odeurs, on traverse quelques rues pour se retrouver au c\u0153ur du quartier historique, devenu centre d&#8217;affaires. Deux mondes indiff\u00e9rents l&#8217;un \u00e0 l&#8217;autre, qui coexistent \u00e0 200 m\u00e8tres de distance et dont le seul point commun est le chaos permanent et bruyant qui les caract\u00e9rise.<\/p>\n\n\n\n<p><strong>Les attraits touristiques de La Paz<\/strong><\/p>\n\n\n\n<p><strong>Rue Sag\u00e1rnaga:<\/strong><\/p>\n\n\n\n<p>Vous d\u00e9couvrirez la rue Sag\u00e1rnaga avec nos circuits \u00e0 d\u00e9part fixe en groupe:<\/p>\n\n\n\n<ul class=\"wp-block-list\"><li><a href=\"http:\/\/www.travelatin.com\/circuits-accompagnes-perou-bolivie\/circuits-accompagnes-en-groupe-perou-bolivie-depart-date-fixe-andine\/\">Perou \u2013 Bolivie : Atmosph\u00e8re Andine \u2013 20 Jours <\/a><\/li><\/ul>\n\n\n\n<p>La rue Sagargana est la rue principale du quartier touristique de la ville. Vous y trouverez de nombreuses auberges, des restaurants ainsi que de nombreux souvenirs. On y trouve \u00e9galement des petits squelettes d&#8217;animaux qui sont cens\u00e9s prot\u00e9ger du mal. Le quartier est color\u00e9, les prix sont g\u00e9n\u00e9ralement bas et on y trouve beaucoup de richesses artisanales boliviennes. Si vous \u00eates dans le coin je vous invite \u00e0 vous rendre aux march\u00e9s des sorci\u00e8res o\u00f9 vous trouverez de nombreuses similaires \u00e0 la calle Sagarnaga.<\/p>\n\n\n\n<p><strong>March\u00e9 des sorci\u00e8res<\/strong><br>Vous d\u00e9couvrirez le March\u00e9 des sorci\u00e8res avec nos circuits \u00e0 d\u00e9part fixe en groupe :<\/p>\n\n\n\n<ul class=\"wp-block-list\"><li><a href=\"http:\/\/www.travelatin.com\/circuits-accompagnes-perou-bolivie\/circuits-accompagnes-en-groupe-perou-bolivie-depart-date-fixe-andine\/\">Perou \u2013 Bolivie : Atmosph\u00e8re Andine \u2013 20 Jours <\/a><\/li><\/ul>\n\n\n\n<p>Parmi les nombreux march\u00e9s que compte La Paz, voici le plus intriguant. Les \u00e9tals rivalisent de produits insolites, en majorit\u00e9s destin\u00e9s aux rituels et aux traditions aymaras, l&#8217;une des principales populations am\u00e9rindiennes. On y rencontre \u00e9galement des \u201csorci\u00e8res\u201d, en r\u00e9alit\u00e9 des diseuses de bonne aventure<\/p>\n\n\n\n<p><strong>Basilique San Francisco:<\/strong><br>Situ\u00e9e sur la Place des Armes ; construite en 1560 et termin\u00e9e en 1669, elle est d\u2019influence gothique, baroque et de la renaissance mani\u00e9riste. \u00c0 l&#8217;int\u00e9rieur, vous pourrez admirer une chaire taill\u00e9e dans le bois ainsi que les impressionnants si\u00e8ges du ch\u0153ur. En outre, la Cath\u00e9drale renferme une collection de toiles de peintres de l&#8217;\u00e9cole de Cuzco ainsi que de belles pi\u00e8ces d&#8217;orf\u00e8vrerie.<\/p>\n\n\n\n<p><strong>Vall\u00e9e de la Lune :<\/strong><br>La vall\u00e9e de la Lune, \u00e0 environ 10 km du centre de La Paz, est un d\u00e9dale de canyons et de formations rocheuses \u00e9tranges compos\u00e9es d\u2019argile et qui se sont form\u00e9es gr\u00e2ce \u00e0 l\u2019\u00e9rosion due au vent et aux fortes pluies. Ce qui en reste est un paysage irr\u00e9el de pics de diff\u00e9rentes couleurs selon les min\u00e9raux qu\u2019ils contiennent.<\/p>\n\n\n\n<p><strong>Le Prado :<\/strong><br>Le Prado est l&#8217;avenue principale de La Paz passant travs de la ville, et il a chang\u00e9 de nom plusieurs fois: Autopista El Alto, Ismael Montes Av, Av Juillet 16, Av Villazn, mais souvent appel\u00e9 El Prado. Dans cette avenue, il y a de nombreux monuments comme l&#8217;\u00e9glise de San Francisco. C\u2019est aussi un centre anim\u00e9 avec de nombreux restaurants.<\/p>\n\n\n\n<p><strong>Les attraits touristiques dans les environs de La Paz<\/strong><\/p>\n\n\n\n<p><strong>Tiahuanaco:<\/strong><br>Tiahuanaco est une petite ville bolivienne situ\u00e9e pr\u00e8s de la fronti\u00e8re p\u00e9ruvienne, aux abords du lac Titicaca, \u00e0 plus de 3800 m\u00e8tres d&#8217;altitude, \u00e0 environ 70 km de La Paz.<br>On y trouve un des sites arch\u00e9ologiques les plus c\u00e9l\u00e8bres du monde : les ruines monumentales de la civilisation pr\u00e9colombienne de Tiwanaku.<br>Des pierres du site pr\u00e9colombien ont servi \u00e0 l&#8217;\u00e9dification de l&#8217;\u00e9glise de style colonial de San Pedro de Tiahuanaco.<\/p>\n\n\n\n<p><strong>Copacabana :<\/strong><br>Copacabana (3800 m d&#8217;altitude), c&#8217;est une petite ville tr\u00e8s touristique (mais tr\u00e8s agr\u00e9able) \u00e0 quelques kilom\u00e8tres de la fronti\u00e8re avec le P\u00e9rou. On peut rapidement grimper l&#8217;une des deux collines qui l&#8217;entoure pour appr\u00e9cier une tr\u00e8s jolie vue et le coucher du soleil. Un bien bel endroit pour y poser ses pieds.<\/p>\n\n\n\n<p><strong>Isla del sol :<\/strong><br>L&#8217;\u00eele du Soleil se trouve sur la partie bolivienne du Lac Titicaca, au large de Copacabana. Cette \u00eele de 9,6 kilom\u00e8tres de long sur 4,6 kilom\u00e8tres de large est la plus grande du lac.<br>Le nom d&#8217;origine de cette \u00eele est Titikaka ou &#8220;Titi Khar&#8217;ka&#8221; qui en quechua signifie le &#8220;Rocher du Puma&#8221;, lieu qui a donn\u00e9 par la suite son nom au lac.<br>L&#8217;\u00eele abritait \u00e0 l&#8217;\u00e9poque des Incas un sanctuaire o\u00f9 les Vierges du Soleil rendaient hommage \u00e0 Inti, le Dieu du Soleil.<\/p>\n\n\n\n<p>L&#8217;\u00cele du Soleil conserve quelques vestiges de cette p\u00e9riode Inca. Vous y d\u00e9couvrirez les ruines du Palais de Pilkokaina, un \u00e9difice de deux \u00e9tages au sud de l&#8217;\u00eele dont la construction fut ordonn\u00e9e par Tupac Yupanqui.<br>Beaucoup racontent que l&#8217;Or des Incas aurait \u00e9t\u00e9 cach\u00e9 dans l&#8217;\u00eele du Soleil ou jet\u00e9 dans le lac Titicaca pendant la conqu\u00eate espagnole. Le Commandant Cousteau y fit m\u00eame des recherches mais rien n&#8217;y fut trouv\u00e9.<\/p>\n\n\n\n<p><strong>Moyen d\u2019acc\u00e8s<\/strong><\/p>\n\n\n\n<p>La fa\u00e7on la plus simple d&#8217;aller \u00e0 La Paz est par avion depuis de grands a\u00e9roports internationaux. Mais attention \u00e0 l&#8217;altitude, car arriver \u00e0 4 000 m est une \u00e9preuve que certains ont du mal \u00e0 encaisser. Il ne faut pas h\u00e9siter \u00e0 descendre tout de suite vers 2 500 m d&#8217;altitude pour s&#8217;acclimater quelques jours.<\/p>\n","protected":false},"excerpt":{"rendered":"<p>La Paz, plus haute capitale du monde Description de La Paz Les attraits touristiques de La Paz Les attraits touristiques dans les environs de La Paz Moyen d\u2019acc\u00e8s Description de La Paz Reprenez votre souffle ! Vous \u00eates \u00e0 La Paz, capitale la plus haute du monde, \u00e9tablie entre 3200 et 4 000 m d&#8217;altitude. [&#8230;]\n","protected":false},"author":1,"featured_media":0,"parent":684,"menu_order":0,"comment_status":"closed","ping_status":"closed","template":"","meta":{"footnotes":""},"class_list":["post-692","page","type-page","status-publish","hentry"],"yoast_head":"<!-- This site is optimized with the Yoast SEO plugin v23.1 - https:\/\/yoast.com\/wordpress\/plugins\/seo\/ -->\n<title>La Paz - Shop Travelatin<\/title>\n<meta name=\"robots\" content=\"index, follow, max-snippet:-1, max-image-preview:large, max-video-preview:-1\" \/>\n<link rel=\"canonical\" href=\"https:\/\/viajes.travelatin.com\/en\/rumbos-bolivia\/la-paz\/\" \/>\n<meta property=\"og:locale\" content=\"en_US\" \/>\n<meta property=\"og:type\" content=\"article\" \/>\n<meta property=\"og:title\" content=\"La Paz - Shop Travelatin\" \/>\n<meta property=\"og:description\" content=\"La Paz, plus haute capitale du monde Description de La Paz Les attraits touristiques de La Paz Les attraits touristiques dans les environs de La Paz Moyen d\u2019acc\u00e8s Description de La Paz Reprenez votre souffle ! Vous \u00eates \u00e0 La Paz, capitale la plus haute du monde, \u00e9tablie entre 3200 et 4 000 m d&#8217;altitude. [...]\" \/>\n<meta property=\"og:url\" content=\"https:\/\/viajes.travelatin.com\/en\/rumbos-bolivia\/la-paz\/\" \/>\n<meta property=\"og:site_name\" content=\"Shop Travelatin\" \/>\n<meta property=\"article:modified_time\" content=\"2019-03-17T15:38:29+00:00\" \/>\n<meta name=\"twitter:card\" content=\"summary_large_image\" \/>\n<meta name=\"twitter:label1\" content=\"Est. reading time\" \/>\n\t<meta name=\"twitter:data1\" content=\"5 minutes\" \/>\n<script type=\"application\/ld+json\" class=\"yoast-schema-graph\">{\"@context\":\"https:\/\/schema.org\",\"@graph\":[{\"@type\":\"WebPage\",\"@id\":\"https:\/\/viajes.travelatin.com\/en\/rumbos-bolivia\/la-paz\/\",\"url\":\"https:\/\/viajes.travelatin.com\/en\/rumbos-bolivia\/la-paz\/\",\"name\":\"La Paz - Shop Travelatin\",\"isPartOf\":{\"@id\":\"https:\/\/viajes.travelatin.com\/#website\"},\"datePublished\":\"2019-03-16T23:37:02+00:00\",\"dateModified\":\"2019-03-17T15:38:29+00:00\",\"breadcrumb\":{\"@id\":\"https:\/\/viajes.travelatin.com\/en\/rumbos-bolivia\/la-paz\/#breadcrumb\"},\"inLanguage\":\"en-US\",\"potentialAction\":[{\"@type\":\"ReadAction\",\"target\":[\"https:\/\/viajes.travelatin.com\/en\/rumbos-bolivia\/la-paz\/\"]}]},{\"@type\":\"BreadcrumbList\",\"@id\":\"https:\/\/viajes.travelatin.com\/en\/rumbos-bolivia\/la-paz\/#breadcrumb\",\"itemListElement\":[{\"@type\":\"ListItem\",\"position\":1,\"name\":\"Portada\",\"item\":\"https:\/\/viajes.travelatin.com\/en\/\"},{\"@type\":\"ListItem\",\"position\":2,\"name\":\"Destination Bolivia\",\"item\":\"https:\/\/viajes.travelatin.com\/en\/rumbos-bolivia\/\"},{\"@type\":\"ListItem\",\"position\":3,\"name\":\"La Paz\"}]},{\"@type\":\"WebSite\",\"@id\":\"https:\/\/viajes.travelatin.com\/#website\",\"url\":\"https:\/\/viajes.travelatin.com\/\",\"name\":\"Shop Travelatin\",\"description\":\"Travel Peru\",\"potentialAction\":[{\"@type\":\"SearchAction\",\"target\":{\"@type\":\"EntryPoint\",\"urlTemplate\":\"https:\/\/viajes.travelatin.com\/?s={search_term_string}\"},\"query-input\":\"required name=search_term_string\"}],\"inLanguage\":\"en-US\"}]}<\/script>\n<!-- \/ Yoast SEO plugin. -->","yoast_head_json":{"title":"La Paz - Shop Travelatin","robots":{"index":"index","follow":"follow","max-snippet":"max-snippet:-1","max-image-preview":"max-image-preview:large","max-video-preview":"max-video-preview:-1"},"canonical":"https:\/\/viajes.travelatin.com\/en\/rumbos-bolivia\/la-paz\/","og_locale":"en_US","og_type":"article","og_title":"La Paz - Shop Travelatin","og_description":"La Paz, plus haute capitale du monde Description de La Paz Les attraits touristiques de La Paz Les attraits touristiques dans les environs de La Paz Moyen d\u2019acc\u00e8s Description de La Paz Reprenez votre souffle ! Vous \u00eates \u00e0 La Paz, capitale la plus haute du monde, \u00e9tablie entre 3200 et 4 000 m d&#8217;altitude. [...]","og_url":"https:\/\/viajes.travelatin.com\/en\/rumbos-bolivia\/la-paz\/","og_site_name":"Shop Travelatin","article_modified_time":"2019-03-17T15:38:29+00:00","twitter_card":"summary_large_image","twitter_misc":{"Est. reading time":"5 minutes"},"schema":{"@context":"https:\/\/schema.org","@graph":[{"@type":"WebPage","@id":"https:\/\/viajes.travelatin.com\/en\/rumbos-bolivia\/la-paz\/","url":"https:\/\/viajes.travelatin.com\/en\/rumbos-bolivia\/la-paz\/","name":"La Paz - Shop Travelatin","isPartOf":{"@id":"https:\/\/viajes.travelatin.com\/#website"},"datePublished":"2019-03-16T23:37:02+00:00","dateModified":"2019-03-17T15:38:29+00:00","breadcrumb":{"@id":"https:\/\/viajes.travelatin.com\/en\/rumbos-bolivia\/la-paz\/#breadcrumb"},"inLanguage":"en-US","potentialAction":[{"@type":"ReadAction","target":["https:\/\/viajes.travelatin.com\/en\/rumbos-bolivia\/la-paz\/"]}]},{"@type":"BreadcrumbList","@id":"https:\/\/viajes.travelatin.com\/en\/rumbos-bolivia\/la-paz\/#breadcrumb","itemListElement":[{"@type":"ListItem","position":1,"name":"Portada","item":"https:\/\/viajes.travelatin.com\/en\/"},{"@type":"ListItem","position":2,"name":"Destination Bolivia","item":"https:\/\/viajes.travelatin.com\/en\/rumbos-bolivia\/"},{"@type":"ListItem","position":3,"name":"La Paz"}]},{"@type":"WebSite","@id":"https:\/\/viajes.travelatin.com\/#website","url":"https:\/\/viajes.travelatin.com\/","name":"Shop Travelatin","description":"Travel Peru","potentialAction":[{"@type":"SearchAction","target":{"@type":"EntryPoint","urlTemplate":"https:\/\/viajes.travelatin.com\/?s={search_term_string}"},"query-input":"required name=search_term_string"}],"inLanguage":"en-US"}]}},"jetpack_sharing_enabled":true,"_links":{"self":[{"href":"https:\/\/viajes.travelatin.com\/en\/wp-json\/wp\/v2\/pages\/692"}],"collection":[{"href":"https:\/\/viajes.travelatin.com\/en\/wp-json\/wp\/v2\/pages"}],"about":[{"href":"https:\/\/viajes.travelatin.com\/en\/wp-json\/wp\/v2\/types\/page"}],"author":[{"embeddable":true,"href":"https:\/\/viajes.travelatin.com\/en\/wp-json\/wp\/v2\/users\/1"}],"replies":[{"embeddable":true,"href":"https:\/\/viajes.travelatin.com\/en\/wp-json\/wp\/v2\/comments?post=692"}],"version-history":[{"count":1,"href":"https:\/\/viajes.travelatin.com\/en\/wp-json\/wp\/v2\/pages\/692\/revisions"}],"predecessor-version":[{"id":693,"href":"https:\/\/viajes.travelatin.com\/en\/wp-json\/wp\/v2\/pages\/692\/revisions\/693"}],"up":[{"embeddable":true,"href":"https:\/\/viajes.travelatin.com\/en\/wp-json\/wp\/v2\/pages\/684"}],"wp:attachment":[{"href":"https:\/\/viajes.travelatin.com\/en\/wp-json\/wp\/v2\/media?parent=692"}],"curies":[{"name":"wp","href":"https:\/\/api.w.org\/{rel}","templated":true}]}}